{"id":23,"date":"2024-06-18T16:14:18","date_gmt":"2024-06-18T19:14:18","guid":{"rendered":"https:\/\/www.unisantos.br\/congressodesaude2024\/?page_id=23"},"modified":"2024-09-04T11:37:02","modified_gmt":"2024-09-04T14:37:02","slug":"sobre","status":"publish","type":"page","link":"https:\/\/www.unisantos.br\/congressodesaude2024\/sobre\/","title":{"rendered":"Sobre"},"content":{"rendered":"<h2>V Congresso Multidisciplinar de Sa\u00fade<\/h2>\n<h2>ODS e Equidade na Universaliza\u00e7\u00e3o da Sa\u00fade<\/h2>\n<p>&nbsp;<\/p>\n<p><strong>DATA<\/strong><br \/>\n07 a 10\/10\/2024<\/p>\n<p><strong>LOCAL<\/strong><br \/>\nUniversidade Cat\u00f3lica de Santos<br \/>\nCampus Dom Id\u00edlio Jos\u00e9 Soares<br \/>\nAv. Conselheiro N\u00e9bias, 300 \u2013 Vila Mathias, Santos \u2013 SP<\/p>\n<p><strong>CONTATO<\/strong><br \/>\n(013) 3205-5555<br \/>\ncoord.congressosaude@unisantos.br<\/p>\n","protected":false},"excerpt":{"rendered":"<p>V Congresso Multidisciplinar de Sa\u00fade ODS e Equidade na Universaliza\u00e7\u00e3o da Sa\u00fade &nbsp; DATA 07 a 10\/10\/2024 LOCAL Universidade Cat\u00f3lica de Santos Campus Dom Id\u00edlio Jos\u00e9 Soares Av. Conselheiro N\u00e9bias, 300 \u2013 Vila Mathias, Santos \u2013 SP CONTATO (013) 3205-5555 coord.congressosaude@unisantos.br<\/p>\n","protected":false},"author":1,"featured_media":0,"parent":0,"menu_order":0,"comment_status":"closed","ping_status":"closed","template":"","meta":{"footnotes":""},"_links":{"self":[{"href":"https:\/\/www.unisantos.br\/congressodesaude2024\/wp-json\/wp\/v2\/pages\/23"}],"collection":[{"href":"https:\/\/www.unisantos.br\/congressodesaude2024\/wp-json\/wp\/v2\/pages"}],"about":[{"href":"https:\/\/www.unisantos.br\/congressodesaude2024\/wp-json\/wp\/v2\/types\/page"}],"author":[{"embeddable":true,"href":"https:\/\/www.unisantos.br\/congressodesaude2024\/wp-json\/wp\/v2\/users\/1"}],"replies":[{"embeddable":true,"href":"https:\/\/www.unisantos.br\/congressodesaude2024\/wp-json\/wp\/v2\/comments?post=23"}],"version-history":[{"count":5,"href":"https:\/\/www.unisantos.br\/congressodesaude2024\/wp-json\/wp\/v2\/pages\/23\/revisions"}],"predecessor-version":[{"id":116,"href":"https:\/\/www.unisantos.br\/congressodesaude2024\/wp-json\/wp\/v2\/pages\/23\/revisions\/116"}],"wp:attachment":[{"href":"https:\/\/www.unisantos.br\/congressodesaude2024\/wp-json\/wp\/v2\/media?parent=23"}],"curies":[{"name":"wp","href":"https:\/\/api.w.org\/{rel}","templated":true}]}}