{"id":108,"date":"2024-09-04T11:12:58","date_gmt":"2024-09-04T14:12:58","guid":{"rendered":"https:\/\/www.unisantos.br\/congressodesaude2024\/?page_id=108"},"modified":"2024-09-04T11:15:03","modified_gmt":"2024-09-04T14:15:03","slug":"comissao-organizadora","status":"publish","type":"page","link":"https:\/\/www.unisantos.br\/congressodesaude2024\/comissao-organizadora\/","title":{"rendered":"Comiss\u00e3o Organizadora"},"content":{"rendered":"<p><strong>Presidente:<\/strong> Prof\u00aa. Dr\u00aa. Lourdes Concei\u00e7\u00e3o Martins &#8211; UNISANTOS<br \/>\n<strong>Vice-Presidente:<\/strong> Prof\u00aa. Dr\u00aa. Luzana Mackevicius Bernardes &#8211; UNISANTOS<\/p>\n<p>Prof\u00aa. Dr\u00aa. Ankilma do Nascimento Feitosa &#8211; Centro Universit\u00e1rio Santa Maria<br \/>\nProf. Dr. Assuc\u00eanio Chissaque &#8211; INS Mo\u00e7ambique &#8211; Instituto Nacional de Sa\u00fade<br \/>\nProf. Dr. Josu\u00e9 Souza Gleriano \u2013 UNEMAT &#8211; Universidade Estadual de Mato Grosso<br \/>\nProf\u00aa. Me. Lilian Matheus Marques &#8211; UNISANTOS<br \/>\nProf. Dr. Ramiro Andr\u00e9s Fernandez Unsain &#8211; UNISANTOS<br \/>\nProf. Dr. Thiago Dipp \u2013 UNISINOS &#8211; Universidade do Vale do Rio dos Sinos<br \/>\nProf\u00aa. Dr\u00aa. Ysabely de Aguiar Pontes Pamplona &#8211; UNISANTOS<\/p>\n","protected":false},"excerpt":{"rendered":"<p>Presidente: Prof\u00aa. Dr\u00aa. Lourdes Concei\u00e7\u00e3o Martins &#8211; UNISANTOS Vice-Presidente: Prof\u00aa. Dr\u00aa. Luzana Mackevicius Bernardes &#8211; UNISANTOS Prof\u00aa. Dr\u00aa. Ankilma do Nascimento Feitosa &#8211; Centro Universit\u00e1rio Santa Maria Prof. Dr. Assuc\u00eanio Chissaque &#8211; INS Mo\u00e7ambique &#8211; Instituto Nacional de Sa\u00fade Prof. Dr. Josu\u00e9 Souza Gleriano \u2013 UNEMAT &#8211; Universidade Estadual de Mato Grosso Prof\u00aa. Me. Lilian [&hellip;]<\/p>\n","protected":false},"author":1,"featured_media":0,"parent":0,"menu_order":0,"comment_status":"closed","ping_status":"closed","template":"","meta":{"footnotes":""},"_links":{"self":[{"href":"https:\/\/www.unisantos.br\/congressodesaude2024\/wp-json\/wp\/v2\/pages\/108"}],"collection":[{"href":"https:\/\/www.unisantos.br\/congressodesaude2024\/wp-json\/wp\/v2\/pages"}],"about":[{"href":"https:\/\/www.unisantos.br\/congressodesaude2024\/wp-json\/wp\/v2\/types\/page"}],"author":[{"embeddable":true,"href":"https:\/\/www.unisantos.br\/congressodesaude2024\/wp-json\/wp\/v2\/users\/1"}],"replies":[{"embeddable":true,"href":"https:\/\/www.unisantos.br\/congressodesaude2024\/wp-json\/wp\/v2\/comments?post=108"}],"version-history":[{"count":2,"href":"https:\/\/www.unisantos.br\/congressodesaude2024\/wp-json\/wp\/v2\/pages\/108\/revisions"}],"predecessor-version":[{"id":111,"href":"https:\/\/www.unisantos.br\/congressodesaude2024\/wp-json\/wp\/v2\/pages\/108\/revisions\/111"}],"wp:attachment":[{"href":"https:\/\/www.unisantos.br\/congressodesaude2024\/wp-json\/wp\/v2\/media?parent=108"}],"curies":[{"name":"wp","href":"https:\/\/api.w.org\/{rel}","templated":true}]}}