{"id":102,"date":"2024-09-04T10:45:01","date_gmt":"2024-09-04T13:45:01","guid":{"rendered":"https:\/\/www.unisantos.br\/congressodesaude2024\/?page_id=102"},"modified":"2024-09-04T10:50:40","modified_gmt":"2024-09-04T13:50:40","slug":"apresentacao-2","status":"publish","type":"page","link":"https:\/\/www.unisantos.br\/congressodesaude2024\/apresentacao-2\/","title":{"rendered":"Apresenta\u00e7\u00e3o"},"content":{"rendered":"<p>O Congresso Multidisciplinar de Sa\u00fade da Baixada Santista \u00e9 um evento cient\u00edfico realizado pela Universidade Cat\u00f3lica de Santos na \u00e1rea da Sa\u00fade que re\u00fane estudantes de Gradua\u00e7\u00e3o e P\u00f3s-Gradua\u00e7\u00e3o, docentes, profissionais da \u00e1rea dos nove munic\u00edpios da Regi\u00e3o Metropolitana da Baixada Santista e a sociedade civil. S\u00e3o apresentadas tecnologias de inova\u00e7\u00e3o e pesquisas na \u00e1rea da Sa\u00fade que possibilitem a implanta\u00e7\u00e3o de pol\u00edticas p\u00fablicas resolutivas referentes aos principais problemas de sa\u00fade destacados nos Objetivos de Desenvolvimento Sustent\u00e1vel &#8211; ONU\/Brasil.<\/p>\n<p>Esta quinta edi\u00e7\u00e3o do congresso, que tem como tema ODS e Equidade na Universaliza\u00e7\u00e3o da Sa\u00fade, \u00e9 um evento no formato h\u00edbrido que tem como objetivo promover ampla discuss\u00e3o sobre o fortalecimento do SUS e das pol\u00edticas p\u00fablicas de sa\u00fade.<\/p>\n<p>N\u00e3o ser\u00e1 cobrada taxa de inscri\u00e7\u00e3o. A constru\u00e7\u00e3o de toda a programa\u00e7\u00e3o \u00e9 realizada em parceria com a Diretoria Regional de Sa\u00fade (DRSIV) Baixada Santista e o apoio da Universidade do Estado de Mato Grosso (Unemat), Unisinos e Centro Universit\u00e1rio Santa Maria. A articula\u00e7\u00e3o entre ensino-servi\u00e7o possibilita diferentes olhares para a sa\u00fade, com a troca de saberes e experi\u00eancias ampliando discuss\u00f5es sobre modelos de aten\u00e7\u00e3o \u00e0 sa\u00fade e a garantia de direitos da popula\u00e7\u00e3o.<\/p>\n","protected":false},"excerpt":{"rendered":"<p>O Congresso Multidisciplinar de Sa\u00fade da Baixada Santista \u00e9 um evento cient\u00edfico realizado pela Universidade Cat\u00f3lica de Santos na \u00e1rea da Sa\u00fade que re\u00fane estudantes de Gradua\u00e7\u00e3o e P\u00f3s-Gradua\u00e7\u00e3o, docentes, profissionais da \u00e1rea dos nove munic\u00edpios da Regi\u00e3o Metropolitana da Baixada Santista e a sociedade civil. S\u00e3o apresentadas tecnologias de inova\u00e7\u00e3o e pesquisas na \u00e1rea [&hellip;]<\/p>\n","protected":false},"author":1,"featured_media":0,"parent":0,"menu_order":0,"comment_status":"closed","ping_status":"closed","template":"","meta":{"footnotes":""},"_links":{"self":[{"href":"https:\/\/www.unisantos.br\/congressodesaude2024\/wp-json\/wp\/v2\/pages\/102"}],"collection":[{"href":"https:\/\/www.unisantos.br\/congressodesaude2024\/wp-json\/wp\/v2\/pages"}],"about":[{"href":"https:\/\/www.unisantos.br\/congressodesaude2024\/wp-json\/wp\/v2\/types\/page"}],"author":[{"embeddable":true,"href":"https:\/\/www.unisantos.br\/congressodesaude2024\/wp-json\/wp\/v2\/users\/1"}],"replies":[{"embeddable":true,"href":"https:\/\/www.unisantos.br\/congressodesaude2024\/wp-json\/wp\/v2\/comments?post=102"}],"version-history":[{"count":3,"href":"https:\/\/www.unisantos.br\/congressodesaude2024\/wp-json\/wp\/v2\/pages\/102\/revisions"}],"predecessor-version":[{"id":106,"href":"https:\/\/www.unisantos.br\/congressodesaude2024\/wp-json\/wp\/v2\/pages\/102\/revisions\/106"}],"wp:attachment":[{"href":"https:\/\/www.unisantos.br\/congressodesaude2024\/wp-json\/wp\/v2\/media?parent=102"}],"curies":[{"name":"wp","href":"https:\/\/api.w.org\/{rel}","templated":true}]}}