{"id":7,"date":"2023-05-11T11:28:50","date_gmt":"2023-05-11T14:28:50","guid":{"rendered":"https:\/\/www.unisantos.br\/conecta\/?page_id=7"},"modified":"2023-05-17T16:11:17","modified_gmt":"2023-05-17T19:11:17","slug":"programacao","status":"publish","type":"page","link":"https:\/\/www.unisantos.br\/conecta\/programacao\/","title":{"rendered":"Programa\u00e7\u00e3o"},"content":{"rendered":"<table width=\"1669\">\n<tbody>\n<tr>\n<td width=\"694\">TEMA<\/td>\n<td width=\"569\">CURSOS<\/td>\n<td width=\"406\">LINK<\/td>\n<\/tr>\n<tr>\n<td>Oficina de Sistemas de Apoio \u00e0 Decis\u00e3o &#8211; an\u00e1lise de dados ambientais<\/td>\n<td>Ci\u00eancia da Computa\u00e7\u00e3o e Sistemas de Informa\u00e7\u00e3o<\/td>\n<td><a href=\"https:\/\/ww2.unisantos.br\/Relacionamento\/inscricao\/?id=1176\">https:\/\/ww2.unisantos.br\/Relacionamento\/inscricao\/?id=1176<\/a><\/td>\n<\/tr>\n<tr>\n<td>Cria\u00e7\u00e3o de papel-semente: reaproveitamento de res\u00edduos s\u00f3lidos<\/td>\n<td>Biotecnologia, Ci\u00eancias Biol\u00f3gicas e Qu\u00edmica<\/td>\n<td><a href=\"https:\/\/ww2.unisantos.br\/Relacionamento\/inscricao\/?id=1177\">https:\/\/ww2.unisantos.br\/Relacionamento\/inscricao\/?id=1177<\/a><\/td>\n<\/tr>\n<tr>\n<td>Riscos na gesta\u00e7\u00e3o relacionadas a contaminantes ambientais<\/td>\n<td>Enfermagem<\/td>\n<td><a href=\"https:\/\/ww2.unisantos.br\/Relacionamento\/inscricao\/?id=1178\">https:\/\/ww2.unisantos.br\/Relacionamento\/inscricao\/?id=1178<\/a><\/td>\n<\/tr>\n<tr>\n<td>Tratamento da \u00e1gua contaminada utilizando biomassa residuais<\/td>\n<td>Farm\u00e1cia<\/td>\n<td><a href=\"https:\/\/ww2.unisantos.br\/Relacionamento\/inscricao\/?id=1179\">https:\/\/ww2.unisantos.br\/Relacionamento\/inscricao\/?id=1179<\/a><\/td>\n<\/tr>\n<tr>\n<td>Tratamento de imagens: o cuidado com o meio ambiente, uma releitura da obra de Araqu\u00e9m Alc\u00e2ntara<\/td>\n<td>Cinema e Audiovisual, Publicidade e Jornalismo<\/td>\n<td><a href=\"https:\/\/ww2.unisantos.br\/Relacionamento\/inscricao\/?id=1187\">https:\/\/ww2.unisantos.br\/Relacionamento\/inscricao\/?id=1187<\/a><\/td>\n<\/tr>\n<tr>\n<td>Empresas e sustentabilidade: do global para o local<\/td>\n<td>Rela\u00e7\u00f5es Internacionais, Administra\u00e7\u00e3o, Ci\u00eancias Cont\u00e1beis e Ci\u00eancias Econ\u00f4micas<\/td>\n<td><a href=\"https:\/\/ww2.unisantos.br\/Relacionamento\/inscricao\/?id=1180\">https:\/\/ww2.unisantos.br\/Relacionamento\/inscricao\/?id=1180<\/a><\/td>\n<\/tr>\n<tr>\n<td>Crimes ambientais: caso do lan\u00e7amento do sat\u00e9lite\u00a0de\u00a0Alc\u00e2ntara<\/td>\n<td>Direito<\/td>\n<td><a href=\"https:\/\/ww2.unisantos.br\/Relacionamento\/inscricao\/?id=1181\">https:\/\/ww2.unisantos.br\/Relacionamento\/inscricao\/?id=1181<\/a><\/td>\n<\/tr>\n<tr>\n<td>Psicologia ambiental: sa\u00fade mental e ecologia (discutindo a forma\u00e7\u00e3o profissional)<\/td>\n<td>Psicologia<\/td>\n<td><a href=\"https:\/\/ww2.unisantos.br\/Relacionamento\/inscricao\/?id=1182\">\u00a0https:\/\/ww2.unisantos.br\/Relacionamento\/inscricao\/?id=1182<\/a><\/td>\n<\/tr>\n<tr>\n<td width=\"694\">Workshop: Cozinha 4.0 (Sustentabilidade na cozinha com uso de sistemas de coc\u00e7\u00e3o inteligente)<\/td>\n<td>Gastronomia e Nutri\u00e7\u00e3o<\/td>\n<td><a href=\"https:\/\/ww2.unisantos.br\/Relacionamento\/inscricao\/?id=1183\">https:\/\/ww2.unisantos.br\/Relacionamento\/inscricao\/?id=1183<\/a><\/td>\n<\/tr>\n<tr>\n<td>Educa\u00e7\u00e3o e Meio Ambiente<\/td>\n<td>Hist\u00f3ria, Letras, Matem\u00e1tica e Pedagogia<\/td>\n<td><a href=\"https:\/\/ww2.unisantos.br\/Relacionamento\/inscricao\/?id=1184\">https:\/\/ww2.unisantos.br\/Relacionamento\/inscricao\/?id=1184<\/a><\/td>\n<\/tr>\n<tr>\n<td>Cidades Sustent\u00e1veis<\/td>\n<td>Arquitetura e Engenharias<\/td>\n<td><a href=\"https:\/\/ww2.unisantos.br\/Relacionamento\/inscricao\/?id=1185\">https:\/\/ww2.unisantos.br\/Relacionamento\/inscricao\/?id=1185<\/a><\/td>\n<\/tr>\n<tr>\n<td>O que diziam os fil\u00f3sofos da natureza?<\/td>\n<td>Filosofia<\/td>\n<td><a href=\"https:\/\/ww2.unisantos.br\/Relacionamento\/inscricao\/?id=1186\">https:\/\/ww2.unisantos.br\/Relacionamento\/inscricao\/?id=1186<\/a><\/td>\n<\/tr>\n<\/tbody>\n<\/table>\n","protected":false},"excerpt":{"rendered":"<p>TEMA CURSOS LINK Oficina de Sistemas de Apoio \u00e0 Decis\u00e3o &#8211; an\u00e1lise de dados ambientais Ci\u00eancia da Computa\u00e7\u00e3o e Sistemas [&hellip;]<\/p>\n","protected":false},"author":10,"featured_media":0,"parent":0,"menu_order":0,"comment_status":"closed","ping_status":"closed","template":"","meta":{"footnotes":""},"_links":{"self":[{"href":"https:\/\/www.unisantos.br\/conecta\/wp-json\/wp\/v2\/pages\/7"}],"collection":[{"href":"https:\/\/www.unisantos.br\/conecta\/wp-json\/wp\/v2\/pages"}],"about":[{"href":"https:\/\/www.unisantos.br\/conecta\/wp-json\/wp\/v2\/types\/page"}],"author":[{"embeddable":true,"href":"https:\/\/www.unisantos.br\/conecta\/wp-json\/wp\/v2\/users\/10"}],"replies":[{"embeddable":true,"href":"https:\/\/www.unisantos.br\/conecta\/wp-json\/wp\/v2\/comments?post=7"}],"version-history":[{"count":105,"href":"https:\/\/www.unisantos.br\/conecta\/wp-json\/wp\/v2\/pages\/7\/revisions"}],"predecessor-version":[{"id":41,"href":"https:\/\/www.unisantos.br\/conecta\/wp-json\/wp\/v2\/pages\/7\/revisions\/41"}],"wp:attachment":[{"href":"https:\/\/www.unisantos.br\/conecta\/wp-json\/wp\/v2\/media?parent=7"}],"curies":[{"name":"wp","href":"https:\/\/api.w.org\/{rel}","templated":true}]}}