{"id":24,"date":"2024-04-08T18:25:42","date_gmt":"2024-04-08T21:25:42","guid":{"rendered":"https:\/\/www.unisantos.br\/clinicapsicologia\/?page_id=24"},"modified":"2025-08-24T18:39:39","modified_gmt":"2025-08-24T21:39:39","slug":"noticias","status":"publish","type":"page","link":"https:\/\/www.unisantos.br\/clinicapsicologia\/tea-inclusao-profissional\/noticias\/","title":{"rendered":"Not\u00edcias"},"content":{"rendered":"<p><strong>2025<\/strong><\/p>\n<p><strong>11\/06<\/strong><\/p>\n<p><a href=\"https:\/\/www.unisantos.br\/portal\/acontece\/palestra-conquistando-direitos-apoio-legal-e-previdenciario-para-pessoas-com-tea\/\">PALESTRA &#8211; Conquistando Direitos: Apoio Legal e Previdenci\u00e1rio para Pessoas com TEA<\/a><\/p>\n<p><strong>05\/06<\/strong><\/p>\n<p><a href=\"https:\/\/www.unisantos.br\/portal\/acontece\/educacao-inclusiva-cuidado-e-equidade-para-todos-4\/\">PSICOLOGIA &#8211; Educa\u00e7\u00e3o Inclusiva: Cuidado e Equidade para Todos<\/a><\/p>\n<p><strong>15\/05<\/strong><\/p>\n<p><a href=\"https:\/\/www.unisantos.br\/portal\/acontece\/educacao-inclusiva-cuidado-e-equidade-para-todos-3\/\">PSICOLOGIA &#8211; Educa\u00e7\u00e3o Inclusiva: Cuidado e Equidade para Todos<\/a><\/p>\n<p><strong>25\/04<\/strong><\/p>\n<p><img loading=\"lazy\" decoding=\"async\" class=\"alignnone wp-image-262 size-thumbnail\" src=\"http:\/\/www.unisantos.br\/clinicapsicologia\/wp-content\/uploads\/sites\/89\/2025\/08\/painel-seminario-de-inclusao-150x150.jpg\" alt=\"\" width=\"150\" height=\"150\" \/><\/p>\n<p><a href=\"https:\/\/www.unisantos.br\/portal\/noticias\/trabalho-inclusao-profissional-de-autistas-e-um-dos-grandes-desafios-atuais-da-sociedade\/\">ABRIL AZUL &#8211; Inclus\u00e3o profissional de autistas \u00e9 um dos grandes desafios atuais da sociedade<\/a><\/p>\n<p><strong>23\/04<\/strong><\/p>\n<p><img loading=\"lazy\" decoding=\"async\" class=\"alignnone wp-image-265 size-medium\" src=\"http:\/\/www.unisantos.br\/clinicapsicologia\/wp-content\/uploads\/sites\/89\/2025\/08\/Painel-2-seminario-300x169.jpg\" alt=\"\" width=\"300\" height=\"169\" srcset=\"https:\/\/www.unisantos.br\/clinicapsicologia\/wp-content\/uploads\/sites\/89\/2025\/08\/Painel-2-seminario-300x169.jpg 300w, https:\/\/www.unisantos.br\/clinicapsicologia\/wp-content\/uploads\/sites\/89\/2025\/08\/Painel-2-seminario.jpg 768w\" sizes=\"(max-width: 300px) 100vw, 300px\" \/><\/p>\n<p><a href=\"https:\/\/www.unisantos.br\/portal\/noticias\/autismo-falta-de-diagnostico-prejudica-na-identificacao-de-comportamentos-e-acesso-a-saude\/\">AUTISMO \u2013 Falta de diagn\u00f3stico prejudica na identifica\u00e7\u00e3o de comportamentos e acesso \u00e0 sa\u00fade<\/a><\/p>\n<p><a href=\"https:\/\/www.unisantos.br\/portal\/acontece\/palestra-a-influencia-da-alimentacao-no-comportamento-e-desenvolvimento-de-pessoas-com-tea\/\">PALESTRA: A influ\u00eancia da alimenta\u00e7\u00e3o no comportamento e desenvolvimento de pessoas com TEA<\/a><\/p>\n<p><strong>16\/04<\/strong><\/p>\n<p><img loading=\"lazy\" decoding=\"async\" class=\"alignnone size-medium wp-image-269\" src=\"http:\/\/www.unisantos.br\/clinicapsicologia\/wp-content\/uploads\/sites\/89\/2025\/08\/selo-2-300x240.jpg\" alt=\"\" width=\"300\" height=\"240\" srcset=\"https:\/\/www.unisantos.br\/clinicapsicologia\/wp-content\/uploads\/sites\/89\/2025\/08\/selo-2-300x240.jpg 300w, https:\/\/www.unisantos.br\/clinicapsicologia\/wp-content\/uploads\/sites\/89\/2025\/08\/selo-2.jpg 768w\" sizes=\"(max-width: 300px) 100vw, 300px\" \/><\/p>\n<p><a href=\"https:\/\/www.unisantos.br\/portal\/noticias\/inclusao-unisantos-recebe-certificacao-de-empresa-acessivel-para-pessoas-com-deficiencia-durante-o-2o-seminario-de-neurodiversidade-saude-educacao-e-trabalho\/\">INCLUS\u00c3O \u2013 UNISANTOS recebe certifica\u00e7\u00e3o de \u2018Empresa Acess\u00edvel para pessoas com defici\u00eancia&#8217;, durante o 2\u00ba Semin\u00e1rio de Neurodiversidade: Sa\u00fade, Educa\u00e7\u00e3o e Trabalho<\/a><\/p>\n<p><strong>10\/04<\/strong><\/p>\n<p>PSICOLOGIA &#8211; Educa\u00e7\u00e3o Inclusiva: Cuidado e Equidade para Todos<\/p>\n<p><strong>06\/03<\/strong><\/p>\n<p><a href=\"https:\/\/www.unisantos.br\/portal\/acontece\/educacao-inclusiva-cuidado-e-equidade-para-todos\/\">PSICOLOGIA &#8211; Educa\u00e7\u00e3o Inclusiva: Cuidado e Equidade para Todos<\/a><\/p>\n<p><strong>2024<\/strong><\/p>\n<p><strong>23\/11<\/strong><\/p>\n<p><a href=\"https:\/\/www.unisantos.br\/portal\/acontece\/encontro-a-importancia-do-dia-municipal-da-conscientizacao-e-combate-ao-capacitismo-lei-n-4461-2024\/\">ENCONTRO &#8211; A Import\u00e2ncia do Dia Municipal da Conscientiza\u00e7\u00e3o e Combate ao Capacitismo. Lei n\u00b0 4461\/2024<\/a><\/p>\n<p><strong>29\/10<\/strong><\/p>\n<p><a href=\"https:\/\/www.unisantos.br\/portal\/acontece\/iv-dialogo-academico-sobre-inclusao-estrategias-nutricionais-para-pacientes-com-necessidades-especiais\/\">PALESTRA &#8211; IV Di\u00e1logo Acad\u00eamico sobre Inclus\u00e3o: Estrat\u00e9gias nutricionais para pacientes com necessidades especiais<\/a><\/p>\n<p><strong>08\/10<\/strong><\/p>\n<p><a href=\"https:\/\/www.unisantos.br\/portal\/acontece\/iii-arquitetura-sensorial-e-autismo-a-arte-de-projetar-para-os-sentidos\/\">INCLUS\u00c3O &#8211; III Arquitetura Sensorial e Autismo: A arte de projetar para os sentidos<\/a><\/p>\n<p><strong>24\/09<\/strong><\/p>\n<p><a href=\"https:\/\/www.unisantos.br\/portal\/acontece\/ii-sinais-precoces-do-transtorno-do-espectro-autista-tea\/\">PALESTRA &#8211; II Sinais Precoces do Transtorno do Espectro Autista (TEA)<\/a><\/p>\n<p><strong>30\/08<\/strong><\/p>\n<p><a href=\"https:\/\/www.unisantos.br\/portal\/acontece\/seminario-ipeci-programa-de-desenvolvimento-para-inclusao-profissional-de-pessoas-com-transtorno-do-espectro-do-autismo-pip-tea-unisantos\/\">SEMIN\u00c1RIO IPECI: Programa de Desenvolvimento para Inclus\u00e3o Profissional de Pessoas com Transtorno do Espectro do Autismo \u2013 PIP TEA\/UniSantos<\/a><\/p>\n<p><strong>22\/05<\/strong><\/p>\n<p><img loading=\"lazy\" decoding=\"async\" class=\"alignnone wp-image-112\" src=\"http:\/\/www.unisantos.br\/clinicapsicologia\/wp-content\/uploads\/sites\/89\/2024\/05\/PIPTEA-300x212.jpg\" alt=\"\" width=\"200\" height=\"141\" srcset=\"https:\/\/www.unisantos.br\/clinicapsicologia\/wp-content\/uploads\/sites\/89\/2024\/05\/PIPTEA-300x212.jpg 300w, https:\/\/www.unisantos.br\/clinicapsicologia\/wp-content\/uploads\/sites\/89\/2024\/05\/PIPTEA.jpg 768w\" sizes=\"(max-width: 200px) 100vw, 200px\" \/> <img loading=\"lazy\" decoding=\"async\" class=\"alignnone wp-image-204 size-thumbnail\" src=\"http:\/\/www.unisantos.br\/clinicapsicologia\/wp-content\/uploads\/sites\/89\/2025\/08\/piptea-inaugura-150x150.jpeg\" alt=\"\" width=\"150\" height=\"150\" \/><\/p>\n<p><a href=\"https:\/\/www.unisantos.br\/portal\/noticias\/pip-tea-unisantos-inaugura-os-espacos-de-atendimento-do-programa-de-desenvolvimento-para-inclusao-profissional-de-pessoas-com-transtorno-do-espectro-do-autismo\/\">PIP TEA \u2013 UNISANTOS inaugura os espa\u00e7os de atendimento do Programa de Desenvolvimento para Inclus\u00e3o Profissional de Pessoas com Transtorno do Espectro do Autismo<\/a><\/p>\n<p><a href=\"https:\/\/www.unisantos.br\/portal\/acontece\/espaco-do-programa-de-desenvolvimento-para-inclusao-profissional-de-pessoas-com-tea-inauguracao\/\">INAUGURA\u00c7\u00c3O &#8211; Espa\u00e7o do Programa de Desenvolvimento para Inclus\u00e3o Profissional de Pessoas com TEA<\/a><\/p>\n<p><strong>15\/04<\/strong><\/p>\n<p><img loading=\"lazy\" decoding=\"async\" class=\"alignnone wp-image-114\" src=\"http:\/\/www.unisantos.br\/clinicapsicologia\/wp-content\/uploads\/sites\/89\/2024\/05\/Semin\u00e1rio-ESG-5-768x897-257x300.jpg\" alt=\"\" width=\"171\" height=\"200\" srcset=\"https:\/\/www.unisantos.br\/clinicapsicologia\/wp-content\/uploads\/sites\/89\/2024\/05\/Semin\u00e1rio-ESG-5-768x897-257x300.jpg 257w, https:\/\/www.unisantos.br\/clinicapsicologia\/wp-content\/uploads\/sites\/89\/2024\/05\/Semin\u00e1rio-ESG-5-768x897.jpg 768w\" sizes=\"(max-width: 171px) 100vw, 171px\" \/><\/p>\n<p><a href=\"https:\/\/www.unisantos.br\/portal\/noticias\/pip-tea-unisantos-apresenta-o-programa-de-desenvolvimento-para-inclusao-profissional-de-pessoas-com-tea-durante-o-seminario-esg-acessibilidade-e-neurodiversidade\/\">PIP TEA &#8211; UNISANTOS apresenta o Programa de Desenvolvimento para Inclus\u00e3o Profissional de Pessoas com TEA, no Semin\u00e1rio ESG, Acessibilidade e Neurodiversidade<\/a><\/p>\n<p><strong>02\/04<\/strong><\/p>\n<p><a href=\"https:\/\/www.unisantos.br\/2-de-abril-dia-mundial-de-conscientizacao-sobre-o-autismo\/\">INCLUS\u00c3O &#8211; 2 de Abril \u2013 Dia Mundial de Conscientiza\u00e7\u00e3o sobre o Autismo<\/a><\/p>\n<p><strong>2023<\/strong><\/p>\n<p><strong>05\/09<\/strong><\/p>\n<p><a href=\"https:\/\/www.unisantos.br\/portal\/acontece\/dialogo-academico-sobre-inclusao-i-transtorno-do-espectro-do-autismo-te\/\">INCLUS\u00c3O &#8211; Di\u00e1logo Acad\u00eamico sobre Inclus\u00e3o I: Transtorno do Espectro do Autismo \u2013 TEA<\/a><\/p>\n<p><strong>2022<\/strong><\/p>\n<p><strong>10\/06<\/strong><\/p>\n<p><a href=\"https:\/\/www.unisantos.br\/portal\/acontece\/palestra-transtorno-do-espectro-autista-e-a-inclusao-escolar\/\">PALESTRA &#8211; Transtorno do Espectro Autista e a Inclus\u00e3o Escolar<\/a><\/p>\n<p><strong>2021<\/strong><\/p>\n<p><strong>18\/11<\/strong><\/p>\n<p><a href=\"https:\/\/www.unisantos.br\/portal\/acontece\/i-mostra-cientifica-regional-de-praticas-inclusivas-da-anec-bs-2\/\">INCLUS\u00c3O &#8211; I Mostra Cient\u00edfica Regional de Pr\u00e1ticas Inclusivas da Anec\/BS<\/a><\/p>\n<p><strong>16\/09<\/strong><\/p>\n<p><a href=\"https:\/\/www.unisantos.br\/portal\/acontece\/praticas-inclusivas-na-educacao-arte-e-as-expressoes-artisticas-recursos-auxiliares-nos-processos-de-desenvolvimento-educativo-dos-varios-fazeres-no-ambito-da-escola\/\">INCLUS\u00c3O &#8211; Pr\u00e1ticas Inclusivas na Educa\u00e7\u00e3o &#8211; Arte e as Express\u00f5es Art\u00edsticas: Recursos auxiliares nos processos de desenvolvimento educativo dos v\u00e1rios fazeres no \u00e2mbito da escola<\/a><\/p>\n<p><strong>02\/09<\/strong><\/p>\n<p><a href=\"https:\/\/www.unisantos.br\/portal\/acontece\/praticas-inclusivas-na-educacao-inclusao-arte-e-livre-expressao-caminhos-para-o-conhecimento-e-comunicacao-no-encontro-com-os-alunos-em-sua-diversidade\/\">INCLUS\u00c3O &#8211; Pr\u00e1ticas Inclusivas na Educa\u00e7\u00e3o &#8211; Inclus\u00e3o, Arte e Livre Express\u00e3o: Caminhos para o conhecimento e comunica\u00e7\u00e3o no encontro com os alunos em sua diversidade<\/a><\/p>\n<p><strong>12\/08<\/strong><\/p>\n<p><a href=\"https:\/\/www.unisantos.br\/portal\/acontece\/programa-praticas-inclusivas-na-educacao-conhecendo-o-autismo-criterios-epidemiologicos-e-diagnosticos\/\">INCLUS\u00c3O &#8211; Programa Pr\u00e1ticas Inclusivas na Educa\u00e7\u00e3o &#8211; Conhecendo o Autismo: Crit\u00e9rios epidemiol\u00f3gicos e diagn\u00f3sticos<\/a><\/p>\n<p><strong>2020<\/strong><\/p>\n<p><strong>23\/05<\/strong><\/p>\n<p><a href=\"https:\/\/www.unisantos.br\/portal\/acontece\/a-escola-e-o-acolhimento-da-familia-de-criancas-incluidas-no-espectro-do-autismo-em-tempos-de-quarentena\/\">INCLUS\u00c3O &#8211; Programa Pr\u00e1ticas Inclusivas na Educa\u00e7\u00e3o: A Escola e o Acolhimento da Fam\u00edlia de Crian\u00e7as Inclu\u00eddas no Espectro do Autismo em Tempos de Quarentena<\/a><\/p>\n<p><strong>07\/05<\/strong><\/p>\n<p><a href=\"https:\/\/www.unisantos.br\/portal\/acontece\/aulas-em-casa-o-professor-e-a-crianca-com-tea-em-tempos-de-pandemia\/\">ANEC &#8211; Aulas em Casa? O Professor e a Crian\u00e7a com TEA em Tempos de Pandemia<\/a><\/p>\n<p><strong>2019<\/strong><\/p>\n<p><strong>04\/05<\/strong><\/p>\n<p><a href=\"https:\/\/www.unisantos.br\/portal\/acontece\/desenvolvendo-autonomia-e-independencia-no-transtorno-do-espectro-autista-tea\/\">INCLUS\u00c3O &#8211; Desenvolvendo Autonomia e Independ\u00eancia no Transtorno do Espectro Autista<\/a><\/p>\n<p><strong>02\/04<\/strong><\/p>\n<p><a href=\"https:\/\/www.unisantos.br\/portal\/acontece\/acao-do-dia-mundial-da-conscientizacao-do-autismo\/\">INCLUS\u00c3O &#8211; A\u00e7\u00e3o do Dia Mundial da Conscientiza\u00e7\u00e3o do Autismo<\/a><\/p>\n<p><strong>2018<\/strong><\/p>\n<p><strong>24\/11<\/strong><\/p>\n<p><a href=\"https:\/\/www.unisantos.br\/portal\/acontece\/palestra-inclusao-de-alunos-com-transtorno-do-espectro-autista-fundamentacao-legal-e-analise-da-realidade\/\">PALESTRA: Inclus\u00e3o de Alunos com Transtorno do Espectro Autista &#8211; Fundamenta\u00e7\u00e3o legal e an\u00e1lise da realidade<\/a><\/p>\n<p><strong>05\/05<\/strong><\/p>\n<p><a href=\"https:\/\/www.unisantos.br\/portal\/acontece\/palestra-transtorno-do-espectro-autista-e-familia-contribuicoes-da-psicologia\/\">PALESTRA &#8211; Transtorno do Espectro Autista e Fam\u00edlia \u2013 Contribui\u00e7\u00f5es da Psicologia<\/a><\/p>\n<p><strong>2017<\/strong><\/p>\n<p><strong>08\/04<\/strong><\/p>\n<p><a href=\"https:\/\/www.unisantos.br\/portal\/acontece\/forum-sobre-a-inclusao-espectro-autista-na-escola\/\">INCLUS\u00c3O &#8211; F\u00f3rum sobre a Inclus\u00e3o: Espectro Autista na Escola<\/a><\/p>\n<p><strong>2015<\/strong><\/p>\n<p><strong>08\/05<\/strong><\/p>\n<p><a href=\"https:\/\/www.unisantos.br\/portal\/noticias\/autismo-e-o-tema-do-programa-urbanidades-neste-sabado-9-na-tv-unisantos\/\">INCLUS\u00c3O &#8211; Autismo \u00e9 o tema do Programa Urbanidades, neste s\u00e1bado (9), na TV UNISANTOS<\/a><\/p>\n<p><strong>28\/04<\/strong><\/p>\n<p><a href=\"https:\/\/www.unisantos.br\/portal\/acontece\/palestra-a-importancia-do-ambiente-para-o-desenvolvimento-da-pessoa-autista\/\">PALESTRA &#8211; A Import\u00e2ncia do Ambiente para o Desenvolvimento da Pessoa Autista<\/a><\/p>\n<p><strong>2013<\/strong><\/p>\n<p><strong>24\/07<\/strong><\/p>\n<p><a href=\"https:\/\/www.unisantos.br\/portal\/noticias\/autora-do-livro-a-busca-de-um-diagnstico-ministra-palestra-nos-estados-unidos\/\">INCLUS\u00c3O &#8211; Autora do livro A Busca de um Diagn\u00f3stico ministra palestra nos Estados Unidos<\/a><\/p>\n<p><strong>2012<\/strong><\/p>\n<p><strong>13\/06<\/strong><\/p>\n<p><a href=\"https:\/\/www.unisantos.br\/portal\/noticias\/livro-a-busca-de-um-diagnstico-da-editora-leopoldianum-lanado-no-sbado\/\">INCLUS\u00c3O &#8211; Livro A Busca de um Diagn\u00f3stico, da Editora Leopoldianum, \u00e9 lan\u00e7ado no s\u00e1bado<\/a><\/p>\n","protected":false},"excerpt":{"rendered":"<p>2025 11\/06 PALESTRA &#8211; Conquistando Direitos: Apoio Legal e Previdenci\u00e1rio para Pessoas com TEA 05\/06 PSICOLOGIA &#8211; Educa\u00e7\u00e3o Inclusiva: Cuidado [&hellip;]<\/p>\n","protected":false},"author":1,"featured_media":0,"parent":14,"menu_order":0,"comment_status":"closed","ping_status":"closed","template":"","meta":{"_acf_changed":false,"footnotes":""},"acf":[],"_links":{"self":[{"href":"https:\/\/www.unisantos.br\/clinicapsicologia\/wp-json\/wp\/v2\/pages\/24"}],"collection":[{"href":"https:\/\/www.unisantos.br\/clinicapsicologia\/wp-json\/wp\/v2\/pages"}],"about":[{"href":"https:\/\/www.unisantos.br\/clinicapsicologia\/wp-json\/wp\/v2\/types\/page"}],"author":[{"embeddable":true,"href":"https:\/\/www.unisantos.br\/clinicapsicologia\/wp-json\/wp\/v2\/users\/1"}],"replies":[{"embeddable":true,"href":"https:\/\/www.unisantos.br\/clinicapsicologia\/wp-json\/wp\/v2\/comments?post=24"}],"version-history":[{"count":44,"href":"https:\/\/www.unisantos.br\/clinicapsicologia\/wp-json\/wp\/v2\/pages\/24\/revisions"}],"predecessor-version":[{"id":270,"href":"https:\/\/www.unisantos.br\/clinicapsicologia\/wp-json\/wp\/v2\/pages\/24\/revisions\/270"}],"up":[{"embeddable":true,"href":"https:\/\/www.unisantos.br\/clinicapsicologia\/wp-json\/wp\/v2\/pages\/14"}],"wp:attachment":[{"href":"https:\/\/www.unisantos.br\/clinicapsicologia\/wp-json\/wp\/v2\/media?parent=24"}],"curies":[{"name":"wp","href":"https:\/\/api.w.org\/{rel}","templated":true}]}}