{"id":22,"date":"2024-04-08T18:25:29","date_gmt":"2024-04-08T21:25:29","guid":{"rendered":"https:\/\/www.unisantos.br\/clinicapsicologia\/?page_id=22"},"modified":"2024-04-10T14:33:08","modified_gmt":"2024-04-10T17:33:08","slug":"sobre","status":"publish","type":"page","link":"https:\/\/www.unisantos.br\/clinicapsicologia\/tea-inclusao-profissional\/sobre\/","title":{"rendered":"Sobre o Autismo"},"content":{"rendered":"<p>Pessoas com autismo, denominado como desenvolvimento at\u00edpico, podem conviver com diversos obst\u00e1culos na vida cotidiana, seja nas rela\u00e7\u00f5es sociais, familiares, escolares e acad\u00eamicas, seja nas profissionais. Os sintomas surgem cedo no desenvolvimento e, por essa raz\u00e3o, fazem parte do grupo Transtornos do Neurodesenvolvimento, conforme o Manual Diagn\u00f3stico e Estat\u00edstico de Transtornos Mentais \u2013 DSM 5-TR (APA, 2023).<\/p>\n<p>Al\u00e9m da dificuldade com rela\u00e7\u00e3o \u00e0 comunica\u00e7\u00e3o e \u00e0 intera\u00e7\u00e3o social, no TEA pode haver padr\u00f5es restritos e repetitivos de comportamentos, bem como de interesses ou atividades.<\/p>\n<p>Levando em considera\u00e7\u00e3o o termo \u201cespectro\u201d, que se refere \u00e0 variabilidade das manifesta\u00e7\u00f5es dos sintomas conforme o n\u00edvel de gravidade, da fase do desenvolvimento e da idade cronol\u00f3gica, normalmente n\u00e3o s\u00e3o enfatizados os casos no N\u00edvel 1 de suporte. Essas pessoas tendem, com o avan\u00e7ar do desenvolvimento &#8211; especialmente adolescentes e adultos &#8211; a desenvolver estrat\u00e9gias compensat\u00f3rias para alguns contextos sociais.<\/p>\n<p>Isso ocorre, porque ainda enfrentam desafios sociais e dificuldades em situa\u00e7\u00f5es novas e dificuldade de adapta\u00e7\u00e3o, sofrendo com esfor\u00e7o. Esse processo \u00e9 capaz de dificultar ainda mais o diagn\u00f3stico tardio, no caso de adolescentes e adultos. Tais esfor\u00e7os podem desencadear sintomas de ansiedade e depress\u00e3o, somado ao autismo, intensificando os obst\u00e1culos cotidianos.<\/p>\n<p>&nbsp;<\/p>\n","protected":false},"excerpt":{"rendered":"<p>Pessoas com autismo, denominado como desenvolvimento at\u00edpico, podem conviver com diversos obst\u00e1culos na vida cotidiana, seja nas rela\u00e7\u00f5es sociais, familiares, [&hellip;]<\/p>\n","protected":false},"author":1,"featured_media":0,"parent":14,"menu_order":0,"comment_status":"closed","ping_status":"closed","template":"","meta":{"_acf_changed":false,"footnotes":""},"acf":[],"_links":{"self":[{"href":"https:\/\/www.unisantos.br\/clinicapsicologia\/wp-json\/wp\/v2\/pages\/22"}],"collection":[{"href":"https:\/\/www.unisantos.br\/clinicapsicologia\/wp-json\/wp\/v2\/pages"}],"about":[{"href":"https:\/\/www.unisantos.br\/clinicapsicologia\/wp-json\/wp\/v2\/types\/page"}],"author":[{"embeddable":true,"href":"https:\/\/www.unisantos.br\/clinicapsicologia\/wp-json\/wp\/v2\/users\/1"}],"replies":[{"embeddable":true,"href":"https:\/\/www.unisantos.br\/clinicapsicologia\/wp-json\/wp\/v2\/comments?post=22"}],"version-history":[{"count":2,"href":"https:\/\/www.unisantos.br\/clinicapsicologia\/wp-json\/wp\/v2\/pages\/22\/revisions"}],"predecessor-version":[{"id":69,"href":"https:\/\/www.unisantos.br\/clinicapsicologia\/wp-json\/wp\/v2\/pages\/22\/revisions\/69"}],"up":[{"embeddable":true,"href":"https:\/\/www.unisantos.br\/clinicapsicologia\/wp-json\/wp\/v2\/pages\/14"}],"wp:attachment":[{"href":"https:\/\/www.unisantos.br\/clinicapsicologia\/wp-json\/wp\/v2\/media?parent=22"}],"curies":[{"name":"wp","href":"https:\/\/api.w.org\/{rel}","templated":true}]}}