{"id":16,"date":"2024-04-08T18:24:11","date_gmt":"2024-04-08T21:24:11","guid":{"rendered":"https:\/\/www.unisantos.br\/clinicapsicologia\/?page_id=16"},"modified":"2025-08-24T16:31:48","modified_gmt":"2025-08-24T19:31:48","slug":"atendimento-clinico","status":"publish","type":"page","link":"https:\/\/www.unisantos.br\/clinicapsicologia\/atendimento-clinico\/","title":{"rendered":"Atendimento Cl\u00ednico"},"content":{"rendered":"<p><img loading=\"lazy\" decoding=\"async\" class=\"alignright wp-image-34 size-large\" src=\"http:\/\/www.unisantos.br\/clinicapsicologia\/wp-content\/uploads\/sites\/89\/2024\/04\/20220830_152831-1024x577.jpg\" alt=\"\" width=\"640\" height=\"361\" srcset=\"https:\/\/www.unisantos.br\/clinicapsicologia\/wp-content\/uploads\/sites\/89\/2024\/04\/20220830_152831-1024x577.jpg 1024w, https:\/\/www.unisantos.br\/clinicapsicologia\/wp-content\/uploads\/sites\/89\/2024\/04\/20220830_152831-300x169.jpg 300w, https:\/\/www.unisantos.br\/clinicapsicologia\/wp-content\/uploads\/sites\/89\/2024\/04\/20220830_152831-768x432.jpg 768w\" sizes=\"(max-width: 640px) 100vw, 640px\" \/>O atendimento cl\u00ednico na Cl\u00ednica de Psicologia da UNISANTOS funciona da seguinte maneira: o interessado pode procurar diretamente o servi\u00e7o, onde passa por triagem. Feita a avalia\u00e7\u00e3o, ele pode ser atendido no pr\u00f3prio local por estagi\u00e1rios supervisionados semanalmente por professores psic\u00f3logos (servi\u00e7o gratuito), ou ent\u00e3o encaminhado para outros psic\u00f3logos, por meio do Programa Rec\u00e9m-Formado (psic\u00f3logos com forma\u00e7\u00e3o recente e supervis\u00e3o continua), profissionais da regi\u00e3o (formados pela UNISANTOS), ou para os servi\u00e7os de Orienta\u00e7\u00e3o Vocacional e Psicologia do Trabalho da Universidade.<\/p>\n<p>Os servi\u00e7os envolvem atendimentos para crian\u00e7as, adolescentes, adultos e idosos, nas modalidades de:<br \/>\n<em>Psicoterapia individual<br \/>\n<\/em><em>Atendimento familiar e grupal sobre diversos temas<br \/>\n<\/em><em>Grupos de atendimento aos pais de crian\u00e7as e adolescentes<\/em><\/p>\n<p>Desde agosto de 2022, por meio de conv\u00eanio firmado junto \u00e0 Associa\u00e7\u00e3o de Promo\u00e7\u00e3o e Assist\u00eancia Social Estrela do Mar (Apasem) &#8211; N\u00facleo Carlo Marchini, localizada no bairro do Jabaquara, em Santos, a Universidade passou a atender a comunidade local com diversas atividades na \u00e1rea de sa\u00fade integrada.<\/p>\n<p>Em abril de 2024, teve in\u00edcio o <a href=\"https:\/\/www.unisantos.br\/clinicapsicologia\/tea-inclusao-profissional\/\"><strong>Programa de Desenvolvimento para Inclus\u00e3o Profissional de Pessoas com Transtorno do Espectro do Autismo (PIP TEA)<\/strong><\/a>. Essa \u00e9 uma iniciativa pioneira, que visa atender o p\u00fablico acima de 18 anos que busca o desenvolvimento de habilidades necess\u00e1rias para o mercado de trabalho.<\/p>\n<p><strong>Supervisores da \u00e1rea cl\u00ednica<\/strong><br \/>\nProf\u00aa. Me. Andreia Bolfer Nacarato<br \/>\nProf\u00aa. Me. Edna Zarino Jorge Alves<br \/>\nProf\u00aa. Me. Iara C\u00e2ndida Chalela Genovese<br \/>\nProf\u00aa. Me. Mariane Menezes Roldan<\/p>\n<p><strong>Supervisores da \u00e1rea institucional<\/strong><br \/>\nProf. Me. Pe. Cl\u00e1udio Scherer da Silva<br \/>\nProf\u00aa. Me. Eliana Bruno Ferreira<br \/>\nProf. Dr. H\u00e9lio Alves<br \/>\nProf. Dr. Igor da Costa Borysow<\/p>\n<p><strong>Supervisores da \u00e1rea organizacional<br \/>\n<\/strong>Prof. Me. Antonio Carlos Simonian dos Santos<br \/>\nProf\u00aa. Me. Rita de Cassia Zaher Rosa Paul<br \/>\nProf\u00aa. Me. Tania Maria Correa Estevaletto Macedo<br \/>\nProf. Me. Wagner Jos\u00e9 Tedesco<\/p>\n<p><strong>Supervisores da \u00e1rea educacional<br \/>\n<\/strong>Prof\u00aa. Dr\u00aa. Daisy Inoc\u00eancia Margarida de Lemos<br \/>\nProf\u00aa. Me. Fl\u00e1via Henriques<br \/>\nProf\u00aa. Dr\u00aa. Luana Carramillo Going<br \/>\nProf\u00aa. Me. Maria da Gra\u00e7a Giordano de Marcos Crescenti Aulicino<br \/>\nProf\u00aa. Dr\u00aa. Priscila Larangeira Carvalho Scachetti<\/p>\n","protected":false},"excerpt":{"rendered":"<p>O atendimento cl\u00ednico na Cl\u00ednica de Psicologia da UNISANTOS funciona da seguinte maneira: o interessado pode procurar diretamente o servi\u00e7o, [&hellip;]<\/p>\n","protected":false},"author":1,"featured_media":48,"parent":0,"menu_order":0,"comment_status":"closed","ping_status":"closed","template":"","meta":{"_acf_changed":false,"footnotes":""},"acf":[],"_links":{"self":[{"href":"https:\/\/www.unisantos.br\/clinicapsicologia\/wp-json\/wp\/v2\/pages\/16"}],"collection":[{"href":"https:\/\/www.unisantos.br\/clinicapsicologia\/wp-json\/wp\/v2\/pages"}],"about":[{"href":"https:\/\/www.unisantos.br\/clinicapsicologia\/wp-json\/wp\/v2\/types\/page"}],"author":[{"embeddable":true,"href":"https:\/\/www.unisantos.br\/clinicapsicologia\/wp-json\/wp\/v2\/users\/1"}],"replies":[{"embeddable":true,"href":"https:\/\/www.unisantos.br\/clinicapsicologia\/wp-json\/wp\/v2\/comments?post=16"}],"version-history":[{"count":20,"href":"https:\/\/www.unisantos.br\/clinicapsicologia\/wp-json\/wp\/v2\/pages\/16\/revisions"}],"predecessor-version":[{"id":201,"href":"https:\/\/www.unisantos.br\/clinicapsicologia\/wp-json\/wp\/v2\/pages\/16\/revisions\/201"}],"wp:featuredmedia":[{"embeddable":true,"href":"https:\/\/www.unisantos.br\/clinicapsicologia\/wp-json\/wp\/v2\/media\/48"}],"wp:attachment":[{"href":"https:\/\/www.unisantos.br\/clinicapsicologia\/wp-json\/wp\/v2\/media?parent=16"}],"curies":[{"name":"wp","href":"https:\/\/api.w.org\/{rel}","templated":true}]}}