{"id":14,"date":"2024-04-08T18:23:56","date_gmt":"2024-04-08T21:23:56","guid":{"rendered":"https:\/\/www.unisantos.br\/clinicapsicologia\/?page_id=14"},"modified":"2025-08-23T13:47:42","modified_gmt":"2025-08-23T16:47:42","slug":"tea-inclusao-profissional","status":"publish","type":"page","link":"https:\/\/www.unisantos.br\/clinicapsicologia\/tea-inclusao-profissional\/","title":{"rendered":"PIP TEA Inclus\u00e3o Profissional"},"content":{"rendered":"<p><img loading=\"lazy\" decoding=\"async\" class=\"alignright wp-image-72 size-large\" src=\"http:\/\/www.unisantos.br\/clinicapsicologia\/wp-content\/uploads\/sites\/89\/2024\/04\/Logo-8-01-1024x599.png\" alt=\"\" width=\"640\" height=\"374\" srcset=\"https:\/\/www.unisantos.br\/clinicapsicologia\/wp-content\/uploads\/sites\/89\/2024\/04\/Logo-8-01-1024x599.png 1024w, https:\/\/www.unisantos.br\/clinicapsicologia\/wp-content\/uploads\/sites\/89\/2024\/04\/Logo-8-01-300x176.png 300w, https:\/\/www.unisantos.br\/clinicapsicologia\/wp-content\/uploads\/sites\/89\/2024\/04\/Logo-8-01-768x449.png 768w, https:\/\/www.unisantos.br\/clinicapsicologia\/wp-content\/uploads\/sites\/89\/2024\/04\/Logo-8-01.png 1984w\" sizes=\"(max-width: 640px) 100vw, 640px\" \/>O Programa de Desenvolvimento para Inclus\u00e3o Profissional de Pessoas com Transtorno do Espectro do Autismo (TEA) proporciona um ambiente de desenvolvimento e aprendizado inclusivo e progressivo, respeitando as caracter\u00edsticas individuais das pessoas com TEA, para que possam se integrar efetivamente ao mercado de trabalho e vivenciar experi\u00eancias reais.<\/p>\n<p>Desse modo, a UNISANTOS acredita no desenvolvimento das habilidades necess\u00e1rias, buscando o alcance e a potencializa\u00e7\u00e3o das inclina\u00e7\u00f5es das pessoas com TEA para a conquista de autonomia e protagonismo, levando em considera\u00e7\u00e3o a supera\u00e7\u00e3o dos obst\u00e1culos vividos por elas no dia a dia.<\/p>\n<p><strong>Objetivos<\/strong><\/p>\n<p>O programa fornece subs\u00eddios para proporcionar o desenvolvimento das potencialidades de pessoas com Transtorno do Espectro do Autismo (TEA) ao longo do ciclo vital para sua inser\u00e7\u00e3o socioprofissional, e com isso:<\/p>\n<p>1. Promover a dignidade das pessoas e o pleno exerc\u00edcio de direitos<br \/>\n2. Promover a inclus\u00e3o profissional<br \/>\n3. Combater o capacitismo<br \/>\n4. Apoiar as fam\u00edlias<br \/>\n5. Contribuir com os servi\u00e7os p\u00fablicos de assist\u00eancia<br \/>\n6. Ampliar a rede de profissionais qualificados para atendimento<br \/>\n7. Sensibilizar as organiza\u00e7\u00f5es para o acolhimento e a inclus\u00e3o<br \/>\n8. Orientar sobre ado\u00e7\u00e3o de pr\u00e1ticas inclusivas no ambiente de trabalho<br \/>\n9. Auxiliar na adapta\u00e7\u00e3o do meio ambiente do trabalho<\/p>\n<p><strong>Crit\u00e9rios para participa\u00e7\u00e3o no programa<\/strong><\/p>\n<p>1. Idade m\u00ednima de 18 anos;<br \/>\n2. Escolaridade m\u00ednima de Ensino Fundamental ou M\u00e9dio (preferencialmente);<br \/>\n3. Laudo psiqui\u00e1trico de TEA por CID 11\/IBNNeuro 6A02 &#8211; Transtorno do Espectro do Autismo, subcategorias:<br \/>\nI. 6A02.0 (TEA sem transtorno do desenvolvimento intelectual e com leve ou nenhum comprometimento de linguagem funcional),<br \/>\nII. 6A02.1 (TEA com transtorno do desenvolvimento intelectual e com leve ou nenhum comprometimento de linguagem funcional),<br \/>\nIII. 6A02.2 (TEA sem defici\u00eancia intelectual e com linguagem funcional prejudicada)<\/p>\n<p><strong>A\u00e7\u00f5es<\/strong><\/p>\n<p style=\"font-weight: 400;\">1. Avalia\u00e7\u00e3o psicol\u00f3gica e neuropsicol\u00f3gica<br \/>\n2. Programa de desenvolvimento de habilidades sociais e profissionais<br \/>\n3. Programa de sensibiliza\u00e7\u00e3o para as organiza\u00e7\u00f5es<br \/>\n4. Desenvolvimento de oportunidades de trabalho junto \u00e0s organiza\u00e7\u00f5es<br \/>\n5. Avalia\u00e7\u00e3o de compatibilidade e correla\u00e7\u00e3o<br \/>\n6. Plano individual de adapta\u00e7\u00e3o profissional<br \/>\n7. Acompanhamento de engajamento profissional<\/p>\n<p>Como projeto de ensino, pesquisa e extens\u00e3o, o PIP TEA se articula com o Curso de Gradua\u00e7\u00e3o em Psicologia e com os Programas de P\u00f3s-Gradua\u00e7\u00e3o <em>Stricto Sensu<\/em> em Sa\u00fade Coletiva e em Psicologia, Desenvolvimento e Pol\u00edticas P\u00fablicas.<\/p>\n<p><strong>Psic\u00f3logos respons\u00e1veis<\/strong><br \/>\nProf\u00aa. Me. Fl\u00e1via Henriques<br \/>\nProf\u00aa. Dr\u00aa. Luana Carramillo Going<br \/>\nProf\u00aa. Me. Mariane Menezes Roldan<br \/>\nProf. Me. Wagner Jos\u00e9 Tedesco<\/p>\n<p><strong>Informa\u00e7\u00f5es e Agendamento<\/strong><br \/>\nCl\u00ednica de Psicologia da Universidade Cat\u00f3lica de Santos<br \/>\nCampus Dom Id\u00edlio Jos\u00e9 Soares<br \/>\nAvenida Conselheiro N\u00e9bias, 300, Vila Mathias &#8211; Santos &#8211; SP<br \/>\nTelefone: 3228-1218\u00a0<img loading=\"lazy\" decoding=\"async\" class=\"alignnone wp-image-98 \" src=\"http:\/\/www.unisantos.br\/clinicapsicologia\/wp-content\/uploads\/sites\/89\/2024\/04\/whatsapp-150x150.png\" alt=\"\" width=\"28\" height=\"28\" srcset=\"https:\/\/www.unisantos.br\/clinicapsicologia\/wp-content\/uploads\/sites\/89\/2024\/04\/whatsapp-150x150.png 150w, https:\/\/www.unisantos.br\/clinicapsicologia\/wp-content\/uploads\/sites\/89\/2024\/04\/whatsapp-300x300.png 300w, https:\/\/www.unisantos.br\/clinicapsicologia\/wp-content\/uploads\/sites\/89\/2024\/04\/whatsapp.png 640w\" sizes=\"(max-width: 28px) 100vw, 28px\" \/><\/p>\n","protected":false},"excerpt":{"rendered":"<p>O Programa de Desenvolvimento para Inclus\u00e3o Profissional de Pessoas com Transtorno do Espectro do Autismo (TEA) proporciona um ambiente de [&hellip;]<\/p>\n","protected":false},"author":1,"featured_media":79,"parent":0,"menu_order":0,"comment_status":"closed","ping_status":"closed","template":"","meta":{"_acf_changed":false,"footnotes":""},"acf":[],"_links":{"self":[{"href":"https:\/\/www.unisantos.br\/clinicapsicologia\/wp-json\/wp\/v2\/pages\/14"}],"collection":[{"href":"https:\/\/www.unisantos.br\/clinicapsicologia\/wp-json\/wp\/v2\/pages"}],"about":[{"href":"https:\/\/www.unisantos.br\/clinicapsicologia\/wp-json\/wp\/v2\/types\/page"}],"author":[{"embeddable":true,"href":"https:\/\/www.unisantos.br\/clinicapsicologia\/wp-json\/wp\/v2\/users\/1"}],"replies":[{"embeddable":true,"href":"https:\/\/www.unisantos.br\/clinicapsicologia\/wp-json\/wp\/v2\/comments?post=14"}],"version-history":[{"count":26,"href":"https:\/\/www.unisantos.br\/clinicapsicologia\/wp-json\/wp\/v2\/pages\/14\/revisions"}],"predecessor-version":[{"id":191,"href":"https:\/\/www.unisantos.br\/clinicapsicologia\/wp-json\/wp\/v2\/pages\/14\/revisions\/191"}],"wp:featuredmedia":[{"embeddable":true,"href":"https:\/\/www.unisantos.br\/clinicapsicologia\/wp-json\/wp\/v2\/media\/79"}],"wp:attachment":[{"href":"https:\/\/www.unisantos.br\/clinicapsicologia\/wp-json\/wp\/v2\/media?parent=14"}],"curies":[{"name":"wp","href":"https:\/\/api.w.org\/{rel}","templated":true}]}}