{"id":95,"date":"2024-03-07T16:58:53","date_gmt":"2024-03-07T19:58:53","guid":{"rendered":"https:\/\/www.unisantos.br\/centrostecnologia\/?page_id=95"},"modified":"2024-03-08T16:13:38","modified_gmt":"2024-03-08T19:13:38","slug":"laboratorio-de-noticias-unisantos-tribuna","status":"publish","type":"page","link":"https:\/\/www.unisantos.br\/centrostecnologia\/artes-design-e-producao-audiovisual\/programas\/laboratorio-de-noticias-unisantos-tribuna\/","title":{"rendered":"Laborat\u00f3rio de Not\u00edcias UniSantos-Tribuna"},"content":{"rendered":"<p>O Laborat\u00f3rio de Not\u00edcias UniSantos-Tribuna (Tribuna Lab) \u00e9 uma parceria exclusiva entre a UniSantos e o Grupo Tribuna (jornal, r\u00e1dio, TV e Tribuna online) para aprimoramento da forma\u00e7\u00e3o acad\u00eamica e qualifica\u00e7\u00e3o profissional na \u00e1rea de Comunica\u00e7\u00e3o, em di\u00e1logo com diversas \u00e1reas do conhecimento, por meio de projetos de extens\u00e3o universit\u00e1ria, projetos de pesquisa, desenvolvimento de produtos, concep\u00e7\u00e3o de solu\u00e7\u00f5es tecnol\u00f3gicas inovadoras, eventos, cursos, workshops, publica\u00e7\u00f5es, est\u00e1gios curriculares, visitas monitoradas e veicula\u00e7\u00e3o de produ\u00e7\u00e3o realizada na Universidade nos formatos de textos, fotos, v\u00eddeos e podcasts.<\/p>\n<p>O Tribuna Lab garante a publica\u00e7\u00e3o e veicula\u00e7\u00e3o de conte\u00fados produzidos por estudantes dos cursos de Comunica\u00e7\u00e3o, sob a supervis\u00e3o de professores, nos ve\u00edculos do Grupo Tribuna. Al\u00e9m dessa parceria, UniSantos e Grupo Tribuna desenvolvem a C\u00e1tedra Giusfredo Santini.<\/p>\n","protected":false},"excerpt":{"rendered":"<p>O Laborat\u00f3rio de Not\u00edcias UniSantos-Tribuna (Tribuna Lab) \u00e9 uma parceria exclusiva entre a UniSantos e o Grupo Tribuna (jornal, r\u00e1dio, [&hellip;]<\/p>\n","protected":false},"author":1,"featured_media":0,"parent":81,"menu_order":0,"comment_status":"closed","ping_status":"closed","template":"","meta":{"_acf_changed":false,"footnotes":""},"acf":[],"_links":{"self":[{"href":"https:\/\/www.unisantos.br\/centrostecnologia\/wp-json\/wp\/v2\/pages\/95"}],"collection":[{"href":"https:\/\/www.unisantos.br\/centrostecnologia\/wp-json\/wp\/v2\/pages"}],"about":[{"href":"https:\/\/www.unisantos.br\/centrostecnologia\/wp-json\/wp\/v2\/types\/page"}],"author":[{"embeddable":true,"href":"https:\/\/www.unisantos.br\/centrostecnologia\/wp-json\/wp\/v2\/users\/1"}],"replies":[{"embeddable":true,"href":"https:\/\/www.unisantos.br\/centrostecnologia\/wp-json\/wp\/v2\/comments?post=95"}],"version-history":[{"count":3,"href":"https:\/\/www.unisantos.br\/centrostecnologia\/wp-json\/wp\/v2\/pages\/95\/revisions"}],"predecessor-version":[{"id":120,"href":"https:\/\/www.unisantos.br\/centrostecnologia\/wp-json\/wp\/v2\/pages\/95\/revisions\/120"}],"up":[{"embeddable":true,"href":"https:\/\/www.unisantos.br\/centrostecnologia\/wp-json\/wp\/v2\/pages\/81"}],"wp:attachment":[{"href":"https:\/\/www.unisantos.br\/centrostecnologia\/wp-json\/wp\/v2\/media?parent=95"}],"curies":[{"name":"wp","href":"https:\/\/api.w.org\/{rel}","templated":true}]}}