{"id":882,"date":"2025-01-27T18:14:09","date_gmt":"2025-01-27T21:14:09","guid":{"rendered":"https:\/\/www.unisantos.br\/centrostecnologia\/?page_id=882"},"modified":"2025-03-14T17:45:43","modified_gmt":"2025-03-14T20:45:43","slug":"boletim-da-cesta-basica","status":"publish","type":"page","link":"https:\/\/www.unisantos.br\/centrostecnologia\/artes-design-e-producao-audiovisual\/programas\/boletim-da-cesta-basica\/","title":{"rendered":"Boletim da Cesta B\u00e1sica"},"content":{"rendered":"\n<p>Projeto que prev\u00ea a realiza\u00e7\u00e3o de pesquisa mensal de pre\u00e7os dos produtos que comp\u00f5em a cesta b\u00e1sica em Santos, em at\u00e9 20 supermercados, disponibilizada \u00e0 popula\u00e7\u00e3o por conta de acordo de coopera\u00e7\u00e3o entre a UNISANTOS e a Prefeitura de Santos. A parceria prev\u00ea a atua\u00e7\u00e3o dos estagi\u00e1rios do curso de Ci\u00eancias Econ\u00f4micas no Departamento de Or\u00e7amento e Gest\u00e3o da Prefeitura.<\/p>\n\n\n\n<p>Esses estudantes s\u00e3o respons\u00e1veis pelas pesquisas nos supermercados. A tabula\u00e7\u00e3o e an\u00e1lise dos resultados s\u00e3o feitas no Laborat\u00f3rio de Observa\u00e7\u00e3o Econ\u00f4mica Social (Labores) da Universidade. O Centro de Tecnologia e Inova\u00e7\u00e3o produz a vers\u00e3o em v\u00eddeo para divulgar os resultados.<br><br><\/p>\n\n\n\n<iframe loading=\"lazy\" width=\"560\" height=\"315\" src=\"https:\/\/www.youtube.com\/embed\/vJ6AFdwLZSE?si=nTi1hNsRom7pP3Nf\" title=\"YouTube video player\" frameborder=\"0\" allow=\"accelerometer; autoplay; clipboard-write; encrypted-media; gyroscope; picture-in-picture; web-share\" referrerpolicy=\"strict-origin-when-cross-origin\" allowfullscreen><\/iframe>\n\n\n\n<iframe loading=\"lazy\" width=\"560\" height=\"315\" src=\"https:\/\/www.youtube.com\/embed\/bNblrvdWz5Q?si=WKAd0VFAVHCy1ULe\" title=\"YouTube video player\" frameborder=\"0\" allow=\"accelerometer; autoplay; clipboard-write; encrypted-media; gyroscope; picture-in-picture; web-share\" referrerpolicy=\"strict-origin-when-cross-origin\" allowfullscreen><\/iframe>\n\n\n\n<iframe loading=\"lazy\" width=\"560\" height=\"315\" src=\"https:\/\/www.youtube.com\/embed\/rAE2L5628hQ?si=kc7IKnnbt_duN-is\" title=\"YouTube video player\" frameborder=\"0\" allow=\"accelerometer; autoplay; clipboard-write; encrypted-media; gyroscope; picture-in-picture; web-share\" referrerpolicy=\"strict-origin-when-cross-origin\" allowfullscreen><\/iframe>\n\n\n\n<iframe loading=\"lazy\" width=\"560\" height=\"315\" src=\"https:\/\/www.youtube.com\/embed\/48nEYZPtBz4?si=UOlYBMcvAAdKwBCx\" title=\"YouTube video player\" frameborder=\"0\" allow=\"accelerometer; autoplay; clipboard-write; encrypted-media; gyroscope; picture-in-picture; web-share\" referrerpolicy=\"strict-origin-when-cross-origin\" allowfullscreen><\/iframe>\n","protected":false},"excerpt":{"rendered":"<p>Projeto que prev\u00ea a realiza\u00e7\u00e3o de pesquisa mensal de pre\u00e7os dos produtos que comp\u00f5em a cesta b\u00e1sica em Santos, em [&hellip;]<\/p>\n","protected":false},"author":1,"featured_media":0,"parent":81,"menu_order":0,"comment_status":"closed","ping_status":"closed","template":"","meta":{"_acf_changed":false,"footnotes":""},"acf":[],"_links":{"self":[{"href":"https:\/\/www.unisantos.br\/centrostecnologia\/wp-json\/wp\/v2\/pages\/882"}],"collection":[{"href":"https:\/\/www.unisantos.br\/centrostecnologia\/wp-json\/wp\/v2\/pages"}],"about":[{"href":"https:\/\/www.unisantos.br\/centrostecnologia\/wp-json\/wp\/v2\/types\/page"}],"author":[{"embeddable":true,"href":"https:\/\/www.unisantos.br\/centrostecnologia\/wp-json\/wp\/v2\/users\/1"}],"replies":[{"embeddable":true,"href":"https:\/\/www.unisantos.br\/centrostecnologia\/wp-json\/wp\/v2\/comments?post=882"}],"version-history":[{"count":15,"href":"https:\/\/www.unisantos.br\/centrostecnologia\/wp-json\/wp\/v2\/pages\/882\/revisions"}],"predecessor-version":[{"id":1024,"href":"https:\/\/www.unisantos.br\/centrostecnologia\/wp-json\/wp\/v2\/pages\/882\/revisions\/1024"}],"up":[{"embeddable":true,"href":"https:\/\/www.unisantos.br\/centrostecnologia\/wp-json\/wp\/v2\/pages\/81"}],"wp:attachment":[{"href":"https:\/\/www.unisantos.br\/centrostecnologia\/wp-json\/wp\/v2\/media?parent=882"}],"curies":[{"name":"wp","href":"https:\/\/api.w.org\/{rel}","templated":true}]}}