{"id":879,"date":"2025-01-27T17:54:49","date_gmt":"2025-01-27T20:54:49","guid":{"rendered":"https:\/\/www.unisantos.br\/centrostecnologia\/?page_id=879"},"modified":"2025-01-27T17:56:05","modified_gmt":"2025-01-27T20:56:05","slug":"jornal-da-orla","status":"publish","type":"page","link":"https:\/\/www.unisantos.br\/centrostecnologia\/artes-design-e-producao-audiovisual\/programas\/jornal-da-orla\/","title":{"rendered":"Jornal da Orla"},"content":{"rendered":"\n<p>Parceria firmada entre a Universidade e o Jornal da Orla que prev\u00ea a veicula\u00e7\u00e3o de conte\u00fados multiplataforma elaborados por estudantes, com a supervis\u00e3o de docentes. A parceria foi iniciada com a veicula\u00e7\u00e3o do programa esportivo Toque de Prima, produzido e apresentado pelos estudantes do curso de Jornalismo.<\/p>\n\n\n\n<p>A estreia aconteceu no dia 21 de outubro de 2024, no \u00a0<a href=\"https:\/\/www.youtube.com\/@OrlaPlayEsportes\">OrlaPlay Esportes<\/a>, canal do Jornal da Orla no YouTube. O Toque de Prima \u00e9 apresentado ao vivo, \u00e0s segundas e quintas-feiras, das 13h30 \u00e0s 14h30, no canal <a href=\"https:\/\/www.youtube.com\/@OrlaPlayEsportes\">Orla Play Esportes<\/a>. Novas produ\u00e7\u00f5es est\u00e3o constantemente sendo preparadas para entrar na programa\u00e7\u00e3o das plataformas digitais do Jornal da Orla.<\/p>\n","protected":false},"excerpt":{"rendered":"<p>Parceria firmada entre a Universidade e o Jornal da Orla que prev\u00ea a veicula\u00e7\u00e3o de conte\u00fados multiplataforma elaborados por estudantes, [&hellip;]<\/p>\n","protected":false},"author":1,"featured_media":0,"parent":81,"menu_order":0,"comment_status":"closed","ping_status":"closed","template":"","meta":{"_acf_changed":false,"footnotes":""},"acf":[],"_links":{"self":[{"href":"https:\/\/www.unisantos.br\/centrostecnologia\/wp-json\/wp\/v2\/pages\/879"}],"collection":[{"href":"https:\/\/www.unisantos.br\/centrostecnologia\/wp-json\/wp\/v2\/pages"}],"about":[{"href":"https:\/\/www.unisantos.br\/centrostecnologia\/wp-json\/wp\/v2\/types\/page"}],"author":[{"embeddable":true,"href":"https:\/\/www.unisantos.br\/centrostecnologia\/wp-json\/wp\/v2\/users\/1"}],"replies":[{"embeddable":true,"href":"https:\/\/www.unisantos.br\/centrostecnologia\/wp-json\/wp\/v2\/comments?post=879"}],"version-history":[{"count":1,"href":"https:\/\/www.unisantos.br\/centrostecnologia\/wp-json\/wp\/v2\/pages\/879\/revisions"}],"predecessor-version":[{"id":880,"href":"https:\/\/www.unisantos.br\/centrostecnologia\/wp-json\/wp\/v2\/pages\/879\/revisions\/880"}],"up":[{"embeddable":true,"href":"https:\/\/www.unisantos.br\/centrostecnologia\/wp-json\/wp\/v2\/pages\/81"}],"wp:attachment":[{"href":"https:\/\/www.unisantos.br\/centrostecnologia\/wp-json\/wp\/v2\/media?parent=879"}],"curies":[{"name":"wp","href":"https:\/\/api.w.org\/{rel}","templated":true}]}}