{"id":84,"date":"2024-03-07T16:38:17","date_gmt":"2024-03-07T19:38:17","guid":{"rendered":"https:\/\/www.unisantos.br\/centrostecnologia\/?page_id=84"},"modified":"2024-03-22T00:12:30","modified_gmt":"2024-03-22T03:12:30","slug":"programa-mostra-de-pesquisa-em-comunicacao","status":"publish","type":"page","link":"https:\/\/www.unisantos.br\/centrostecnologia\/artes-design-e-producao-audiovisual\/programas\/programa-mostra-de-pesquisa-em-comunicacao\/","title":{"rendered":"Mostra de Pesquisa em Comunica\u00e7\u00e3o"},"content":{"rendered":"<p>A Mostra de Pesquisa em Comunica\u00e7\u00e3o \u00e9 realizada pela C\u00e1tedra Giusfredo Santini. Criada em 2003, ela \u00e9 fruto de parceria entre a UniSantos e o Grupo Tribuna, e busca promover o di\u00e1logo, estudos e pesquisas, com foco na comunica\u00e7\u00e3o regional e os impactos das tecnologias na difus\u00e3o da informa\u00e7\u00e3o e produ\u00e7\u00e3o do conhecimento.<\/p>\n<p>A mostra, al\u00e9m de cursos, encontros, semin\u00e1rios e palestras, tem a participa\u00e7\u00e3o de pesquisadores, profissionais, docentes e estudantes. Nela, s\u00e3o discutidos temas da atualidade e de interesse social, considerados pertinentes para a informa\u00e7\u00e3o, para constru\u00e7\u00e3o da cidadania participativa por meio da educa\u00e7\u00e3o, al\u00e9m do esclarecimento \u00e0 opini\u00e3o p\u00fablica.<\/p>\n","protected":false},"excerpt":{"rendered":"<p>A Mostra de Pesquisa em Comunica\u00e7\u00e3o \u00e9 realizada pela C\u00e1tedra Giusfredo Santini. Criada em 2003, ela \u00e9 fruto de parceria [&hellip;]<\/p>\n","protected":false},"author":1,"featured_media":0,"parent":81,"menu_order":0,"comment_status":"closed","ping_status":"closed","template":"","meta":{"_acf_changed":false,"footnotes":""},"acf":[],"_links":{"self":[{"href":"https:\/\/www.unisantos.br\/centrostecnologia\/wp-json\/wp\/v2\/pages\/84"}],"collection":[{"href":"https:\/\/www.unisantos.br\/centrostecnologia\/wp-json\/wp\/v2\/pages"}],"about":[{"href":"https:\/\/www.unisantos.br\/centrostecnologia\/wp-json\/wp\/v2\/types\/page"}],"author":[{"embeddable":true,"href":"https:\/\/www.unisantos.br\/centrostecnologia\/wp-json\/wp\/v2\/users\/1"}],"replies":[{"embeddable":true,"href":"https:\/\/www.unisantos.br\/centrostecnologia\/wp-json\/wp\/v2\/comments?post=84"}],"version-history":[{"count":5,"href":"https:\/\/www.unisantos.br\/centrostecnologia\/wp-json\/wp\/v2\/pages\/84\/revisions"}],"predecessor-version":[{"id":409,"href":"https:\/\/www.unisantos.br\/centrostecnologia\/wp-json\/wp\/v2\/pages\/84\/revisions\/409"}],"up":[{"embeddable":true,"href":"https:\/\/www.unisantos.br\/centrostecnologia\/wp-json\/wp\/v2\/pages\/81"}],"wp:attachment":[{"href":"https:\/\/www.unisantos.br\/centrostecnologia\/wp-json\/wp\/v2\/media?parent=84"}],"curies":[{"name":"wp","href":"https:\/\/api.w.org\/{rel}","templated":true}]}}