{"id":81,"date":"2024-03-07T16:36:54","date_gmt":"2024-03-07T19:36:54","guid":{"rendered":"https:\/\/www.unisantos.br\/centrostecnologia\/?page_id=81"},"modified":"2025-02-05T15:46:06","modified_gmt":"2025-02-05T18:46:06","slug":"programas","status":"publish","type":"page","link":"https:\/\/www.unisantos.br\/centrostecnologia\/artes-design-e-producao-audiovisual\/programas\/","title":{"rendered":"Programas"},"content":{"rendered":"\n<figure class=\"wp-block-image\"><a href=\"https:\/\/www.unisantos.br\/centrostecnologia\/artes-design-e-producao-audiovisual\/programas\/laboratorio-de-noticias-unisantos-tribuna\/\"><img loading=\"lazy\" decoding=\"async\" width=\"536\" height=\"100\" src=\"https:\/\/www.unisantos.br\/centrostecnologia\/wp-content\/uploads\/sites\/88\/2024\/03\/LOGO-LABORAT\u00d3RIO-DE-NOT\u00cdCIAS-UNISANTOS-TRIBUNA-1.png\" alt=\"\" class=\"wp-image-355\" srcset=\"https:\/\/www.unisantos.br\/centrostecnologia\/wp-content\/uploads\/sites\/88\/2024\/03\/LOGO-LABORAT\u00d3RIO-DE-NOT\u00cdCIAS-UNISANTOS-TRIBUNA-1.png 536w, https:\/\/www.unisantos.br\/centrostecnologia\/wp-content\/uploads\/sites\/88\/2024\/03\/LOGO-LABORAT\u00d3RIO-DE-NOT\u00cdCIAS-UNISANTOS-TRIBUNA-1-300x56.png 300w\" sizes=\"(max-width: 536px) 100vw, 536px\" \/><\/a><\/figure>\n\n\n\n<figure class=\"wp-block-image size-full\"><a href=\"https:\/\/www.unisantos.br\/centrostecnologia\/artes-design-e-producao-audiovisual\/programas\/jornal-da-orla\/\"><img loading=\"lazy\" decoding=\"async\" width=\"536\" height=\"100\" src=\"https:\/\/www.unisantos.br\/centrostecnologia\/wp-content\/uploads\/sites\/88\/2025\/02\/LOGO-jornal-da-orla.png\" alt=\"\" class=\"wp-image-903\" srcset=\"https:\/\/www.unisantos.br\/centrostecnologia\/wp-content\/uploads\/sites\/88\/2025\/02\/LOGO-jornal-da-orla.png 536w, https:\/\/www.unisantos.br\/centrostecnologia\/wp-content\/uploads\/sites\/88\/2025\/02\/LOGO-jornal-da-orla-300x56.png 300w\" sizes=\"(max-width: 536px) 100vw, 536px\" \/><\/a><\/figure>\n\n\n\n<figure class=\"wp-block-image\"><a href=\"https:\/\/www.unisantos.br\/centrostecnologia\/artes-design-e-producao-audiovisual\/programas\/programa-oficinas-quero\/\"><img loading=\"lazy\" decoding=\"async\" width=\"536\" height=\"100\" src=\"https:\/\/www.unisantos.br\/centrostecnologia\/wp-content\/uploads\/sites\/88\/2024\/03\/LOGO-OFICINAS-QUER\u00d4.png\" alt=\"\" class=\"wp-image-357\" srcset=\"https:\/\/www.unisantos.br\/centrostecnologia\/wp-content\/uploads\/sites\/88\/2024\/03\/LOGO-OFICINAS-QUER\u00d4.png 536w, https:\/\/www.unisantos.br\/centrostecnologia\/wp-content\/uploads\/sites\/88\/2024\/03\/LOGO-OFICINAS-QUER\u00d4-300x56.png 300w\" sizes=\"(max-width: 536px) 100vw, 536px\" \/><\/a><\/figure>\n\n\n\n<figure class=\"wp-block-image\"><a href=\"https:\/\/www.unisantos.br\/centrostecnologia\/artes-design-e-producao-audiovisual\/programas\/programa-quero-comunidade\/\"><img loading=\"lazy\" decoding=\"async\" width=\"536\" height=\"100\" src=\"https:\/\/www.unisantos.br\/centrostecnologia\/wp-content\/uploads\/sites\/88\/2024\/03\/LOGO-QUER\u00d4-COMUNIDADE.png\" alt=\"\" class=\"wp-image-360\" srcset=\"https:\/\/www.unisantos.br\/centrostecnologia\/wp-content\/uploads\/sites\/88\/2024\/03\/LOGO-QUER\u00d4-COMUNIDADE.png 536w, https:\/\/www.unisantos.br\/centrostecnologia\/wp-content\/uploads\/sites\/88\/2024\/03\/LOGO-QUER\u00d4-COMUNIDADE-300x56.png 300w\" sizes=\"(max-width: 536px) 100vw, 536px\" \/><\/a><\/figure>\n\n\n\n<figure class=\"wp-block-image\"><a href=\"https:\/\/www.unisantos.br\/centrostecnologia\/artes-design-e-producao-audiovisual\/programas\/programa-quero-na-escola\/\"><img loading=\"lazy\" decoding=\"async\" width=\"536\" height=\"100\" src=\"https:\/\/www.unisantos.br\/centrostecnologia\/wp-content\/uploads\/sites\/88\/2024\/03\/LOGO-QUER\u00d4-NA-ESCOLA.png\" alt=\"\" class=\"wp-image-362\" srcset=\"https:\/\/www.unisantos.br\/centrostecnologia\/wp-content\/uploads\/sites\/88\/2024\/03\/LOGO-QUER\u00d4-NA-ESCOLA.png 536w, https:\/\/www.unisantos.br\/centrostecnologia\/wp-content\/uploads\/sites\/88\/2024\/03\/LOGO-QUER\u00d4-NA-ESCOLA-300x56.png 300w\" sizes=\"(max-width: 536px) 100vw, 536px\" \/><\/a><\/figure>\n\n\n\n<figure class=\"wp-block-image\"><a href=\"https:\/\/www.unisantos.br\/centrostecnologia\/artes-design-e-producao-audiovisual\/programas\/programa-pre-estreias-nacionais-e-internacionais\/\"><img loading=\"lazy\" decoding=\"async\" width=\"536\" height=\"100\" src=\"https:\/\/www.unisantos.br\/centrostecnologia\/wp-content\/uploads\/sites\/88\/2024\/03\/LOGO-PR\u00c9-ESTREIAS-NACIONAIS-E-INTERNACIONAIS.png\" alt=\"\" class=\"wp-image-364\" srcset=\"https:\/\/www.unisantos.br\/centrostecnologia\/wp-content\/uploads\/sites\/88\/2024\/03\/LOGO-PR\u00c9-ESTREIAS-NACIONAIS-E-INTERNACIONAIS.png 536w, https:\/\/www.unisantos.br\/centrostecnologia\/wp-content\/uploads\/sites\/88\/2024\/03\/LOGO-PR\u00c9-ESTREIAS-NACIONAIS-E-INTERNACIONAIS-300x56.png 300w\" sizes=\"(max-width: 536px) 100vw, 536px\" \/><\/a><\/figure>\n\n\n\n<figure class=\"wp-block-image\"><a href=\"https:\/\/www.unisantos.br\/centrostecnologia\/artes-design-e-producao-audiovisual\/programas\/programa-seminario-de-ods-da-baixada-santista\/\"><img loading=\"lazy\" decoding=\"async\" width=\"536\" height=\"100\" src=\"https:\/\/www.unisantos.br\/centrostecnologia\/wp-content\/uploads\/sites\/88\/2024\/03\/LOGO-SEMIN\u00c1RIO-DE-ODS-DA-BAIXADA-SANTISTA-\u2013-TV-THATHI.png\" alt=\"\" class=\"wp-image-366\" srcset=\"https:\/\/www.unisantos.br\/centrostecnologia\/wp-content\/uploads\/sites\/88\/2024\/03\/LOGO-SEMIN\u00c1RIO-DE-ODS-DA-BAIXADA-SANTISTA-\u2013-TV-THATHI.png 536w, https:\/\/www.unisantos.br\/centrostecnologia\/wp-content\/uploads\/sites\/88\/2024\/03\/LOGO-SEMIN\u00c1RIO-DE-ODS-DA-BAIXADA-SANTISTA-\u2013-TV-THATHI-300x56.png 300w\" sizes=\"(max-width: 536px) 100vw, 536px\" \/><\/a><\/figure>\n\n\n\n<figure class=\"wp-block-image\"><a href=\"https:\/\/www.unisantos.br\/centrostecnologia\/artes-design-e-producao-audiovisual\/programas\/programa-seminario-de-ods-da-baixada-santista-wordcom\/\"><img loading=\"lazy\" decoding=\"async\" width=\"536\" height=\"100\" src=\"https:\/\/www.unisantos.br\/centrostecnologia\/wp-content\/uploads\/sites\/88\/2024\/03\/LOGO-SEMIN\u00c1RIO-DE-ODS-DA-BAIXADA-SANTISTA-\u2013-WORDCOM.png\" alt=\"\" class=\"wp-image-368\" srcset=\"https:\/\/www.unisantos.br\/centrostecnologia\/wp-content\/uploads\/sites\/88\/2024\/03\/LOGO-SEMIN\u00c1RIO-DE-ODS-DA-BAIXADA-SANTISTA-\u2013-WORDCOM.png 536w, https:\/\/www.unisantos.br\/centrostecnologia\/wp-content\/uploads\/sites\/88\/2024\/03\/LOGO-SEMIN\u00c1RIO-DE-ODS-DA-BAIXADA-SANTISTA-\u2013-WORDCOM-300x56.png 300w\" sizes=\"(max-width: 536px) 100vw, 536px\" \/><\/a><\/figure>\n\n\n\n<figure class=\"wp-block-image\"><a href=\"https:\/\/www.unisantos.br\/centrostecnologia\/artes-design-e-producao-audiovisual\/programas\/vilas-criativas\/\"><img loading=\"lazy\" decoding=\"async\" width=\"536\" height=\"100\" src=\"https:\/\/www.unisantos.br\/centrostecnologia\/wp-content\/uploads\/sites\/88\/2024\/03\/LOGO-VILAS-CRIATIVAS.png\" alt=\"\" class=\"wp-image-370\" srcset=\"https:\/\/www.unisantos.br\/centrostecnologia\/wp-content\/uploads\/sites\/88\/2024\/03\/LOGO-VILAS-CRIATIVAS.png 536w, https:\/\/www.unisantos.br\/centrostecnologia\/wp-content\/uploads\/sites\/88\/2024\/03\/LOGO-VILAS-CRIATIVAS-300x56.png 300w\" sizes=\"(max-width: 536px) 100vw, 536px\" \/><\/a><\/figure>\n\n\n\n<figure class=\"wp-block-image\"><a href=\"https:\/\/www.unisantos.br\/centrostecnologia\/artes-design-e-producao-audiovisual\/programas\/programa-de-apoio-ao-festival-santos-film-fest\/\"><img loading=\"lazy\" decoding=\"async\" width=\"536\" height=\"100\" src=\"https:\/\/www.unisantos.br\/centrostecnologia\/wp-content\/uploads\/sites\/88\/2024\/03\/LOGO-APOIO-AO-FESTIVAL-SANTOS-FILM-FEST.png\" alt=\"\" class=\"wp-image-372\" srcset=\"https:\/\/www.unisantos.br\/centrostecnologia\/wp-content\/uploads\/sites\/88\/2024\/03\/LOGO-APOIO-AO-FESTIVAL-SANTOS-FILM-FEST.png 536w, https:\/\/www.unisantos.br\/centrostecnologia\/wp-content\/uploads\/sites\/88\/2024\/03\/LOGO-APOIO-AO-FESTIVAL-SANTOS-FILM-FEST-300x56.png 300w\" sizes=\"(max-width: 536px) 100vw, 536px\" \/><\/a><\/figure>\n\n\n\n<figure class=\"wp-block-image\"><a href=\"https:\/\/www.unisantos.br\/centrostecnologia\/artes-design-e-producao-audiovisual\/programas\/programa-mostra-de-pesquisa-em-comunicacao\/\"><img loading=\"lazy\" decoding=\"async\" width=\"536\" height=\"100\" src=\"https:\/\/www.unisantos.br\/centrostecnologia\/wp-content\/uploads\/sites\/88\/2024\/03\/LOGO-PESQUISA-EM-COMUNICA\u00c7\u00c3O-3.png\" alt=\"\" class=\"wp-image-388\" srcset=\"https:\/\/www.unisantos.br\/centrostecnologia\/wp-content\/uploads\/sites\/88\/2024\/03\/LOGO-PESQUISA-EM-COMUNICA\u00c7\u00c3O-3.png 536w, https:\/\/www.unisantos.br\/centrostecnologia\/wp-content\/uploads\/sites\/88\/2024\/03\/LOGO-PESQUISA-EM-COMUNICA\u00c7\u00c3O-3-300x56.png 300w\" sizes=\"(max-width: 536px) 100vw, 536px\" \/><\/a><\/figure>\n\n\n\n<figure class=\"wp-block-image\"><a href=\"https:\/\/www.unisantos.br\/centrostecnologia\/artes-design-e-producao-audiovisual\/programas\/programa-mesa-redonda\/\"><img loading=\"lazy\" decoding=\"async\" width=\"536\" height=\"100\" src=\"https:\/\/www.unisantos.br\/centrostecnologia\/wp-content\/uploads\/sites\/88\/2024\/03\/LOGO-MESA-REDONDA-\u2013-R\u00c1DIO-BOA-NOVA.png\" alt=\"\" class=\"wp-image-376\" srcset=\"https:\/\/www.unisantos.br\/centrostecnologia\/wp-content\/uploads\/sites\/88\/2024\/03\/LOGO-MESA-REDONDA-\u2013-R\u00c1DIO-BOA-NOVA.png 536w, https:\/\/www.unisantos.br\/centrostecnologia\/wp-content\/uploads\/sites\/88\/2024\/03\/LOGO-MESA-REDONDA-\u2013-R\u00c1DIO-BOA-NOVA-300x56.png 300w\" sizes=\"(max-width: 536px) 100vw, 536px\" \/><\/a><\/figure>\n\n\n\n<figure class=\"wp-block-image\"><a href=\"https:\/\/www.unisantos.br\/centrostecnologia\/artes-design-e-producao-audiovisual\/programas\/programa-toque-de-prima\/\"><img loading=\"lazy\" decoding=\"async\" width=\"536\" height=\"100\" src=\"https:\/\/www.unisantos.br\/centrostecnologia\/wp-content\/uploads\/sites\/88\/2024\/03\/LOGO-TOQUE-DE-PRIMA.png\" alt=\"\" class=\"wp-image-377\" srcset=\"https:\/\/www.unisantos.br\/centrostecnologia\/wp-content\/uploads\/sites\/88\/2024\/03\/LOGO-TOQUE-DE-PRIMA.png 536w, https:\/\/www.unisantos.br\/centrostecnologia\/wp-content\/uploads\/sites\/88\/2024\/03\/LOGO-TOQUE-DE-PRIMA-300x56.png 300w\" sizes=\"(max-width: 536px) 100vw, 536px\" \/><\/a><\/figure>\n\n\n\n<figure class=\"wp-block-image size-full\"><a href=\"https:\/\/www.unisantos.br\/centrostecnologia\/artes-design-e-producao-audiovisual\/programas\/programa-materia-prima\/\"><img loading=\"lazy\" decoding=\"async\" width=\"536\" height=\"100\" src=\"https:\/\/www.unisantos.br\/centrostecnologia\/wp-content\/uploads\/sites\/88\/2025\/02\/LOGO-MATERIA-PRIMA-2-2.png\" alt=\"\" class=\"wp-image-914\" srcset=\"https:\/\/www.unisantos.br\/centrostecnologia\/wp-content\/uploads\/sites\/88\/2025\/02\/LOGO-MATERIA-PRIMA-2-2.png 536w, https:\/\/www.unisantos.br\/centrostecnologia\/wp-content\/uploads\/sites\/88\/2025\/02\/LOGO-MATERIA-PRIMA-2-2-300x56.png 300w\" sizes=\"(max-width: 536px) 100vw, 536px\" \/><\/a><\/figure>\n\n\n\n<figure class=\"wp-block-image size-full\"><a href=\"https:\/\/www.unisantos.br\/centrostecnologia\/artes-design-e-producao-audiovisual\/programas\/programa-urbanidades\/\"><img loading=\"lazy\" decoding=\"async\" width=\"536\" height=\"100\" src=\"https:\/\/www.unisantos.br\/centrostecnologia\/wp-content\/uploads\/sites\/88\/2025\/02\/LOGO-URBANIDADES-2.png\" alt=\"\" class=\"wp-image-915\" srcset=\"https:\/\/www.unisantos.br\/centrostecnologia\/wp-content\/uploads\/sites\/88\/2025\/02\/LOGO-URBANIDADES-2.png 536w, https:\/\/www.unisantos.br\/centrostecnologia\/wp-content\/uploads\/sites\/88\/2025\/02\/LOGO-URBANIDADES-2-300x56.png 300w\" sizes=\"(max-width: 536px) 100vw, 536px\" \/><\/a><\/figure>\n\n\n\n<figure class=\"wp-block-image\"><a href=\"https:\/\/www.unisantos.br\/centrostecnologia\/artes-design-e-producao-audiovisual\/programas\/programa-formacao-permanente\/\"><img loading=\"lazy\" decoding=\"async\" width=\"536\" height=\"100\" src=\"https:\/\/www.unisantos.br\/centrostecnologia\/wp-content\/uploads\/sites\/88\/2024\/03\/LOGO-FORMA\u00c7\u00c3O-PERMANENTE-2.png\" alt=\"\" class=\"wp-image-382\" srcset=\"https:\/\/www.unisantos.br\/centrostecnologia\/wp-content\/uploads\/sites\/88\/2024\/03\/LOGO-FORMA\u00c7\u00c3O-PERMANENTE-2.png 536w, https:\/\/www.unisantos.br\/centrostecnologia\/wp-content\/uploads\/sites\/88\/2024\/03\/LOGO-FORMA\u00c7\u00c3O-PERMANENTE-2-300x56.png 300w\" sizes=\"(max-width: 536px) 100vw, 536px\" \/><\/a><\/figure>\n\n\n\n<figure class=\"wp-block-image size-full\"><a href=\"https:\/\/www.unisantos.br\/centrostecnologia\/artes-design-e-producao-audiovisual\/programas\/boletim-da-cesta-basica\/\"><img loading=\"lazy\" decoding=\"async\" width=\"536\" height=\"100\" src=\"https:\/\/www.unisantos.br\/centrostecnologia\/wp-content\/uploads\/sites\/88\/2025\/01\/LOGO-Boletim-da-Cesta-Basica.png\" alt=\"\" class=\"wp-image-877\" srcset=\"https:\/\/www.unisantos.br\/centrostecnologia\/wp-content\/uploads\/sites\/88\/2025\/01\/LOGO-Boletim-da-Cesta-Basica.png 536w, https:\/\/www.unisantos.br\/centrostecnologia\/wp-content\/uploads\/sites\/88\/2025\/01\/LOGO-Boletim-da-Cesta-Basica-300x56.png 300w\" sizes=\"(max-width: 536px) 100vw, 536px\" \/><\/a><\/figure>\n\n\n\n<figure class=\"wp-block-image\"><a href=\"https:\/\/www.unisantos.br\/centrostecnologia\/artes-design-e-producao-audiovisual\/programas\/programa-curta-na-escola\/\"><img loading=\"lazy\" decoding=\"async\" width=\"536\" height=\"100\" src=\"https:\/\/www.unisantos.br\/centrostecnologia\/wp-content\/uploads\/sites\/88\/2024\/03\/LOGO-CURTA-NA-ESCOLA.png\" alt=\"\" class=\"wp-image-385\" srcset=\"https:\/\/www.unisantos.br\/centrostecnologia\/wp-content\/uploads\/sites\/88\/2024\/03\/LOGO-CURTA-NA-ESCOLA.png 536w, https:\/\/www.unisantos.br\/centrostecnologia\/wp-content\/uploads\/sites\/88\/2024\/03\/LOGO-CURTA-NA-ESCOLA-300x56.png 300w\" sizes=\"(max-width: 536px) 100vw, 536px\" \/><\/a><\/figure>\n\n\n\n<figure class=\"wp-block-image\"><a href=\"https:\/\/www.unisantos.br\/centrostecnologia\/artes-design-e-producao-audiovisual\/programas\/programa-estudio-oficina-para-producao-audiovisual\/\"><img loading=\"lazy\" decoding=\"async\" width=\"536\" height=\"100\" src=\"https:\/\/www.unisantos.br\/centrostecnologia\/wp-content\/uploads\/sites\/88\/2024\/03\/LOGO-EST\u00daDIO-OFICINA-PARA-PRODU\u00c7\u00c3O-AUDIOVISUAL.png\" alt=\"\" class=\"wp-image-387\" srcset=\"https:\/\/www.unisantos.br\/centrostecnologia\/wp-content\/uploads\/sites\/88\/2024\/03\/LOGO-EST\u00daDIO-OFICINA-PARA-PRODU\u00c7\u00c3O-AUDIOVISUAL.png 536w, https:\/\/www.unisantos.br\/centrostecnologia\/wp-content\/uploads\/sites\/88\/2024\/03\/LOGO-EST\u00daDIO-OFICINA-PARA-PRODU\u00c7\u00c3O-AUDIOVISUAL-300x56.png 300w\" sizes=\"(max-width: 536px) 100vw, 536px\" \/><\/a><\/figure>\n","protected":false},"excerpt":{"rendered":"","protected":false},"author":1,"featured_media":0,"parent":22,"menu_order":0,"comment_status":"closed","ping_status":"closed","template":"","meta":{"_acf_changed":false,"footnotes":""},"acf":[],"_links":{"self":[{"href":"https:\/\/www.unisantos.br\/centrostecnologia\/wp-json\/wp\/v2\/pages\/81"}],"collection":[{"href":"https:\/\/www.unisantos.br\/centrostecnologia\/wp-json\/wp\/v2\/pages"}],"about":[{"href":"https:\/\/www.unisantos.br\/centrostecnologia\/wp-json\/wp\/v2\/types\/page"}],"author":[{"embeddable":true,"href":"https:\/\/www.unisantos.br\/centrostecnologia\/wp-json\/wp\/v2\/users\/1"}],"replies":[{"embeddable":true,"href":"https:\/\/www.unisantos.br\/centrostecnologia\/wp-json\/wp\/v2\/comments?post=81"}],"version-history":[{"count":64,"href":"https:\/\/www.unisantos.br\/centrostecnologia\/wp-json\/wp\/v2\/pages\/81\/revisions"}],"predecessor-version":[{"id":916,"href":"https:\/\/www.unisantos.br\/centrostecnologia\/wp-json\/wp\/v2\/pages\/81\/revisions\/916"}],"up":[{"embeddable":true,"href":"https:\/\/www.unisantos.br\/centrostecnologia\/wp-json\/wp\/v2\/pages\/22"}],"wp:attachment":[{"href":"https:\/\/www.unisantos.br\/centrostecnologia\/wp-json\/wp\/v2\/media?parent=81"}],"curies":[{"name":"wp","href":"https:\/\/api.w.org\/{rel}","templated":true}]}}