{"id":78,"date":"2024-03-07T16:26:21","date_gmt":"2024-03-07T19:26:21","guid":{"rendered":"https:\/\/www.unisantos.br\/centrostecnologia\/?page_id=78"},"modified":"2026-02-11T16:07:19","modified_gmt":"2026-02-11T19:07:19","slug":"infraestrutura","status":"publish","type":"page","link":"https:\/\/www.unisantos.br\/centrostecnologia\/artes-design-e-producao-audiovisual\/infraestrutura\/","title":{"rendered":"Infraestrutura"},"content":{"rendered":"<p><strong>EST\u00daDIOS DE PRODU\u00c7\u00c3O AUDIOVISUAL<\/strong><\/p>\n<p><strong>Est\u00fadio de TV e Cinema 1<u><br \/>\n<\/u><\/strong>Espa\u00e7o qualificado e equipado para a realiza\u00e7\u00e3o de atividades formativas e execu\u00e7\u00e3o de projetos relacionados \u00e0 produ\u00e7\u00e3o audiovisual, nas \u00e1reas do Jornalismo, da Publicidade e do Cinema para diferentes m\u00eddias que utilizem a linguagem audiovisual.<br \/>\n<img loading=\"lazy\" decoding=\"async\" class=\"alignnone wp-image-421 size-large\" src=\"https:\/\/www.unisantos.br\/centrostecnologia\/wp-content\/uploads\/sites\/88\/2024\/03\/estudio-tv-1-1024x577.jpg\" alt=\"\" width=\"640\" height=\"361\" srcset=\"https:\/\/www.unisantos.br\/centrostecnologia\/wp-content\/uploads\/sites\/88\/2024\/03\/estudio-tv-1-1024x577.jpg 1024w, https:\/\/www.unisantos.br\/centrostecnologia\/wp-content\/uploads\/sites\/88\/2024\/03\/estudio-tv-1-300x169.jpg 300w, https:\/\/www.unisantos.br\/centrostecnologia\/wp-content\/uploads\/sites\/88\/2024\/03\/estudio-tv-1-768x432.jpg 768w\" sizes=\"(max-width: 640px) 100vw, 640px\" \/><\/p>\n<p><strong>Est\u00fadio de TV e Cinema 2<br \/>\n<\/strong>Espa\u00e7o qualificado e equipado para a realiza\u00e7\u00e3o de atividades formativas e execu\u00e7\u00e3o de projetos relacionados \u00e0 produ\u00e7\u00e3o audiovisual, nas \u00e1reas do Jornalismo, da Publicidade e do Cinema para diferentes m\u00eddias que utilizem a linguagem audiovisual.<strong><br \/>\n<img loading=\"lazy\" decoding=\"async\" class=\"alignnone wp-image-423 size-large\" src=\"https:\/\/www.unisantos.br\/centrostecnologia\/wp-content\/uploads\/sites\/88\/2024\/03\/estudio-tv-2-1024x577.jpg\" alt=\"\" width=\"640\" height=\"361\" srcset=\"https:\/\/www.unisantos.br\/centrostecnologia\/wp-content\/uploads\/sites\/88\/2024\/03\/estudio-tv-2-1024x577.jpg 1024w, https:\/\/www.unisantos.br\/centrostecnologia\/wp-content\/uploads\/sites\/88\/2024\/03\/estudio-tv-2-300x169.jpg 300w, https:\/\/www.unisantos.br\/centrostecnologia\/wp-content\/uploads\/sites\/88\/2024\/03\/estudio-tv-2-768x432.jpg 768w\" sizes=\"(max-width: 640px) 100vw, 640px\" \/><br \/>\n<\/strong><\/p>\n<p><strong>Est\u00fadio de Podcast 1<\/strong><br \/>\nSala especial equipada com recursos para a grava\u00e7\u00e3o de projetos relacionados \u00e0s m\u00eddias sonoras, como podcasts.<br \/>\n<img loading=\"lazy\" decoding=\"async\" class=\"alignnone wp-image-425 size-large\" src=\"https:\/\/www.unisantos.br\/centrostecnologia\/wp-content\/uploads\/sites\/88\/2024\/03\/estudio-podcast-1-1024x577.jpg\" alt=\"\" width=\"640\" height=\"361\" srcset=\"https:\/\/www.unisantos.br\/centrostecnologia\/wp-content\/uploads\/sites\/88\/2024\/03\/estudio-podcast-1-1024x577.jpg 1024w, https:\/\/www.unisantos.br\/centrostecnologia\/wp-content\/uploads\/sites\/88\/2024\/03\/estudio-podcast-1-300x169.jpg 300w, https:\/\/www.unisantos.br\/centrostecnologia\/wp-content\/uploads\/sites\/88\/2024\/03\/estudio-podcast-1-768x432.jpg 768w\" sizes=\"(max-width: 640px) 100vw, 640px\" \/><\/p>\n<p><strong>Est\u00fadio de Podcast 2<br \/>\n<\/strong>Sala especial equipada com recursos para a grava\u00e7\u00e3o de projetos relacionados \u00e0s m\u00eddias sonoras, como podcasts.<strong><br \/>\n<img loading=\"lazy\" decoding=\"async\" class=\"alignnone wp-image-427 size-large\" src=\"https:\/\/www.unisantos.br\/centrostecnologia\/wp-content\/uploads\/sites\/88\/2024\/03\/estudio-podcast-2-1024x577.jpg\" alt=\"\" width=\"640\" height=\"361\" srcset=\"https:\/\/www.unisantos.br\/centrostecnologia\/wp-content\/uploads\/sites\/88\/2024\/03\/estudio-podcast-2-1024x577.jpg 1024w, https:\/\/www.unisantos.br\/centrostecnologia\/wp-content\/uploads\/sites\/88\/2024\/03\/estudio-podcast-2-300x169.jpg 300w, https:\/\/www.unisantos.br\/centrostecnologia\/wp-content\/uploads\/sites\/88\/2024\/03\/estudio-podcast-2-768x432.jpg 768w\" sizes=\"(max-width: 640px) 100vw, 640px\" \/><br \/>\n<\/strong><\/p>\n<p><strong>Est\u00fadio de Fotografia<\/strong><br \/>\nEspa\u00e7o equipado com recursos para a capta\u00e7\u00e3o de imagens fotogr\u00e1ficas, atende as aulas pr\u00e1ticas e projetos que envolvam a produ\u00e7\u00e3o de imagens em diversas \u00e1reas do conhecimento.<\/p>\n<p><img loading=\"lazy\" decoding=\"async\" class=\"alignnone wp-image-315 size-large\" src=\"https:\/\/www.unisantos.br\/centrostecnologia\/wp-content\/uploads\/sites\/88\/2024\/03\/WhatsApp-Image-2024-03-12-at-09.12.30-1024x576.jpeg\" alt=\"\" width=\"640\" height=\"360\" srcset=\"https:\/\/www.unisantos.br\/centrostecnologia\/wp-content\/uploads\/sites\/88\/2024\/03\/WhatsApp-Image-2024-03-12-at-09.12.30-1024x576.jpeg 1024w, https:\/\/www.unisantos.br\/centrostecnologia\/wp-content\/uploads\/sites\/88\/2024\/03\/WhatsApp-Image-2024-03-12-at-09.12.30-300x169.jpeg 300w, https:\/\/www.unisantos.br\/centrostecnologia\/wp-content\/uploads\/sites\/88\/2024\/03\/WhatsApp-Image-2024-03-12-at-09.12.30-768x432.jpeg 768w, https:\/\/www.unisantos.br\/centrostecnologia\/wp-content\/uploads\/sites\/88\/2024\/03\/WhatsApp-Image-2024-03-12-at-09.12.30.jpeg 1600w\" sizes=\"(max-width: 640px) 100vw, 640px\" \/><\/p>\n<p><strong>Est\u00fadio de R\u00e1dio e Videocast<\/strong><br \/>\nEspa\u00e7o equipado para a grava\u00e7\u00e3o e produ\u00e7\u00e3o de produtos sonoros e grava\u00e7\u00e3o de videocasts.<br \/>\n<img loading=\"lazy\" decoding=\"async\" class=\"alignnone wp-image-430 size-large\" src=\"https:\/\/www.unisantos.br\/centrostecnologia\/wp-content\/uploads\/sites\/88\/2024\/03\/estudio-radio-1024x577.jpg\" alt=\"\" width=\"640\" height=\"361\" srcset=\"https:\/\/www.unisantos.br\/centrostecnologia\/wp-content\/uploads\/sites\/88\/2024\/03\/estudio-radio-1024x577.jpg 1024w, https:\/\/www.unisantos.br\/centrostecnologia\/wp-content\/uploads\/sites\/88\/2024\/03\/estudio-radio-300x169.jpg 300w, https:\/\/www.unisantos.br\/centrostecnologia\/wp-content\/uploads\/sites\/88\/2024\/03\/estudio-radio-768x432.jpg 768w\" sizes=\"(max-width: 640px) 100vw, 640px\" \/><\/p>\n<p><strong>Ilhas de Anima\u00e7\u00e3o, Montagem e Finaliza\u00e7\u00e3o de Audiovisual<\/strong><br \/>\nSala com equipamentos dotados de recursos avan\u00e7ados para edi\u00e7\u00e3o, anima\u00e7\u00e3o, montagem e finaliza\u00e7\u00e3o de pe\u00e7as audiovisuais.<\/p>\n<p><img loading=\"lazy\" decoding=\"async\" class=\"alignnone wp-image-321 size-large\" src=\"https:\/\/www.unisantos.br\/centrostecnologia\/wp-content\/uploads\/sites\/88\/2024\/03\/WhatsApp-Image-2024-03-12-at-09.21.21-1024x576.jpeg\" alt=\"\" width=\"640\" height=\"360\" srcset=\"https:\/\/www.unisantos.br\/centrostecnologia\/wp-content\/uploads\/sites\/88\/2024\/03\/WhatsApp-Image-2024-03-12-at-09.21.21-1024x576.jpeg 1024w, https:\/\/www.unisantos.br\/centrostecnologia\/wp-content\/uploads\/sites\/88\/2024\/03\/WhatsApp-Image-2024-03-12-at-09.21.21-300x169.jpeg 300w, https:\/\/www.unisantos.br\/centrostecnologia\/wp-content\/uploads\/sites\/88\/2024\/03\/WhatsApp-Image-2024-03-12-at-09.21.21-768x432.jpeg 768w, https:\/\/www.unisantos.br\/centrostecnologia\/wp-content\/uploads\/sites\/88\/2024\/03\/WhatsApp-Image-2024-03-12-at-09.21.21.jpeg 1600w\" sizes=\"(max-width: 640px) 100vw, 640px\" \/><\/p>\n<p><strong>Laborat\u00f3rio de Reda\u00e7\u00e3o<\/strong><br \/>\nAmbiente de simula\u00e7\u00e3o de uma reda\u00e7\u00e3o de ve\u00edculo de comunica\u00e7\u00e3o\/ag\u00eancia, para a produ\u00e7\u00e3o de pe\u00e7as gr\u00e1ficas, roteiros e scripts.<\/p>\n<p><strong>Ag\u00eancia Experimental de Jornalismo<\/strong><br \/>\n\u00c9 um espa\u00e7o facilitador do curso de Jornalismo que associa extens\u00e3o e pesquisa na sua produ\u00e7\u00e3o. E, ainda, proporciona o conhecimento acumulado pela pr\u00e1tica, oferecendo aos alunos a oportunidade de experimenta\u00e7\u00e3o e cria\u00e7\u00e3o. \u00c1reas de atua\u00e7\u00e3o: prestar servi\u00e7os \u00e0 comunidade, com projetos internos e externos; atender a demanda social para cobertura jornal\u00edstica na divulga\u00e7\u00e3o de eventos e projetos sociais, educacionais e culturais; proporcionar aos alunos um espa\u00e7o para experimenta\u00e7\u00e3o profissional e inova\u00e7\u00e3o.<\/p>\n<p><img loading=\"lazy\" decoding=\"async\" class=\"alignnone wp-image-319 size-large\" src=\"https:\/\/www.unisantos.br\/centrostecnologia\/wp-content\/uploads\/sites\/88\/2024\/03\/WhatsApp-Image-2024-03-12-at-09.12.53-1024x576.jpeg\" alt=\"\" width=\"640\" height=\"360\" srcset=\"https:\/\/www.unisantos.br\/centrostecnologia\/wp-content\/uploads\/sites\/88\/2024\/03\/WhatsApp-Image-2024-03-12-at-09.12.53-1024x576.jpeg 1024w, https:\/\/www.unisantos.br\/centrostecnologia\/wp-content\/uploads\/sites\/88\/2024\/03\/WhatsApp-Image-2024-03-12-at-09.12.53-300x169.jpeg 300w, https:\/\/www.unisantos.br\/centrostecnologia\/wp-content\/uploads\/sites\/88\/2024\/03\/WhatsApp-Image-2024-03-12-at-09.12.53-768x432.jpeg 768w, https:\/\/www.unisantos.br\/centrostecnologia\/wp-content\/uploads\/sites\/88\/2024\/03\/WhatsApp-Image-2024-03-12-at-09.12.53.jpeg 1600w\" sizes=\"(max-width: 640px) 100vw, 640px\" \/><\/p>\n<p><strong>Ag\u00eancia Experimental de Publicidade<\/strong><br \/>\nDenominada Alcateia, \u00e9 um dos espa\u00e7os de aproxima\u00e7\u00e3o do aluno de Publicidade com o mercado. Constitui-se como um espa\u00e7o laboratorial exclusivo para a realiza\u00e7\u00e3o de campanhas publicit\u00e1rias por discentes de todos os semestres do curso. A Ag\u00eancia Experimental foi estruturada nos moldes das ag\u00eancias de publicidade sob a responsabilidade de um professor coordenador, funcionando nos per\u00edodos vespertino e noturno. Oferece suporte operacional \u00e0 comunica\u00e7\u00e3o de todos os cursos da Universidade, cabendo-lhe a pesquisa, planejamento, cria\u00e7\u00e3o e execu\u00e7\u00e3o de campanhas de comunica\u00e7\u00e3o de acordo com demandas apresentadas pelos coordenadores de curso.<\/p>\n<p><img loading=\"lazy\" decoding=\"async\" class=\"alignnone wp-image-311 size-large\" src=\"https:\/\/www.unisantos.br\/centrostecnologia\/wp-content\/uploads\/sites\/88\/2024\/03\/WhatsApp-Image-2024-03-12-at-09.11.33-1024x576.jpeg\" alt=\"\" width=\"640\" height=\"360\" srcset=\"https:\/\/www.unisantos.br\/centrostecnologia\/wp-content\/uploads\/sites\/88\/2024\/03\/WhatsApp-Image-2024-03-12-at-09.11.33-1024x576.jpeg 1024w, https:\/\/www.unisantos.br\/centrostecnologia\/wp-content\/uploads\/sites\/88\/2024\/03\/WhatsApp-Image-2024-03-12-at-09.11.33-300x169.jpeg 300w, https:\/\/www.unisantos.br\/centrostecnologia\/wp-content\/uploads\/sites\/88\/2024\/03\/WhatsApp-Image-2024-03-12-at-09.11.33-768x432.jpeg 768w, https:\/\/www.unisantos.br\/centrostecnologia\/wp-content\/uploads\/sites\/88\/2024\/03\/WhatsApp-Image-2024-03-12-at-09.11.33.jpeg 1600w\" sizes=\"(max-width: 640px) 100vw, 640px\" \/><\/p>\n<p><strong>Audit\u00f3rio<\/strong><br \/>\nEspa\u00e7o para palestras, confer\u00eancias, apresenta\u00e7\u00f5es e proje\u00e7\u00f5es para 120 pessoas, dotado com equipamentos multim\u00eddia.<\/p>\n<p><img loading=\"lazy\" decoding=\"async\" class=\"alignnone wp-image-327 size-large\" src=\"https:\/\/www.unisantos.br\/centrostecnologia\/wp-content\/uploads\/sites\/88\/2024\/03\/WhatsApp-Image-2024-03-12-at-09.29.41-1024x576.jpeg\" alt=\"\" width=\"640\" height=\"360\" srcset=\"https:\/\/www.unisantos.br\/centrostecnologia\/wp-content\/uploads\/sites\/88\/2024\/03\/WhatsApp-Image-2024-03-12-at-09.29.41-1024x576.jpeg 1024w, https:\/\/www.unisantos.br\/centrostecnologia\/wp-content\/uploads\/sites\/88\/2024\/03\/WhatsApp-Image-2024-03-12-at-09.29.41-300x169.jpeg 300w, https:\/\/www.unisantos.br\/centrostecnologia\/wp-content\/uploads\/sites\/88\/2024\/03\/WhatsApp-Image-2024-03-12-at-09.29.41-768x432.jpeg 768w, https:\/\/www.unisantos.br\/centrostecnologia\/wp-content\/uploads\/sites\/88\/2024\/03\/WhatsApp-Image-2024-03-12-at-09.29.41.jpeg 1280w\" sizes=\"(max-width: 640px) 100vw, 640px\" \/><\/p>\n<p><strong>Atelier<\/strong><br \/>\nEspa\u00e7o did\u00e1tico-pedag\u00f3gico com 459 m2 dotado de lousas piso-teto, pranchetas, mesas de corte, mesas de luz e infraestrutura geral para aulas, pesquisas e processos criativos. O Atelier concentra a maioria das atividades do curso de Arquitetura e Urbanismo, funcionando como um espa\u00e7o generoso de pesquisa, processamento, produ\u00e7\u00e3o e difus\u00e3o de conhecimento em arquitetura e urbanismo. \u00c9 um lugar de aprendizado e dom\u00ednio dos meios de representa\u00e7\u00e3o e express\u00e3o no mundo dos valores pl\u00e1sticos e est\u00e9ticos, desenvolvendo nele pela experi\u00eancia, a sensibilidade e a capacidade criadora.<\/p>\n<p><img loading=\"lazy\" decoding=\"async\" class=\"alignnone wp-image-317 size-large\" src=\"https:\/\/www.unisantos.br\/centrostecnologia\/wp-content\/uploads\/sites\/88\/2024\/03\/WhatsApp-Image-2024-03-12-at-09.12.41-1024x576.jpeg\" alt=\"\" width=\"640\" height=\"360\" srcset=\"https:\/\/www.unisantos.br\/centrostecnologia\/wp-content\/uploads\/sites\/88\/2024\/03\/WhatsApp-Image-2024-03-12-at-09.12.41-1024x576.jpeg 1024w, https:\/\/www.unisantos.br\/centrostecnologia\/wp-content\/uploads\/sites\/88\/2024\/03\/WhatsApp-Image-2024-03-12-at-09.12.41-300x169.jpeg 300w, https:\/\/www.unisantos.br\/centrostecnologia\/wp-content\/uploads\/sites\/88\/2024\/03\/WhatsApp-Image-2024-03-12-at-09.12.41-768x432.jpeg 768w, https:\/\/www.unisantos.br\/centrostecnologia\/wp-content\/uploads\/sites\/88\/2024\/03\/WhatsApp-Image-2024-03-12-at-09.12.41.jpeg 1600w\" sizes=\"(max-width: 640px) 100vw, 640px\" \/><\/p>\n<p><strong>Laborat\u00f3rio de Modelos<\/strong><br \/>\nLocal destinado \u00e0 elabora\u00e7\u00e3o de modelos e maquetes f\u00edsicas.<\/p>\n<p><img loading=\"lazy\" decoding=\"async\" class=\"alignnone wp-image-324 size-large\" src=\"https:\/\/www.unisantos.br\/centrostecnologia\/wp-content\/uploads\/sites\/88\/2024\/03\/WhatsApp-Image-2024-03-12-at-09.21.50-1024x576.jpeg\" alt=\"\" width=\"640\" height=\"360\" srcset=\"https:\/\/www.unisantos.br\/centrostecnologia\/wp-content\/uploads\/sites\/88\/2024\/03\/WhatsApp-Image-2024-03-12-at-09.21.50-1024x576.jpeg 1024w, https:\/\/www.unisantos.br\/centrostecnologia\/wp-content\/uploads\/sites\/88\/2024\/03\/WhatsApp-Image-2024-03-12-at-09.21.50-300x169.jpeg 300w, https:\/\/www.unisantos.br\/centrostecnologia\/wp-content\/uploads\/sites\/88\/2024\/03\/WhatsApp-Image-2024-03-12-at-09.21.50-768x432.jpeg 768w, https:\/\/www.unisantos.br\/centrostecnologia\/wp-content\/uploads\/sites\/88\/2024\/03\/WhatsApp-Image-2024-03-12-at-09.21.50.jpeg 1600w\" sizes=\"(max-width: 640px) 100vw, 640px\" \/><\/p>\n<p><strong>Laborat\u00f3rio de Artes Visuais (Lavucs)<br \/>\n<\/strong><span style=\"line-height: 1.5em;\">Espa\u00e7o com aproximadamente 30 m\u00b2 dedicado \u00e0 produ\u00e7\u00e3o e documenta\u00e7\u00e3o de projetos de arte e voltado \u00e0 participa\u00e7\u00e3o comunit\u00e1ria, expressa em propostas desenvolvidas a partir de experi\u00eancias multidisciplinares e calcadas na est\u00e9tica e na pl\u00e1stica. O Lavucs \u00e9 um espa\u00e7o de pesquisa e extens\u00e3o em artes visuais <\/span>que promove a difus\u00e3o de projetos criativos integrados em diversas \u00e1reas do conhecimento.<\/p>\n<p><img loading=\"lazy\" decoding=\"async\" class=\"alignnone wp-image-323 size-large\" src=\"https:\/\/www.unisantos.br\/centrostecnologia\/wp-content\/uploads\/sites\/88\/2024\/03\/WhatsApp-Image-2024-03-12-at-09.21.47-1024x576.jpeg\" alt=\"\" width=\"640\" height=\"360\" srcset=\"https:\/\/www.unisantos.br\/centrostecnologia\/wp-content\/uploads\/sites\/88\/2024\/03\/WhatsApp-Image-2024-03-12-at-09.21.47-1024x576.jpeg 1024w, https:\/\/www.unisantos.br\/centrostecnologia\/wp-content\/uploads\/sites\/88\/2024\/03\/WhatsApp-Image-2024-03-12-at-09.21.47-300x169.jpeg 300w, https:\/\/www.unisantos.br\/centrostecnologia\/wp-content\/uploads\/sites\/88\/2024\/03\/WhatsApp-Image-2024-03-12-at-09.21.47-768x432.jpeg 768w, https:\/\/www.unisantos.br\/centrostecnologia\/wp-content\/uploads\/sites\/88\/2024\/03\/WhatsApp-Image-2024-03-12-at-09.21.47.jpeg 1600w\" sizes=\"(max-width: 640px) 100vw, 640px\" \/><\/p>\n<p><strong>Laborat\u00f3rios de Inform\u00e1tica<\/strong><br \/>\nEstrutura com\u00a0recursos computacionais para aulas pr\u00e1ticas de qualquer disciplina oferecida nos cursos, com 600 equipamentos distribu\u00eddos em 17 espa\u00e7os laboratoriais.<\/p>\n<p><strong>INFORMA\u00c7\u00d5ES<br \/>\n<\/strong>Prof. Me Wanderley Camargo<br \/>\nCoordenador dos cursos de Publicidade e Propaganda e Cinema e Audiovisual<br \/>\nE-mail: coord.pp@unisantos.br<\/p>\n","protected":false},"excerpt":{"rendered":"<p>EST\u00daDIOS DE PRODU\u00c7\u00c3O AUDIOVISUAL Est\u00fadio de TV e Cinema 1 Espa\u00e7o qualificado e equipado para a realiza\u00e7\u00e3o de atividades formativas [&hellip;]<\/p>\n","protected":false},"author":1,"featured_media":0,"parent":22,"menu_order":0,"comment_status":"closed","ping_status":"closed","template":"","meta":{"_acf_changed":false,"footnotes":""},"acf":[],"_links":{"self":[{"href":"https:\/\/www.unisantos.br\/centrostecnologia\/wp-json\/wp\/v2\/pages\/78"}],"collection":[{"href":"https:\/\/www.unisantos.br\/centrostecnologia\/wp-json\/wp\/v2\/pages"}],"about":[{"href":"https:\/\/www.unisantos.br\/centrostecnologia\/wp-json\/wp\/v2\/types\/page"}],"author":[{"embeddable":true,"href":"https:\/\/www.unisantos.br\/centrostecnologia\/wp-json\/wp\/v2\/users\/1"}],"replies":[{"embeddable":true,"href":"https:\/\/www.unisantos.br\/centrostecnologia\/wp-json\/wp\/v2\/comments?post=78"}],"version-history":[{"count":22,"href":"https:\/\/www.unisantos.br\/centrostecnologia\/wp-json\/wp\/v2\/pages\/78\/revisions"}],"predecessor-version":[{"id":1228,"href":"https:\/\/www.unisantos.br\/centrostecnologia\/wp-json\/wp\/v2\/pages\/78\/revisions\/1228"}],"up":[{"embeddable":true,"href":"https:\/\/www.unisantos.br\/centrostecnologia\/wp-json\/wp\/v2\/pages\/22"}],"wp:attachment":[{"href":"https:\/\/www.unisantos.br\/centrostecnologia\/wp-json\/wp\/v2\/media?parent=78"}],"curies":[{"name":"wp","href":"https:\/\/api.w.org\/{rel}","templated":true}]}}