{"id":497,"date":"2024-03-27T17:34:08","date_gmt":"2024-03-27T20:34:08","guid":{"rendered":"https:\/\/www.unisantos.br\/centrostecnologia\/?page_id=497"},"modified":"2025-11-27T11:55:58","modified_gmt":"2025-11-27T14:55:58","slug":"jovens-talentos","status":"publish","type":"page","link":"https:\/\/www.unisantos.br\/centrostecnologia\/gastronomia-e-nutricao\/programas\/jovens-talentos\/","title":{"rendered":"Trilha de Aprendizagem &#8211; Jovens Talentos UniSantos"},"content":{"rendered":"<p>Votado aos formandos dos diferentes cursos de Gradua\u00e7\u00e3o da Universidade Cat\u00f3lica de santos, esse programa foi desenvolvido para inspirar os jovens que est\u00e3o iniciando a carreira profissional, atrav\u00e9s de uma trilha de aprendizagem repleta de conte\u00fados e muita m\u00e3o na massa. A Nita Alimentos, em constante crescimento, busca profissionais para integrar seu time. Para participar do processo seletivo, n\u00e3o \u00e9 necess\u00e1rio ter experi\u00eancia, apenas vontade de aprender.<\/p>\n<p>A marca Nita, presente no mercado h\u00e1 mais de 50 anos, busca sempre estar atualizada em sua representa\u00e7\u00e3o gr\u00e1fica, como descrito nesta evolu\u00e7\u00e3o hist\u00f3rica. Mas a principal evolu\u00e7\u00e3o de Nita \u00e9 sua capacidade de estar atenta e acompanhar as mudan\u00e7as do mercado, das necessidades e novos h\u00e1bitos de seus consumidores e clientes, buscando atrav\u00e9s de constante inova\u00e7\u00e3o e permanente qualidade de seus produtos, manter a fideliza\u00e7\u00e3o de seu p\u00fablico e tamb\u00e9m conquistar novos espa\u00e7os nos domic\u00edlios, panificadoras, confeitarias e ind\u00fastrias do segmento.<\/p>\n<p>Acesse o site da\u00a0<a href=\"https:\/\/nita.com.br\/\" target=\"_blank\" rel=\"noopener\"><strong>Nita Alimentos<\/strong><\/a><\/p>\n","protected":false},"excerpt":{"rendered":"<p>Votado aos formandos dos diferentes cursos de Gradua\u00e7\u00e3o da Universidade Cat\u00f3lica de santos, esse programa foi desenvolvido para inspirar os [&hellip;]<\/p>\n","protected":false},"author":1,"featured_media":0,"parent":36,"menu_order":0,"comment_status":"closed","ping_status":"closed","template":"","meta":{"_acf_changed":false,"footnotes":""},"acf":[],"_links":{"self":[{"href":"https:\/\/www.unisantos.br\/centrostecnologia\/wp-json\/wp\/v2\/pages\/497"}],"collection":[{"href":"https:\/\/www.unisantos.br\/centrostecnologia\/wp-json\/wp\/v2\/pages"}],"about":[{"href":"https:\/\/www.unisantos.br\/centrostecnologia\/wp-json\/wp\/v2\/types\/page"}],"author":[{"embeddable":true,"href":"https:\/\/www.unisantos.br\/centrostecnologia\/wp-json\/wp\/v2\/users\/1"}],"replies":[{"embeddable":true,"href":"https:\/\/www.unisantos.br\/centrostecnologia\/wp-json\/wp\/v2\/comments?post=497"}],"version-history":[{"count":3,"href":"https:\/\/www.unisantos.br\/centrostecnologia\/wp-json\/wp\/v2\/pages\/497\/revisions"}],"predecessor-version":[{"id":1170,"href":"https:\/\/www.unisantos.br\/centrostecnologia\/wp-json\/wp\/v2\/pages\/497\/revisions\/1170"}],"up":[{"embeddable":true,"href":"https:\/\/www.unisantos.br\/centrostecnologia\/wp-json\/wp\/v2\/pages\/36"}],"wp:attachment":[{"href":"https:\/\/www.unisantos.br\/centrostecnologia\/wp-json\/wp\/v2\/media?parent=497"}],"curies":[{"name":"wp","href":"https:\/\/api.w.org\/{rel}","templated":true}]}}