{"id":495,"date":"2024-03-27T17:30:17","date_gmt":"2024-03-27T20:30:17","guid":{"rendered":"https:\/\/www.unisantos.br\/centrostecnologia\/?page_id=495"},"modified":"2025-11-27T11:54:21","modified_gmt":"2025-11-27T14:54:21","slug":"padeiro-em-evolucao","status":"publish","type":"page","link":"https:\/\/www.unisantos.br\/centrostecnologia\/gastronomia-e-nutricao\/programas\/padeiro-em-evolucao\/","title":{"rendered":"Forma\u00e7\u00e3o Continuada &#8211; Padeiro em Evolu\u00e7\u00e3o Restaurante-Escola"},"content":{"rendered":"<p>Voltado aos jovens do Programa Social Restaurante-Escola Esta\u00e7\u00e3o Bistr\u00f4. No Restaurante-Escola, s\u00e3o realizados quatro m\u00f3dulos de RH ministrados pelos profissionais da NitaI Alimentos a todos os jovens do programa:<br \/>\n1 \u2013 Curr\u00edculo: autoconhecimento, elabora\u00e7\u00e3o do curr\u00edculo e p\u00e1gina Linkedin<br \/>\n2 \u2013 Entrevista: t\u00e9cnicas de entrevista e simula\u00e7\u00f5es<br \/>\n3 \u2013 Din\u00e2micas: din\u00e2micas de grupo, cases e apresenta\u00e7\u00f5es<br \/>\n4 \u2013 Jornada: carreira e oportunidades<\/p>\n<p>Ap\u00f3s processo seletivo realizado durante os m\u00f3dulos de RH, s\u00e3o disponibilizadas 2 vagas de emprego apoiado por turma, com dura\u00e7\u00e3o de 6 meses, contrata\u00e7\u00e3o CLT por tempo determinado, cargo auxiliar de panifica\u00e7\u00e3o com possibilidade de efetiva\u00e7\u00e3o do cargo por tempo indeterminado.<\/p>\n<p>A Nita Alimentos \u00e9 uma importante ind\u00fastria nacional de alimentos com foco em produtos \u00e0 base trigo, certificada pelas ISO 9001-14001-45001.<\/p>\n<p>Instalada desde 1968 em localiza\u00e7\u00e3o privilegiada no Porto de Santos, a empresa possui um eficiente processo de descarga pr\u00f3prio e automatizado de transporte de trigo diretamente dos navios para os silos, o que faz com que sua produtividade seja uma grande vantagem competitiva frente a outros moinhos, destacando ainda a qualidade com que a Nita produz seus alimentos.<\/p>\n<p>Desde sua funda\u00e7\u00e3o, a empresa vem investindo no aumento de sua capacidade de processamento de trigo, produ\u00e7\u00e3o de farinhas e outros produtos, e em recursos humanos e tecnol\u00f3gicos, de forma a tornar hoje a Nita Alimentos uma importante, moderna e inovadora ind\u00fastria do cen\u00e1rio nacional, com uma equipe de 329 colaboradores.<\/p>\n<p>A marca Nita, presente no mercado h\u00e1 mais de 50 anos, busca sempre estar atualizada em sua representa\u00e7\u00e3o gr\u00e1fica, como descrito nesta evolu\u00e7\u00e3o hist\u00f3rica. Mas a principal evolu\u00e7\u00e3o de Nita \u00e9 sua capacidade de estar atenta e acompanhar as mudan\u00e7as do mercado, das necessidades e novos h\u00e1bitos de seus consumidores e clientes, buscando atrav\u00e9s de constante inova\u00e7\u00e3o e permanente qualidade de seus produtos, manter a fideliza\u00e7\u00e3o de seu p\u00fablico e tamb\u00e9m conquistar novos espa\u00e7os nos domic\u00edlios, panificadoras, confeitarias e ind\u00fastrias do segmento.<\/p>\n<p>Acesse o site da <a href=\"https:\/\/nita.com.br\/\" target=\"_blank\" rel=\"noopener\"><strong>Nita Alimentos<\/strong><\/a><\/p>\n","protected":false},"excerpt":{"rendered":"<p>Voltado aos jovens do Programa Social Restaurante-Escola Esta\u00e7\u00e3o Bistr\u00f4. No Restaurante-Escola, s\u00e3o realizados quatro m\u00f3dulos de RH ministrados pelos profissionais [&hellip;]<\/p>\n","protected":false},"author":1,"featured_media":0,"parent":36,"menu_order":0,"comment_status":"closed","ping_status":"closed","template":"","meta":{"_acf_changed":false,"footnotes":""},"acf":[],"_links":{"self":[{"href":"https:\/\/www.unisantos.br\/centrostecnologia\/wp-json\/wp\/v2\/pages\/495"}],"collection":[{"href":"https:\/\/www.unisantos.br\/centrostecnologia\/wp-json\/wp\/v2\/pages"}],"about":[{"href":"https:\/\/www.unisantos.br\/centrostecnologia\/wp-json\/wp\/v2\/types\/page"}],"author":[{"embeddable":true,"href":"https:\/\/www.unisantos.br\/centrostecnologia\/wp-json\/wp\/v2\/users\/1"}],"replies":[{"embeddable":true,"href":"https:\/\/www.unisantos.br\/centrostecnologia\/wp-json\/wp\/v2\/comments?post=495"}],"version-history":[{"count":5,"href":"https:\/\/www.unisantos.br\/centrostecnologia\/wp-json\/wp\/v2\/pages\/495\/revisions"}],"predecessor-version":[{"id":1169,"href":"https:\/\/www.unisantos.br\/centrostecnologia\/wp-json\/wp\/v2\/pages\/495\/revisions\/1169"}],"up":[{"embeddable":true,"href":"https:\/\/www.unisantos.br\/centrostecnologia\/wp-json\/wp\/v2\/pages\/36"}],"wp:attachment":[{"href":"https:\/\/www.unisantos.br\/centrostecnologia\/wp-json\/wp\/v2\/media?parent=495"}],"curies":[{"name":"wp","href":"https:\/\/api.w.org\/{rel}","templated":true}]}}