{"id":484,"date":"2024-03-27T16:37:00","date_gmt":"2024-03-27T19:37:00","guid":{"rendered":"https:\/\/www.unisantos.br\/centrostecnologia\/?page_id=484"},"modified":"2025-03-14T14:35:00","modified_gmt":"2025-03-14T17:35:00","slug":"everbrew-cervejas-artesanais","status":"publish","type":"page","link":"https:\/\/www.unisantos.br\/centrostecnologia\/gastronomia-e-nutricao\/programas\/everbrew-cervejas-artesanais\/","title":{"rendered":"Programa de Forma\u00e7\u00e3o para Mestres Cervejeiros"},"content":{"rendered":"<p>Voltado aos amantes da cerveja artesanal, o programa tem como caracter\u00edstica a educa\u00e7\u00e3o continuada na forma\u00e7\u00e3o de profissionais especialistas em cervejas especiais.<\/p>\n<p>Localizada em Santos, a Everbrew, desde 2016, contabiliza mais de 180 lan\u00e7amentos, e \u00e9 reconhecida internacionalmente, exportando para Holanda, Jap\u00e3o, Fl\u00f3rida e China. A marca ocupa hoje, simultaneamente, as cinco primeiras coloca\u00e7\u00f5es no ranking de Top IPAs.<\/p>\n<p>No CTIGN, s\u00e3o realizados cursos de forma\u00e7\u00e3o, an\u00e1lise e lan\u00e7amento de novos produtos e servi\u00e7os na \u00e1rea de cervejas especiais.<\/p>\n<p>Acesse o site da <a href=\"https:\/\/www.everbrew.com.br\/https:\/\/www.everbrew.com.br\/\" target=\"_blank\" rel=\"noopener\"><strong>Everbrew<\/strong><\/a>.<\/p>\n","protected":false},"excerpt":{"rendered":"<p>Voltado aos amantes da cerveja artesanal, o programa tem como caracter\u00edstica a educa\u00e7\u00e3o continuada na forma\u00e7\u00e3o de profissionais especialistas em [&hellip;]<\/p>\n","protected":false},"author":1,"featured_media":0,"parent":36,"menu_order":0,"comment_status":"closed","ping_status":"closed","template":"","meta":{"_acf_changed":false,"footnotes":""},"acf":[],"_links":{"self":[{"href":"https:\/\/www.unisantos.br\/centrostecnologia\/wp-json\/wp\/v2\/pages\/484"}],"collection":[{"href":"https:\/\/www.unisantos.br\/centrostecnologia\/wp-json\/wp\/v2\/pages"}],"about":[{"href":"https:\/\/www.unisantos.br\/centrostecnologia\/wp-json\/wp\/v2\/types\/page"}],"author":[{"embeddable":true,"href":"https:\/\/www.unisantos.br\/centrostecnologia\/wp-json\/wp\/v2\/users\/1"}],"replies":[{"embeddable":true,"href":"https:\/\/www.unisantos.br\/centrostecnologia\/wp-json\/wp\/v2\/comments?post=484"}],"version-history":[{"count":12,"href":"https:\/\/www.unisantos.br\/centrostecnologia\/wp-json\/wp\/v2\/pages\/484\/revisions"}],"predecessor-version":[{"id":1018,"href":"https:\/\/www.unisantos.br\/centrostecnologia\/wp-json\/wp\/v2\/pages\/484\/revisions\/1018"}],"up":[{"embeddable":true,"href":"https:\/\/www.unisantos.br\/centrostecnologia\/wp-json\/wp\/v2\/pages\/36"}],"wp:attachment":[{"href":"https:\/\/www.unisantos.br\/centrostecnologia\/wp-json\/wp\/v2\/media?parent=484"}],"curies":[{"name":"wp","href":"https:\/\/api.w.org\/{rel}","templated":true}]}}