{"id":468,"date":"2024-03-27T15:43:22","date_gmt":"2024-03-27T18:43:22","guid":{"rendered":"https:\/\/www.unisantos.br\/centrostecnologia\/?page_id=468"},"modified":"2025-11-27T11:57:25","modified_gmt":"2025-11-27T14:57:25","slug":"casa-do-confeiteiro-confeitaria-artistica-e-artesanal","status":"publish","type":"page","link":"https:\/\/www.unisantos.br\/centrostecnologia\/gastronomia-e-nutricao\/programas\/casa-do-confeiteiro-confeitaria-artistica-e-artesanal\/","title":{"rendered":"Programa de Forma\u00e7\u00e3o em Confeitaria Art\u00edstica e Artesanal"},"content":{"rendered":"<p>Programa voltado aos amantes e especialistas em Confeitaria e Panifica\u00e7\u00e3o, possibilita o acesso a novos produtos, t\u00e9cnicas de preparo, inclusive para atender demandas com restri\u00e7\u00f5es alimentares. Aborda os princ\u00edpios b\u00e1sicos de marketing, aplicados \u00e0 exposi\u00e7\u00e3o e comercializa\u00e7\u00e3o dos produtos de confeitaria e panifica\u00e7\u00e3o.<br \/>\nA Casa do Confeiteiro, com mais de tr\u00eas d\u00e9cadas de experi\u00eancia, tem como miss\u00e3o \u201cComercializar produtos de alta qualidade e atender sempre com excel\u00eancia no ramo da confeitaria, padaria e food service. Trazendo solu\u00e7\u00f5es inovadoras e completas para que nossos clientes tenham ainda mais sucesso em seus neg\u00f3cios\u201d.<\/p>\n<p>Fundada em agosto de 1986, a marca Casa do Confeiteiro est\u00e1 h\u00e1 mais de 30 anos no mercado de confeitaria, panifica\u00e7\u00e3o e <em>food service<\/em>, entregando inova\u00e7\u00e3o e qualidade em produtos e servi\u00e7os.<\/p>\n<p>Oferecendo aos clientes produtos exclusivos importados da Europa e Am\u00e9rica do Norte. A primeira loja f\u00edsica abriu suas portas para o p\u00fablico jundiaense em novembro de 1997. Anos depois, duas outras unidades foram inauguradas: mais uma em Jundia\u00ed e a terceira em Campinas. Atualmente, a Casa do Confeiteiro possui um centro de distribui\u00e7\u00e3o em Campo Limpo Paulista com mais de 6 mil metros quadrados para atender a todo o estado de S\u00e3o Paulo.<\/p>\n<p>O projeto de cursos de confeitaria profissionalizantes iniciou em 1998, com o intuito de profissionalizar os que buscam conhecimento nos mais diversos ramos da confeitaria.<\/p>\n<p>Acesse o site da <a href=\"https:\/\/www.casadoconfeiteiro.com.br\/\" target=\"_blank\" rel=\"noopener\"><strong>Casa do Confeiteiro<\/strong><\/a><\/p>\n","protected":false},"excerpt":{"rendered":"<p>Programa voltado aos amantes e especialistas em Confeitaria e Panifica\u00e7\u00e3o, possibilita o acesso a novos produtos, t\u00e9cnicas de preparo, inclusive [&hellip;]<\/p>\n","protected":false},"author":1,"featured_media":0,"parent":36,"menu_order":0,"comment_status":"closed","ping_status":"closed","template":"","meta":{"_acf_changed":false,"footnotes":""},"acf":[],"_links":{"self":[{"href":"https:\/\/www.unisantos.br\/centrostecnologia\/wp-json\/wp\/v2\/pages\/468"}],"collection":[{"href":"https:\/\/www.unisantos.br\/centrostecnologia\/wp-json\/wp\/v2\/pages"}],"about":[{"href":"https:\/\/www.unisantos.br\/centrostecnologia\/wp-json\/wp\/v2\/types\/page"}],"author":[{"embeddable":true,"href":"https:\/\/www.unisantos.br\/centrostecnologia\/wp-json\/wp\/v2\/users\/1"}],"replies":[{"embeddable":true,"href":"https:\/\/www.unisantos.br\/centrostecnologia\/wp-json\/wp\/v2\/comments?post=468"}],"version-history":[{"count":5,"href":"https:\/\/www.unisantos.br\/centrostecnologia\/wp-json\/wp\/v2\/pages\/468\/revisions"}],"predecessor-version":[{"id":1171,"href":"https:\/\/www.unisantos.br\/centrostecnologia\/wp-json\/wp\/v2\/pages\/468\/revisions\/1171"}],"up":[{"embeddable":true,"href":"https:\/\/www.unisantos.br\/centrostecnologia\/wp-json\/wp\/v2\/pages\/36"}],"wp:attachment":[{"href":"https:\/\/www.unisantos.br\/centrostecnologia\/wp-json\/wp\/v2\/media?parent=468"}],"curies":[{"name":"wp","href":"https:\/\/api.w.org\/{rel}","templated":true}]}}