{"id":433,"date":"2024-03-22T04:21:03","date_gmt":"2024-03-22T07:21:03","guid":{"rendered":"https:\/\/www.unisantos.br\/centrostecnologia\/?page_id=433"},"modified":"2025-11-27T12:39:25","modified_gmt":"2025-11-27T15:39:25","slug":"infraestrutura","status":"publish","type":"page","link":"https:\/\/www.unisantos.br\/centrostecnologia\/gastronomia-e-nutricao\/infraestrutura\/","title":{"rendered":"Infraestrutura"},"content":{"rendered":"\n<p><strong>COMPLEXO DE LABORAT\u00d3RIOS DO CENTRO DE TECNOLOGIA E INOVA\u00c7\u00c3O EM GASTRONOMIA E NUTRI\u00c7\u00c3O<\/strong><\/p>\n\n\n\n<p>O Centro de Tecnologia e Inova\u00e7\u00e3o em Gastronomia e Nutri\u00e7\u00e3o (CTIGN) da UNISANTOS disp\u00f5e de espa\u00e7os qualificados e equipados com materiais, equipamentos e utens\u00edlios de ponta para a forma\u00e7\u00e3o em Alimentos e Bebidas. Nos diferentes ambientes de pr\u00e1tica e ensino do CTIGN, o conceito de cozinha 4.0 &#8211; uma cozinha tecnol\u00f3gica, conectada e orientada por dados &#8211; \u00e9 aplicado para viabilizar controle de estoque preciso, redu\u00e7\u00e3o de desperd\u00edcios, diminui\u00e7\u00e3o no consumo de \u00e1gua e energia, aumento da seguran\u00e7a alimentar, preven\u00e7\u00e3o de falhas e manuten\u00e7\u00f5es, controle remoto de equipamentos e emiss\u00e3o de dados anal\u00edticos que apoiam decis\u00f5es mais assertivas.<\/p>\n\n\n\n<p><strong style=\"color: initial;\">Laborat\u00f3rio de An\u00e1lise Sensorial<\/strong><br>As cabines para an\u00e1lise sensorial (Laborat\u00f3rio de An\u00e1lise Sensorial) foram projetadas para testes padronizados de percep\u00e7\u00e3o: cabines individuais, janela de comunica\u00e7\u00e3o com a \u00e1rea de prepara\u00e7\u00e3o e infraestrutura t\u00e9cnica para controlar est\u00edmulos sensoriais e garantir resultados reprodut\u00edveis nas avalia\u00e7\u00f5es de aroma, textura, sabor e apar\u00eancia. Esse espa\u00e7o integra ensino, pesquisa e extens\u00e3o, aproximando estudantes e produtores em um ecossistema de inova\u00e7\u00e3o.<\/p>\n\n\n\n<figure class=\"wp-block-image size-large\"><img loading=\"lazy\" decoding=\"async\" width=\"1024\" height=\"577\" src=\"https:\/\/www.unisantos.br\/centrostecnologia\/wp-content\/uploads\/sites\/88\/2025\/11\/sensorial2-4-1024x577.jpg\" alt=\"\" class=\"wp-image-1174\" srcset=\"https:\/\/www.unisantos.br\/centrostecnologia\/wp-content\/uploads\/sites\/88\/2025\/11\/sensorial2-4-1024x577.jpg 1024w, https:\/\/www.unisantos.br\/centrostecnologia\/wp-content\/uploads\/sites\/88\/2025\/11\/sensorial2-4-300x169.jpg 300w, https:\/\/www.unisantos.br\/centrostecnologia\/wp-content\/uploads\/sites\/88\/2025\/11\/sensorial2-4-768x432.jpg 768w, https:\/\/www.unisantos.br\/centrostecnologia\/wp-content\/uploads\/sites\/88\/2025\/11\/sensorial2-4-1536x865.jpg 1536w, https:\/\/www.unisantos.br\/centrostecnologia\/wp-content\/uploads\/sites\/88\/2025\/11\/sensorial2-4-2048x1153.jpg 2048w\" sizes=\"(max-width: 1024px) 100vw, 1024px\" \/><\/figure>\n\n\n\n<p><strong>Laborat\u00f3rio de Servi\u00e7os de Sal\u00e3o, Bebidas e Coquetelaria<\/strong><br>Espa\u00e7o destinado \u00e0 forma\u00e7\u00e3o em servi\u00e7o de sal\u00e3o, bebidas e coquetelaria, o laborat\u00f3rio simula viv\u00eancias pr\u00e1ticas de atendimento, opera\u00e7\u00e3o de bar e servi\u00e7o em eventos, preparando o estudante para atuar em restaurantes, bares, eventos e empreendimentos de A&amp;B. O ambiente tamb\u00e9m fomenta atividades extensionistas e a coopera\u00e7\u00e3o com o setor produtivo.<\/p>\n\n\n\n<figure class=\"wp-block-image\"><img loading=\"lazy\" decoding=\"async\" width=\"1024\" height=\"577\" src=\"https:\/\/www.unisantos.br\/centrostecnologia\/wp-content\/uploads\/sites\/88\/2025\/11\/ctign_2-3-1024x577.jpg\" alt=\"\" class=\"wp-image-1139\" srcset=\"https:\/\/www.unisantos.br\/centrostecnologia\/wp-content\/uploads\/sites\/88\/2025\/11\/ctign_2-3-1024x577.jpg 1024w, https:\/\/www.unisantos.br\/centrostecnologia\/wp-content\/uploads\/sites\/88\/2025\/11\/ctign_2-3-300x169.jpg 300w, https:\/\/www.unisantos.br\/centrostecnologia\/wp-content\/uploads\/sites\/88\/2025\/11\/ctign_2-3-768x432.jpg 768w, https:\/\/www.unisantos.br\/centrostecnologia\/wp-content\/uploads\/sites\/88\/2025\/11\/ctign_2-3-1536x865.jpg 1536w, https:\/\/www.unisantos.br\/centrostecnologia\/wp-content\/uploads\/sites\/88\/2025\/11\/ctign_2-3-2048x1153.jpg 2048w\" sizes=\"(max-width: 1024px) 100vw, 1024px\" \/><\/figure>\n\n\n\n<p><strong>Laborat\u00f3rio de Gastronomia e Nutri\u00e7\u00e3o<\/strong><br>O Laborat\u00f3rio de Gastronomia e Nutri\u00e7\u00e3o funciona como refer\u00eancia did\u00e1tico-pedag\u00f3gica para o ensino pr\u00e1tico: cozinhas profissionais, bancadas m\u00faltiplas e equipamentos tecnologicamente atualizados que permitem trabalhar bases culin\u00e1rias, confeitaria, panifica\u00e7\u00e3o e processos de inova\u00e7\u00e3o aplicados ao desenvolvimento de produtos e servi\u00e7os alimentares.<\/p>\n\n\n\n<figure class=\"wp-block-image\"><img loading=\"lazy\" decoding=\"async\" width=\"1024\" height=\"576\" src=\"https:\/\/www.unisantos.br\/centrostecnologia\/wp-content\/uploads\/sites\/88\/2025\/11\/ctign_cozinha-1024x576.jpg\" alt=\"\" class=\"wp-image-1114\" srcset=\"https:\/\/www.unisantos.br\/centrostecnologia\/wp-content\/uploads\/sites\/88\/2025\/11\/ctign_cozinha-1024x576.jpg 1024w, https:\/\/www.unisantos.br\/centrostecnologia\/wp-content\/uploads\/sites\/88\/2025\/11\/ctign_cozinha-300x169.jpg 300w, https:\/\/www.unisantos.br\/centrostecnologia\/wp-content\/uploads\/sites\/88\/2025\/11\/ctign_cozinha-768x432.jpg 768w, https:\/\/www.unisantos.br\/centrostecnologia\/wp-content\/uploads\/sites\/88\/2025\/11\/ctign_cozinha-1536x865.jpg 1536w, https:\/\/www.unisantos.br\/centrostecnologia\/wp-content\/uploads\/sites\/88\/2025\/11\/ctign_cozinha-2048x1153.jpg 2048w\" sizes=\"(max-width: 1024px) 100vw, 1024px\" \/><\/figure>\n\n\n\n<p><strong>Laborat\u00f3rio de Alimenta\u00e7\u00e3o para Coletividade<\/strong><br>Centro de excel\u00eancia que simula as opera\u00e7\u00f5es complexas de uma Unidade de Alimenta\u00e7\u00e3o e Nutri\u00e7\u00e3o (UAN). O laborat\u00f3rio foi concebido para formar compet\u00eancias em produ\u00e7\u00e3o em larga escala, gest\u00e3o de card\u00e1pios, seguran\u00e7a sanit\u00e1ria e log\u00edstica de distribui\u00e7\u00e3o, capacitando o estudante a enfrentar desafios reais de servi\u00e7os alimentares coletivos.<\/p>\n\n\n\n<div class=\"wp-block-group has-medium-font-size\"><div class=\"wp-block-group__inner-container is-layout-constrained wp-block-group-is-layout-constrained\">\n<figure class=\"wp-block-image size-large\"><img loading=\"lazy\" decoding=\"async\" width=\"1024\" height=\"576\" src=\"https:\/\/www.unisantos.br\/centrostecnologia\/wp-content\/uploads\/sites\/88\/2025\/11\/uan_cozinha2-1024x576.jpg\" alt=\"\" class=\"wp-image-1106\" srcset=\"https:\/\/www.unisantos.br\/centrostecnologia\/wp-content\/uploads\/sites\/88\/2025\/11\/uan_cozinha2-1024x576.jpg 1024w, https:\/\/www.unisantos.br\/centrostecnologia\/wp-content\/uploads\/sites\/88\/2025\/11\/uan_cozinha2-300x169.jpg 300w, https:\/\/www.unisantos.br\/centrostecnologia\/wp-content\/uploads\/sites\/88\/2025\/11\/uan_cozinha2-768x432.jpg 768w, https:\/\/www.unisantos.br\/centrostecnologia\/wp-content\/uploads\/sites\/88\/2025\/11\/uan_cozinha2.jpg 1320w\" sizes=\"(max-width: 1024px) 100vw, 1024px\" \/><\/figure>\n<\/div><\/div>\n\n\n\n<p><strong>Parcerias e Centros de Treinamento &#8211; Diferencial Formativo<\/strong><br>No CTIGN, est\u00e3o instaladas atividades e programas com parceiros de mercado que ampliam a forma\u00e7\u00e3o pr\u00e1tica dos estudantes, entre eles o Centro de Treinamento Rational, com demonstra\u00e7\u00f5es e capacita\u00e7\u00f5es para equipamentos de coc\u00e7\u00e3o profissional (iCombi Pro, iVario Pro) e programas de Cozinha 4.0, e a\u00e7\u00f5es com a Barry Callebaut\/Casa do Confeiteiro voltadas \u00e0 forma\u00e7\u00e3o em chocolate e confeitaria. Essas parcerias garantem contato direto com tecnologias, metodologias e certifica\u00e7\u00f5es do mercado, al\u00e9m de workshops, aulas-show e treinamentos que conectam o curso \u00e0s exig\u00eancias e tend\u00eancias da ind\u00fastria.<\/p>\n\n\n\n<p><strong>Coordena\u00e7\u00e3o<br><\/strong>Prof\u00aa. Dr\u00aa Michele Uemura<br>Coordenadora do curso Superior de Tecnologia em Gastronomia<br>E-mail: coord.gastro@unisantos.br<\/p>\n","protected":false},"excerpt":{"rendered":"<p>COMPLEXO DE LABORAT\u00d3RIOS DO CENTRO DE TECNOLOGIA E INOVA\u00c7\u00c3O EM GASTRONOMIA E NUTRI\u00c7\u00c3O O Centro de Tecnologia e Inova\u00e7\u00e3o em [&hellip;]<\/p>\n","protected":false},"author":1,"featured_media":0,"parent":24,"menu_order":0,"comment_status":"closed","ping_status":"closed","template":"","meta":{"_acf_changed":false,"footnotes":""},"acf":[],"_links":{"self":[{"href":"https:\/\/www.unisantos.br\/centrostecnologia\/wp-json\/wp\/v2\/pages\/433"}],"collection":[{"href":"https:\/\/www.unisantos.br\/centrostecnologia\/wp-json\/wp\/v2\/pages"}],"about":[{"href":"https:\/\/www.unisantos.br\/centrostecnologia\/wp-json\/wp\/v2\/types\/page"}],"author":[{"embeddable":true,"href":"https:\/\/www.unisantos.br\/centrostecnologia\/wp-json\/wp\/v2\/users\/1"}],"replies":[{"embeddable":true,"href":"https:\/\/www.unisantos.br\/centrostecnologia\/wp-json\/wp\/v2\/comments?post=433"}],"version-history":[{"count":38,"href":"https:\/\/www.unisantos.br\/centrostecnologia\/wp-json\/wp\/v2\/pages\/433\/revisions"}],"predecessor-version":[{"id":1190,"href":"https:\/\/www.unisantos.br\/centrostecnologia\/wp-json\/wp\/v2\/pages\/433\/revisions\/1190"}],"up":[{"embeddable":true,"href":"https:\/\/www.unisantos.br\/centrostecnologia\/wp-json\/wp\/v2\/pages\/24"}],"wp:attachment":[{"href":"https:\/\/www.unisantos.br\/centrostecnologia\/wp-json\/wp\/v2\/media?parent=433"}],"curies":[{"name":"wp","href":"https:\/\/api.w.org\/{rel}","templated":true}]}}