{"id":34,"date":"2024-02-28T13:16:31","date_gmt":"2024-02-28T16:16:31","guid":{"rendered":"https:\/\/www.unisantos.br\/centrostecnologia\/?page_id=34"},"modified":"2025-10-23T14:04:25","modified_gmt":"2025-10-23T17:04:25","slug":"noticias","status":"publish","type":"page","link":"https:\/\/www.unisantos.br\/centrostecnologia\/gastronomia-e-nutricao\/noticias\/","title":{"rendered":"Not\u00edcias"},"content":{"rendered":"\n<p><strong>2025<\/strong><\/p>\n\n\n\n<p><strong>22\/10<\/strong><\/p>\n\n\n\n<figure class=\"wp-block-image size-medium\"><img loading=\"lazy\" decoding=\"async\" width=\"300\" height=\"225\" src=\"https:\/\/www.unisantos.br\/centrostecnologia\/wp-content\/uploads\/sites\/88\/2025\/10\/re-7-scaled-1-300x225.jpg\" alt=\"\" class=\"wp-image-1096\" srcset=\"https:\/\/www.unisantos.br\/centrostecnologia\/wp-content\/uploads\/sites\/88\/2025\/10\/re-7-scaled-1-300x225.jpg 300w, https:\/\/www.unisantos.br\/centrostecnologia\/wp-content\/uploads\/sites\/88\/2025\/10\/re-7-scaled-1-1024x768.jpg 1024w, https:\/\/www.unisantos.br\/centrostecnologia\/wp-content\/uploads\/sites\/88\/2025\/10\/re-7-scaled-1-768x576.jpg 768w, https:\/\/www.unisantos.br\/centrostecnologia\/wp-content\/uploads\/sites\/88\/2025\/10\/re-7-scaled-1-1536x1152.jpg 1536w, https:\/\/www.unisantos.br\/centrostecnologia\/wp-content\/uploads\/sites\/88\/2025\/10\/re-7-scaled-1-2048x1536.jpg 2048w\" sizes=\"(max-width: 300px) 100vw, 300px\" \/><\/figure>\n\n\n\n<p><a href=\"https:\/\/www.unisantos.br\/portal\/noticias\/portas-abertas-restaurante-escola-estacao-bistro-e-revitalizado-e-amplia-numero-de-vagas-para-o-curso-de-qualificacao-para-jovens-em-vulnerabilidade-social\/\">PORTAS ABERTAS \u2013 Restaurante-Escola \u201cEsta\u00e7\u00e3o Bistr\u00f4\u201d \u00e9 revitalizado e amplia n\u00famero de vagas para o curso de qualifica\u00e7\u00e3o para jovens em vulnerabilidade social<\/a><\/p>\n\n\n\n<p><strong>09\/10<\/strong><\/p>\n\n\n\n<figure class=\"wp-block-image size-medium\"><img loading=\"lazy\" decoding=\"async\" width=\"300\" height=\"188\" src=\"https:\/\/www.unisantos.br\/centrostecnologia\/wp-content\/uploads\/sites\/88\/2025\/10\/restaurante-escola-2-1536x960-1-300x188.jpg\" alt=\"\" class=\"wp-image-1085\" srcset=\"https:\/\/www.unisantos.br\/centrostecnologia\/wp-content\/uploads\/sites\/88\/2025\/10\/restaurante-escola-2-1536x960-1-300x188.jpg 300w, https:\/\/www.unisantos.br\/centrostecnologia\/wp-content\/uploads\/sites\/88\/2025\/10\/restaurante-escola-2-1536x960-1-1024x640.jpg 1024w, https:\/\/www.unisantos.br\/centrostecnologia\/wp-content\/uploads\/sites\/88\/2025\/10\/restaurante-escola-2-1536x960-1-768x480.jpg 768w, https:\/\/www.unisantos.br\/centrostecnologia\/wp-content\/uploads\/sites\/88\/2025\/10\/restaurante-escola-2-1536x960-1.jpg 1536w\" sizes=\"(max-width: 300px) 100vw, 300px\" \/><\/figure>\n\n\n\n<p><a href=\"https:\/\/www.unisantos.br\/portal\/noticias\/extensao-restaurante-escola-estacao-bistro-recebe-nova-turma-com-selecionados-pelo-petrochef-para-o-curso-de-qualificacao-em-servicos-e-alimentos-e-bebidas\/\">EXTENS\u00c3O \u2013 Restaurante-escola \u201cEsta\u00e7\u00e3o Bistr\u00f4\u201d recebe nova turma, com selecionados pelo Petrochef, para o curso de qualifica\u00e7\u00e3o em servi\u00e7os e alimentos e bebidas<\/a><\/p>\n\n\n\n<p><strong>12\/09<\/strong><\/p>\n\n\n\n<figure class=\"wp-block-image size-medium\"><img loading=\"lazy\" decoding=\"async\" width=\"300\" height=\"169\" src=\"https:\/\/www.unisantos.br\/centrostecnologia\/wp-content\/uploads\/sites\/88\/2025\/09\/cozinha-3-300x169.jpg\" alt=\"\" class=\"wp-image-1059\" srcset=\"https:\/\/www.unisantos.br\/centrostecnologia\/wp-content\/uploads\/sites\/88\/2025\/09\/cozinha-3-300x169.jpg 300w, https:\/\/www.unisantos.br\/centrostecnologia\/wp-content\/uploads\/sites\/88\/2025\/09\/cozinha-3-1024x577.jpg 1024w, https:\/\/www.unisantos.br\/centrostecnologia\/wp-content\/uploads\/sites\/88\/2025\/09\/cozinha-3-768x433.jpg 768w, https:\/\/www.unisantos.br\/centrostecnologia\/wp-content\/uploads\/sites\/88\/2025\/09\/cozinha-3.jpg 1353w\" sizes=\"(max-width: 300px) 100vw, 300px\" \/><\/figure>\n\n\n\n<p><a href=\"https:\/\/www.unisantos.br\/portal\/noticias\/inclusao-projeto-de-capacitacao-em-alimentos-e-bebidas-petrochef-ira-beneficiar-1-400-jovens-e-adultos-contemplado-em-edital-da-petrobras-tem-investimento-de-r-9-milhoes\/\">INCLUS\u00c3O \u2013 Projeto de Capacita\u00e7\u00e3o em Alimentos e Bebidas, PetroChef ir\u00e1 beneficiar 1.400 pessoas. Vencedor de edital da Petrobras, tem investimentos de R$ 9 milh\u00f5es<\/a><\/p>\n\n\n\n<p><strong>10\/09<\/strong><\/p>\n\n\n\n<p><a href=\"https:\/\/www.unisantos.br\/wp-content\/uploads\/2025\/10\/20250910-Restaurante-Escola-Bistro-de-Santos-Ganhara-reforma-com-nova-parceria-Prefeitura-de-Santos-Digital.pdf\" target=\"_blank\" rel=\"noreferrer noopener\">Restaurante-Escola Bistr\u00f4 de Santos ganhar\u00e1 reforma com nova parceria (Prefeitura de Santos)<\/a><\/p>\n\n\n\n<p><strong>05\/02<br><\/strong><\/p>\n\n\n\n<figure class=\"wp-block-image size-medium\"><img loading=\"lazy\" decoding=\"async\" width=\"300\" height=\"136\" src=\"https:\/\/www.unisantos.br\/centrostecnologia\/wp-content\/uploads\/sites\/88\/2025\/10\/23a-turma-de-estudantes-do-restaurante-escola-768x349-1-300x136.jpg\" alt=\"\" class=\"wp-image-1087\" srcset=\"https:\/\/www.unisantos.br\/centrostecnologia\/wp-content\/uploads\/sites\/88\/2025\/10\/23a-turma-de-estudantes-do-restaurante-escola-768x349-1-300x136.jpg 300w, https:\/\/www.unisantos.br\/centrostecnologia\/wp-content\/uploads\/sites\/88\/2025\/10\/23a-turma-de-estudantes-do-restaurante-escola-768x349-1.jpg 768w\" sizes=\"(max-width: 300px) 100vw, 300px\" \/><\/figure>\n\n\n\n<p><a href=\"https:\/\/www.unisantos.br\/portal\/noticias\/extensao-unisantos-recebe-a-23a-turma-do-curso-de-qualificacao-em-servicos-e-alimentos-e-bebidas-do-restaurante-escola-estacao-bistro\/\">EXTENS\u00c3O \u2013 UNISANTOS recebe a 23\u00aa turma do curso de qualifica\u00e7\u00e3o em servi\u00e7os e alimentos e bebidas, do restaurante-escola \u201cEsta\u00e7\u00e3o Bistr\u00f4\u201d<\/a><\/p>\n\n\n\n<p><strong>2024<\/strong><\/p>\n\n\n\n<p><strong>13\/09<br><\/strong><a href=\"https:\/\/www.unisantos.br\/portal\/noticias\/gastronomia-restaurante-escola-estacao-bistro-participa-da-9a-edicao-do-baixada-santista-restaurant-week-que-acontece-ate-o-dia-13-de-outubro\/\">GASTRONOMIA &#8211; Restaurante-escola \u201cEsta\u00e7\u00e3o Bistr\u00f4\u201d, da UNISANTOS, participa da 9\u00aa edi\u00e7\u00e3o do Baixada Santista Restaurant Week, que acontece at\u00e9 o dia 13 de outubro<\/a><\/p>\n\n\n\n<p><strong>14\/08<\/strong><br><a href=\"https:\/\/www.unisantos.br\/portal\/noticias\/extensao-unisantos-recebe-nova-turma-do-curso-de-qualificacao-em-servicos-e-alimentos-e-bebidas-do-restaurante-escola-estacao-bistro\/\">EXTENS\u00c3O \u2013 UNISANTOS recebe mais uma turma do curso de qualifica\u00e7\u00e3o em servi\u00e7os e alimentos e bebidas, do projeto social restaurante-escola Esta\u00e7\u00e3o Bistr\u00f4<\/a><\/p>\n\n\n\n<p><strong>10\/05<\/strong><\/p>\n\n\n\n<p><a href=\"https:\/\/www.unisantos.br\/portal\/noticias\/inovacao-em-parceria-com-o-centro-de-tecnologia-e-inovacao-em-gastronomia-e-nutricao-empresario-santista-lanca-a-acai-sou-uma-bebida-mista-com-ingredientes-brasileiros\/\">INOVA\u00c7\u00c3O &#8211; Em parceria com o Centro de Tecnologia e Inova\u00e7\u00e3o em Gastronomia e Nutri\u00e7\u00e3o, empres\u00e1rio santista lan\u00e7a a A\u00e7a\u00ed Soul, uma bebida mista com ingredientes brasileiros<\/a><\/p>\n\n\n\n<p><strong>07\/05<br><\/strong><a href=\"https:\/\/www.unisantos.br\/portal\/noticias\/chefs-egressos-de-gastronomia-comemoram-a-classificacao-do-made-entre-os-100-melhores-do-brasil\/\">CHEFS \u2013 Egressos de Gastronomia comemoram a classifica\u00e7\u00e3o do Mad\u00ea entre os 100 melhores do Brasil<\/a><\/p>\n\n\n\n<p><strong>19\/01<br><\/strong><a href=\"https:\/\/www.unisantos.br\/portal\/noticias\/internacional-turistas-canadenses-em-cruzeiro-maritimo-realizam-aula-pratica-no-centro-de-tecnologia-e-inovacao-em-gastronomia-e-nutricao-da-unisantos\/\">INTERNACIONAL \u2013 Turistas canadenses em cruzeiro mar\u00edtimo realizam aula pr\u00e1tica no Centro de Tecnologia e Inova\u00e7\u00e3o em Gastronomia e Nutri\u00e7\u00e3o da UNISANTOS<\/a><\/p>\n\n\n\n<p><strong>2023<\/strong><\/p>\n\n\n\n<p><strong>02\/08<\/strong><a href=\"https:\/\/www.unisantos.br\/portal\/noticias\/extensao-restaurante-escola-estacao-bistro-da-unisantos-e-o-projeto-social-beneficiado-da-1a-edicao-do-burguer-gourmet-by-restaurant-week-baixada-santista\/\"><br>EXTENS\u00c3O \u2013 Restaurante-escola \u201cEsta\u00e7\u00e3o Bistr\u00f4\u201d da UNISANTOS \u00e9 o projeto social beneficiado da 1\u00aa edi\u00e7\u00e3o do Burguer Gourmet by Restaurant Week Baixada Santista<\/a><\/p>\n\n\n\n<p><strong>27\/04<\/strong><br><a href=\"https:\/\/www.unisantos.br\/portal\/noticias\/projeto-social-restaurante-escola-estacao-bistro\/\">PROJETO SOCIAL \u2013 Restaurante-escola Esta\u00e7\u00e3o Bistr\u00f4 participa do Baixada Santista Restaurante Week<\/a><\/p>\n\n\n\n<p><strong>12\/04<\/strong><br><a class=\"nome\" title=\"CONCURSO GASTRON\u00d4MICO &nbsp;\u2013 Secret\u00e1ria de Desenvolvimento Econ\u00f4mico e Turismo de S\u00e3o Vicente ressalta import\u00e2ncia de parcerias com a UNISANTOS\" href=\"https:\/\/www.unisantos.br\/portal\/noticias\/concurso-gastronomico-secretaria-de-desenvolvimento-economico-e-turismo-de-sao-vicente-ressalta-importancia-da-parceria-com-a-unisantos\/\">CONCURSO GASTRON\u00d4MICO &nbsp;\u2013 Secret\u00e1ria de Desenvolvimento Econ\u00f4mico e Turismo de S\u00e3o Vicente ressalta import\u00e2ncia de parcerias com a UNISANTOS<\/a><\/p>\n\n\n\n<p><strong>28\/03<br><\/strong><a class=\"nome\" title=\"RESTAURANTE-ESCOLA \u2013 Mais 22 jovens s\u00e3o recebidos para o curso de qualifica\u00e7\u00e3o de alimentos e bebidas\" href=\"https:\/\/www.unisantos.br\/portal\/noticias\/restaurante-escola-mais-22-jovens-sao-recebidos-para-o-curso-de-qualificacao-de-alimentos-e-bebidas\/\">RESTAURANTE-ESCOLA \u2013 Mais 22 jovens s\u00e3o recebidos para o curso de qualifica\u00e7\u00e3o de alimentos e bebidas<\/a><\/p>\n\n\n\n<p><strong>16\/03<br><\/strong><a class=\"nome\" title=\"WORKSHOP \u2013 Barry Callebaut e Casa do Confeiteiro iniciam as atividades do Centro de Tecnologia e Inova\u00e7\u00e3o em Gastronomia e Nutri\u00e7\u00e3o da UNISANTOS\" href=\"https:\/\/www.unisantos.br\/portal\/noticias\/workshop-barry-callebaut-e-casa-do-confeiteiro-iniciam-as-atividades-do-centro-de-tecnologia-e-inovacao-em-gastronomia-e-nutricao-da-unisantos\/\">WORKSHOP \u2013 Barry Callebaut e Casa do Confeiteiro iniciam as atividades do Centro de Tecnologia e Inova\u00e7\u00e3o em Gastronomia e Nutri\u00e7\u00e3o da UNISANTOS<\/a><\/p>\n\n\n\n<p><strong>08\/03<br><\/strong><a href=\"https:\/\/www.unisantos.br\/portal\/noticias\/formacao-unisantos-inaugura-centro-de-tecnologia-e-inovacao-em-gastronomia-e-nutricao-iniciativa-conta-com-parceria-de-empresas-de-alimentos-e-bebidas\/\">DESENVOLVIMENTO \u2013 UNISANTOS inaugura Centro de Tecnologia e Inova\u00e7\u00e3o em Gastronomia e Nutri\u00e7\u00e3o. Iniciativa conta com parceria de empresas de alimentos e bebidas<\/a><\/p>\n\n\n\n<p><strong>12\/02<br><\/strong><a href=\"https:\/\/www.unisantos.br\/wp-content\/uploads\/2023\/02\/Santista-de-tradicional-restaurante-da-capital-ensina-a-fazer-uma-deliciosa-sobremesa-italiana.pdf\" rel=\"noopener\">PORTAL A TRIBUNA \u2013 Egresso de Gastronomia est\u00e1 em tradicional restaurante da Capital<\/a><\/p>\n\n\n\n<p><strong>28\/02<br><\/strong><a href=\"https:\/\/www.unisantos.br\/portal\/noticias\/na-midia-restaurante-escola-estacao-bistro-e-tema-do-podcast-baixada-em-pauta-do-g1-santos\/\">NA M\u00cdDIA \u2013 Restaurante-escola Esta\u00e7\u00e3o Bistr\u00f4 \u00e9 tema do podcast \u201cBaixada em Pauta\u201d, do G1 Santos<\/a><\/p>\n\n\n\n<p><strong>2022<\/strong><\/p>\n\n\n\n<p><strong>07\/12<br><\/strong><a href=\"https:\/\/www.unisantos.br\/portal\/noticias\/map-i-mostra-de-atividades-de-pesquisa-dos-cursos-de-graduacao-reune-mais-de-1-mil-estudantes-e-250-trabalhos-desenvolvidos-ao-longo-de-2022-foram-20-horas-de-exposicoes-simultaneas\/\">MAP \u2013 I Mostra de Atividades de Pesquisa dos Cursos de Gradua\u00e7\u00e3o re\u00fane mais de 1 mil estudantes e 250 trabalhos desenvolvidos ao longo de 2022. Foram 20 horas de exposi\u00e7\u00f5es<\/a><\/p>\n\n\n\n<p><strong>30\/11<br><\/strong><a href=\"https:\/\/www.unisantos.br\/wp-content\/uploads\/2022\/12\/Alunos-do-curso-de-Gastronomia-da-Unisantos-desenvolvem-pratos-inspirados-em-S%C3%A3o-Vicente.pdf\" rel=\"noopener\">PESQUISA \u2013 Trabalho de estudantes de Gastronomia \u00e9 destaque no site da Prefeitura de S\u00e3o Vicente<\/a><\/p>\n\n\n\n<p><strong>08\/11<br><\/strong><a href=\"https:\/\/www.unisantos.br\/portal\/noticias\/extensao-nova-turma-de-estudantes-do-restaurante-escola-recebe-certificado-de-conclusao-do-curso\/\">EXTENS\u00c3O \u2013 Nova turma de estudantes do restaurante-escola recebe certificado de conclus\u00e3o do curso<\/a><\/p>\n\n\n\n<p><strong>04\/11<br><\/strong><a href=\"https:\/\/www.unisantos.br\/portal\/noticias\/destaque-unisantos-mantem-posicao-destaque-no-guia-da-faculdade-quero-estadao-com-102-estrelas-a-instituicao-tem-26-cursos-entre-os-melhores-do-pais\/\">DESTAQUE \u2013 UNISANTOS mant\u00e9m posi\u00e7\u00e3o destaque no Guia da Faculdade Quero\/Estad\u00e3o. Com 102 estrelas, a institui\u00e7\u00e3o tem 26 cursos entre os melhores do Pa\u00eds, sendo a mais estrelada da regi\u00e3o<\/a><\/p>\n\n\n\n<p><strong>26\/07<br><\/strong><a href=\"https:\/\/www.unisantos.br\/portal\/noticias\/referencia-nacional-restaurante-escola-estacao-bistro-e-recomendado-pelo-guia-internacional-restaurant-guru\/\" rel=\"noopener\">REFER\u00caNCIA \u2013 Restaurante-escola \u201cEsta\u00e7\u00e3o Bistr\u00f4\u201d \u00e9 recomendado pelo guia internacional Restaurant Guru<\/a><\/p>\n\n\n\n<p><strong>03\/06<br><\/strong><a href=\"https:\/\/www.unisantos.br\/portal\/noticias\/dia-de-portugal-restaurante-escola-estacao-bistro-tem-cardapio-especial-em-homenagem-a-portugal\/\" rel=\"noopener\">DIA DE PORTUGAL \u2013 Restaurante-escola Esta\u00e7\u00e3o Bistr\u00f4 tem card\u00e1pio especial em homenagem a Portugal<\/a><\/p>\n\n\n\n<p><strong>29\/04<br><\/strong><a href=\"https:\/\/www.unisantos.br\/portal\/noticias\/promocao-restaurante-escola-estacao-bistro-participa-do-baixada-santista-retaurant-week\/\" rel=\"noopener\">PROMO\u00c7\u00c3O \u2013 Restaurante-escola \u201cEsta\u00e7\u00e3o Bistr\u00f4\u201d participa do \u2018Baixada Santista Restaurant Week\u2019, maior festival gastron\u00f4mico do mundo<\/a><\/p>\n\n\n\n<p><strong>29\/04<br><\/strong><a href=\"https:\/\/www.unisantos.br\/portal\/noticias\/conhecimento-estudantes-de-gastronomia-e-nutricao-aprendem-tecnicas-de-higiene-em-cozinhas-profissionais\/\" rel=\"noopener\">CONHECIMENTO \u2013 Estudantes de Gastronomia e Nutri\u00e7\u00e3o aprendem t\u00e9cnicas de higiene em cozinhas profissionais<\/a><\/p>\n\n\n\n<p><strong>05\/04<br><\/strong><a href=\"https:\/\/www.unisantos.br\/portal\/noticias\/extensao-unisantos-recebe-mais-de-25-alunos-da-nova-turma-do-curso-de-qualificacao-do-restaurante-escola-estacao-bistro\/\" rel=\"noopener\">EXTENS\u00c3O \u2013 UNISANTOS recebe mais de 25 alunos da nova turma do curso de qualifica\u00e7\u00e3o do Esta\u00e7\u00e3o Bistr\u00f4<\/a><\/p>\n\n\n\n<p><strong>19\/03<br><\/strong><a href=\"https:\/\/www.unisantos.br\/portal\/noticias\/extensao-estudantes-da-15a-turma-do-curso-de-qualificacao-em-servicos-de-alimentos-e-bebidas-do-restaurante-escola-estacao-bistro-recebem-certificados-no-museu-pele\/\" rel=\"noopener\">EXTENS\u00c3O &#8211; Estudantes da 15\u00aa turma do curso de qualifica\u00e7\u00e3o em servi\u00e7os de alimentos e bebidas, do restaurante-escola Esta\u00e7\u00e3o-Bistr\u00f4, recebem certificados no Museu Pel\u00e9<\/a><\/p>\n\n\n\n<p><strong>2021<\/strong><\/p>\n\n\n\n<p><strong>07\/12<br><\/strong><a href=\"https:\/\/www.unisantos.br\/portal\/noticias\/map-i-mostra-de-atividades-de-pesquisa-dos-cursos-de-graduacao-reune-mais-de-1-mil-estudantes-e-250-trabalhos-desenvolvidos-ao-longo-de-2022-foram-20-horas-de-exposicoes-simultaneas\/\">MAP \u2013 I Mostra de Atividades de Pesquisa dos Cursos de Gradua\u00e7\u00e3o re\u00fane mais de 1 mil estudantes e 250 trabalhos desenvolvidos ao longo de 2022. Foram 20 horas de exposi\u00e7\u00f5es<\/a><\/p>\n\n\n\n<p><strong>08\/11<br><\/strong><a href=\"https:\/\/www.unisantos.br\/portal\/noticias\/extensao-nova-turma-de-estudantes-do-restaurante-escola-recebe-certificado-de-conclusao-do-curso\/\">EXTENS\u00c3O \u2013 Nova turma de estudantes do restaurante-escola recebe certificado de conclus\u00e3o do curso<\/a><\/p>\n\n\n\n<p><strong>04\/11<br><\/strong><a href=\"https:\/\/www.unisantos.br\/portal\/noticias\/destaque-unisantos-mantem-posicao-destaque-no-guia-da-faculdade-quero-estadao-com-102-estrelas-a-instituicao-tem-26-cursos-entre-os-melhores-do-pais\/\">DESTAQUE \u2013 UNISANTOS mant\u00e9m posi\u00e7\u00e3o destaque no Guia da Faculdade Quero\/Estad\u00e3o. Com 102 estrelas, a institui\u00e7\u00e3o tem 26 cursos entre os melhores do Pa\u00eds, sendo a mais estrelada da regi\u00e3o<\/a><\/p>\n\n\n\n<p><strong>23\/09<br><\/strong><a href=\"https:\/\/www.unisantos.br\/portal\/noticias\/programacao-restaurante-escola-estacao-bistro-participa-do-primavera-criativa-2022-com-prato-especial\/\">PROGRAMA\u00c7\u00c3O \u2013 Restaurante-escola \u2018Esta\u00e7\u00e3o Bistr\u00f4\u2019 participa da Primavera Criativa 2022<\/a><\/p>\n\n\n\n<p><strong>26\/07<br><\/strong><a href=\"https:\/\/www.unisantos.br\/portal\/noticias\/referencia-nacional-restaurante-escola-estacao-bistro-e-recomendado-pelo-guia-internacional-restaurant-guru\/\" rel=\"noopener\">REFER\u00caNCIA \u2013 Restaurante-escola \u201cEsta\u00e7\u00e3o Bistr\u00f4\u201d \u00e9 recomendado pelo guia internacional Restaurant Guru<\/a><\/p>\n\n\n\n<p><strong>28\/07<br><\/strong><a href=\"https:\/\/www.unisantos.br\/portal\/noticias\/unesco-chefs-do-restaurante-escola-estacao-bistro-ministram-aula-show-na-xiv-conferencia-anual-da-rede-de-cidades-criativas\/\">UNESCO \u2013 Chefs do Restaurante-escola Esta\u00e7\u00e3o Bistr\u00f4 ministram aula show, na XIV Confer\u00eancia Anual da Rede de Cidades Criativas, em Santos<\/a><\/p>\n\n\n\n<p><strong>21\/06<br><\/strong><a href=\"https:\/\/www.unisantos.br\/portal\/noticias\/criativa-garota-de-ipanema-foi-o-drink-vencedor-do-concurso-gastronomico-em-comemoracao-aos-200-anos-da-independencia-do-brasil-promovido-pelo-curso-de-gastronomia-da-unisantos\/\" rel=\"noopener\">CRIATIVIDADE \u2013 \u201cGarota de Ipanema\u201d vence concurso gastron\u00f4mico promovido pelo curso de Gastronomia em comemora\u00e7\u00e3o aos 200 anos da Independ\u00eancia do Brasil<\/a><\/p>\n\n\n\n<p><strong>21\/06<br><\/strong><a href=\"https:\/\/www.unisantos.br\/portal\/noticias\/dia-de-portugal-restaurante-escola-estacao-bistro-tem-cardapio-especial-em-homenagem-a-portugal\/\" rel=\"noopener\">DIA DE PORTUGAL \u2013 Restaurante-escola Esta\u00e7\u00e3o Bistr\u00f4 tem card\u00e1pio especial em homenagem a Portugal<\/a><\/p>\n\n\n\n<p><strong>30\/05<br><\/strong><a href=\"https:\/\/www.unisantos.br\/portal\/noticias\/workshop-em-evento-docente-fala-sobre-a-gastronomia-como-atrativo-para-o-turismo-nautico\/\" rel=\"noopener\">WORKSHOP \u2013 Em evento, docente fala sobre a gastronomia como atrativo para o turismo n\u00e1utico<\/a><\/p>\n\n\n\n<p><strong>29\/04<br><\/strong><a href=\"https:\/\/www.unisantos.br\/portal\/noticias\/promocao-restaurante-escola-estacao-bistro-participa-do-baixada-santista-retaurant-week\/\" rel=\"noopener\">PROMO\u00c7\u00c3O \u2013 Restaurante-escola \u201cEsta\u00e7\u00e3o Bistr\u00f4\u201d participa do \u2018Baixada Santista Restaurant Week\u2019, maior festival gastron\u00f4mico do mundo<\/a><\/p>\n\n\n\n<p><strong>29\/04<br><\/strong><a href=\"https:\/\/www.unisantos.br\/portal\/noticias\/conhecimento-estudantes-de-gastronomia-e-nutricao-aprendem-tecnicas-de-higiene-em-cozinhas-profissionais\/\" rel=\"noopener\">CONHECIMENTO \u2013 Estudantes de Gastronomia e Nutri\u00e7\u00e3o aprendem t\u00e9cnicas de higiene em cozinhas profissionais<\/a><\/p>\n\n\n\n<p><strong>05\/04<br><\/strong><a href=\"https:\/\/www.unisantos.br\/portal\/noticias\/extensao-unisantos-recebe-mais-de-25-alunos-da-nova-turma-do-curso-de-qualificacao-do-restaurante-escola-estacao-bistro\/\" rel=\"noopener\">EXTENS\u00c3O \u2013 UNISANTOS recebe mais de 25 alunos da nova turma do curso de qualifica\u00e7\u00e3o do Esta\u00e7\u00e3o Bistr\u00f4<\/a><\/p>\n\n\n\n<p><strong>19\/03<br><\/strong><a href=\"https:\/\/www.unisantos.br\/portal\/noticias\/extensao-estudantes-da-15a-turma-do-curso-de-qualificacao-em-servicos-de-alimentos-e-bebidas-do-restaurante-escola-estacao-bistro-recebem-certificados-no-museu-pele\/\" rel=\"noopener\">EXTENS\u00c3O \u2013 Estudantes da 15\u00aa turma do curso de qualifica\u00e7\u00e3o em servi\u00e7os de alimentos e bebidas, do restaurante-escola Esta\u00e7\u00e3o-Bistr\u00f4, recebem certificados no Museu Pel\u00e9<\/a><\/p>\n","protected":false},"excerpt":{"rendered":"<p>2025 22\/10 PORTAS ABERTAS \u2013 Restaurante-Escola \u201cEsta\u00e7\u00e3o Bistr\u00f4\u201d \u00e9 revitalizado e amplia n\u00famero de vagas para o curso de qualifica\u00e7\u00e3o [&hellip;]<\/p>\n","protected":false},"author":1,"featured_media":0,"parent":24,"menu_order":0,"comment_status":"closed","ping_status":"closed","template":"noticias.php","meta":{"_acf_changed":false,"footnotes":""},"acf":[],"_links":{"self":[{"href":"https:\/\/www.unisantos.br\/centrostecnologia\/wp-json\/wp\/v2\/pages\/34"}],"collection":[{"href":"https:\/\/www.unisantos.br\/centrostecnologia\/wp-json\/wp\/v2\/pages"}],"about":[{"href":"https:\/\/www.unisantos.br\/centrostecnologia\/wp-json\/wp\/v2\/types\/page"}],"author":[{"embeddable":true,"href":"https:\/\/www.unisantos.br\/centrostecnologia\/wp-json\/wp\/v2\/users\/1"}],"replies":[{"embeddable":true,"href":"https:\/\/www.unisantos.br\/centrostecnologia\/wp-json\/wp\/v2\/comments?post=34"}],"version-history":[{"count":30,"href":"https:\/\/www.unisantos.br\/centrostecnologia\/wp-json\/wp\/v2\/pages\/34\/revisions"}],"predecessor-version":[{"id":1097,"href":"https:\/\/www.unisantos.br\/centrostecnologia\/wp-json\/wp\/v2\/pages\/34\/revisions\/1097"}],"up":[{"embeddable":true,"href":"https:\/\/www.unisantos.br\/centrostecnologia\/wp-json\/wp\/v2\/pages\/24"}],"wp:attachment":[{"href":"https:\/\/www.unisantos.br\/centrostecnologia\/wp-json\/wp\/v2\/media?parent=34"}],"curies":[{"name":"wp","href":"https:\/\/api.w.org\/{rel}","templated":true}]}}