{"id":291,"date":"2024-03-11T17:36:18","date_gmt":"2024-03-11T20:36:18","guid":{"rendered":"https:\/\/www.unisantos.br\/centrostecnologia\/?page_id=291"},"modified":"2025-11-27T12:56:35","modified_gmt":"2025-11-27T15:56:35","slug":"tendencias-em-confeitaria","status":"publish","type":"page","link":"https:\/\/www.unisantos.br\/centrostecnologia\/gastronomia-e-nutricao\/programas\/tendencias-em-confeitaria\/","title":{"rendered":"Programa de Forma\u00e7\u00e3o em Confeitaria"},"content":{"rendered":"<p>Programa voltado aos especialistas em confeitaria possibilita o acesso a novos produtos, t\u00e9cnicas de preparo e comercializa\u00e7\u00e3o dos produtos de confeitaria.<\/p>\n<p>A Mago, maior empresa de confeitaria do Brasil, est\u00e1 h\u00e1 mais de 30 anos no mercado com o mais completo portf\u00f3lio de produtos de alta qualidade, sempre atentos \u00e0s tend\u00eancias do mercado e empenhada em fabricar materiais de maneira sustent\u00e1vel com menor impacto poss\u00edvel ao meio ambiente e sem riscos \u00e0 sa\u00fade dos consumidores, clientes e colaboradores.<\/p>\n<p>No CTIGN, acontecem aulas pr\u00e1ticas com o que existe de mais inovador e tecnol\u00f3gico em produtos para confeitaria.<\/p>\n<p>Acesse o site da <a href=\"https:\/\/www.mago.com.br\/\" target=\"_blank\" rel=\"noopener\"><strong>Mago<\/strong><\/a><\/p>\n","protected":false},"excerpt":{"rendered":"<p>Programa voltado aos especialistas em confeitaria possibilita o acesso a novos produtos, t\u00e9cnicas de preparo e comercializa\u00e7\u00e3o dos produtos de [&hellip;]<\/p>\n","protected":false},"author":1,"featured_media":0,"parent":36,"menu_order":0,"comment_status":"closed","ping_status":"closed","template":"","meta":{"_acf_changed":false,"footnotes":""},"acf":[],"_links":{"self":[{"href":"https:\/\/www.unisantos.br\/centrostecnologia\/wp-json\/wp\/v2\/pages\/291"}],"collection":[{"href":"https:\/\/www.unisantos.br\/centrostecnologia\/wp-json\/wp\/v2\/pages"}],"about":[{"href":"https:\/\/www.unisantos.br\/centrostecnologia\/wp-json\/wp\/v2\/types\/page"}],"author":[{"embeddable":true,"href":"https:\/\/www.unisantos.br\/centrostecnologia\/wp-json\/wp\/v2\/users\/1"}],"replies":[{"embeddable":true,"href":"https:\/\/www.unisantos.br\/centrostecnologia\/wp-json\/wp\/v2\/comments?post=291"}],"version-history":[{"count":5,"href":"https:\/\/www.unisantos.br\/centrostecnologia\/wp-json\/wp\/v2\/pages\/291\/revisions"}],"predecessor-version":[{"id":1193,"href":"https:\/\/www.unisantos.br\/centrostecnologia\/wp-json\/wp\/v2\/pages\/291\/revisions\/1193"}],"up":[{"embeddable":true,"href":"https:\/\/www.unisantos.br\/centrostecnologia\/wp-json\/wp\/v2\/pages\/36"}],"wp:attachment":[{"href":"https:\/\/www.unisantos.br\/centrostecnologia\/wp-json\/wp\/v2\/media?parent=291"}],"curies":[{"name":"wp","href":"https:\/\/api.w.org\/{rel}","templated":true}]}}