{"id":289,"date":"2024-03-11T17:34:40","date_gmt":"2024-03-11T20:34:40","guid":{"rendered":"https:\/\/www.unisantos.br\/centrostecnologia\/?page_id=289"},"modified":"2025-11-27T12:01:30","modified_gmt":"2025-11-27T15:01:30","slug":"food-design","status":"publish","type":"page","link":"https:\/\/www.unisantos.br\/centrostecnologia\/gastronomia-e-nutricao\/programas\/food-design\/","title":{"rendered":"A arte de ceramicar associada ao Food Design"},"content":{"rendered":"<p>Programa voltado aos amantes da Gastronomia, o termo food design surgiu por volta de 1997 na Europa e, hoje, \u00e9 organizado e amparado pela Sociedade Internacional do Food Design (IFDS).<\/p>\n<p>A comida \u00e9 entendida como um objeto, pensada em aspectos como usabilidade e ergonomia. \u00c9 onde a l\u00f3gica da industrializa\u00e7\u00e3o impera com processos criativos de novos formatos, materiais, naming e embalagens, al\u00e9m de novos sabores, texturas, temperaturas e cores.<\/p>\n<p>Comemos primeiro com os olhos. Logo, a apresenta\u00e7\u00e3o da comida, bem como as lou\u00e7as a serem utilizadas, precisam ser pensadas de forma que se tornem cada vez mais atrativas aos comensais.<\/p>\n<p>Desde 2017, o Atelier Morro do Bambu fornece, cria, estuda e planeja as lou\u00e7as em cer\u00e2mica utilizadas no servi\u00e7o do Programa Social Restaurante-Escola Esta\u00e7\u00e3o Bistr\u00f4 e do CTIGN.<\/p>\n<p>O Atelier Morro do Bambu \u00e9 uma escola multifuncional que tem como foco principal a Cer\u00e2mica Art\u00edstica. Com mais de 10 anos de atividades em pleno funcionamento, o atelier acredita na transforma\u00e7\u00e3o e evolu\u00e7\u00e3o atrav\u00e9s da arte. Como Escola de Cer\u00e2mica, desenvolve aulas para iniciantes e profissionais na \u201cArte de Ceramicar\u201d.<\/p>\n<p>Na \u00e1rea de utilit\u00e1rios, produz lou\u00e7as para restaurantes. Na \u00e1rea art\u00edstica, faz a restaura\u00e7\u00e3o de azulejos antigos, pain\u00e9is cer\u00e2micos e projetos para arquitetura, al\u00e9m de instala\u00e7\u00f5es internas e externas.<\/p>\n<p>Acesse a p\u00e1gina do <a href=\"https:\/\/www.facebook.com\/AtelierMorroDoBambu\/?locale=pt_BR\" target=\"_blank\" rel=\"noopener\"><strong>Atelier Morro do Bambu<\/strong><\/a> no Facebook<\/p>\n<p><strong><a href=\"https:\/\/www.unisantos.br\/wp-content\/uploads\/2025\/11\/EVENTO-FOOD-DESIGNER-MORRO-DO-BAMBU.pdf\" target=\"_blank\" rel=\"noopener\">Empratamento de risotos &#8211; Cer\u00e2micas Morro do Bambu<\/a><\/strong><\/p>\n\n\n<div class=\"wp-block-columns is-layout-flex wp-container-core-columns-is-layout-1 wp-block-columns-is-layout-flex\">\n<div class=\"wp-block-column is-layout-flow wp-block-column-is-layout-flow\">\n<figure class=\"wp-block-image size-large\"><img loading=\"lazy\" decoding=\"async\" width=\"768\" height=\"1024\" src=\"https:\/\/www.unisantos.br\/centrostecnologia\/wp-content\/uploads\/sites\/88\/2025\/11\/WhatsApp-Image-2025-11-25-at-07.43.01-1-1-768x1024.jpeg\" alt=\"\" class=\"wp-image-1157\" srcset=\"https:\/\/www.unisantos.br\/centrostecnologia\/wp-content\/uploads\/sites\/88\/2025\/11\/WhatsApp-Image-2025-11-25-at-07.43.01-1-1-768x1024.jpeg 768w, https:\/\/www.unisantos.br\/centrostecnologia\/wp-content\/uploads\/sites\/88\/2025\/11\/WhatsApp-Image-2025-11-25-at-07.43.01-1-1-225x300.jpeg 225w, https:\/\/www.unisantos.br\/centrostecnologia\/wp-content\/uploads\/sites\/88\/2025\/11\/WhatsApp-Image-2025-11-25-at-07.43.01-1-1.jpeg 960w\" sizes=\"(max-width: 768px) 100vw, 768px\" \/><\/figure>\n<\/div>\n\n\n\n<div class=\"wp-block-column is-layout-flow wp-block-column-is-layout-flow\">\n<figure class=\"wp-block-image size-large\"><img loading=\"lazy\" decoding=\"async\" width=\"768\" height=\"1024\" src=\"https:\/\/www.unisantos.br\/centrostecnologia\/wp-content\/uploads\/sites\/88\/2025\/11\/WhatsApp-Image-2025-11-25-at-07.43.02-768x1024.jpeg\" alt=\"\" class=\"wp-image-1158\" srcset=\"https:\/\/www.unisantos.br\/centrostecnologia\/wp-content\/uploads\/sites\/88\/2025\/11\/WhatsApp-Image-2025-11-25-at-07.43.02-768x1024.jpeg 768w, https:\/\/www.unisantos.br\/centrostecnologia\/wp-content\/uploads\/sites\/88\/2025\/11\/WhatsApp-Image-2025-11-25-at-07.43.02-225x300.jpeg 225w, https:\/\/www.unisantos.br\/centrostecnologia\/wp-content\/uploads\/sites\/88\/2025\/11\/WhatsApp-Image-2025-11-25-at-07.43.02.jpeg 960w\" sizes=\"(max-width: 768px) 100vw, 768px\" \/><\/figure>\n<\/div>\n\n\n\n<div class=\"wp-block-column is-layout-flow wp-block-column-is-layout-flow\">\n<figure class=\"wp-block-image size-large\"><img loading=\"lazy\" decoding=\"async\" width=\"768\" height=\"1024\" src=\"https:\/\/www.unisantos.br\/centrostecnologia\/wp-content\/uploads\/sites\/88\/2025\/11\/WhatsApp-Image-2025-11-25-at-07.43.01-3-768x1024.jpeg\" alt=\"\" class=\"wp-image-1159\" srcset=\"https:\/\/www.unisantos.br\/centrostecnologia\/wp-content\/uploads\/sites\/88\/2025\/11\/WhatsApp-Image-2025-11-25-at-07.43.01-3-768x1024.jpeg 768w, https:\/\/www.unisantos.br\/centrostecnologia\/wp-content\/uploads\/sites\/88\/2025\/11\/WhatsApp-Image-2025-11-25-at-07.43.01-3-225x300.jpeg 225w, https:\/\/www.unisantos.br\/centrostecnologia\/wp-content\/uploads\/sites\/88\/2025\/11\/WhatsApp-Image-2025-11-25-at-07.43.01-3.jpeg 960w\" sizes=\"(max-width: 768px) 100vw, 768px\" \/><\/figure>\n<\/div>\n<\/div>\n","protected":false},"excerpt":{"rendered":"<p>Programa voltado aos amantes da Gastronomia, o termo food design surgiu por volta de 1997 na Europa e, hoje, \u00e9 [&hellip;]<\/p>\n","protected":false},"author":1,"featured_media":0,"parent":36,"menu_order":0,"comment_status":"closed","ping_status":"closed","template":"","meta":{"_acf_changed":false,"footnotes":""},"acf":[],"_links":{"self":[{"href":"https:\/\/www.unisantos.br\/centrostecnologia\/wp-json\/wp\/v2\/pages\/289"}],"collection":[{"href":"https:\/\/www.unisantos.br\/centrostecnologia\/wp-json\/wp\/v2\/pages"}],"about":[{"href":"https:\/\/www.unisantos.br\/centrostecnologia\/wp-json\/wp\/v2\/types\/page"}],"author":[{"embeddable":true,"href":"https:\/\/www.unisantos.br\/centrostecnologia\/wp-json\/wp\/v2\/users\/1"}],"replies":[{"embeddable":true,"href":"https:\/\/www.unisantos.br\/centrostecnologia\/wp-json\/wp\/v2\/comments?post=289"}],"version-history":[{"count":8,"href":"https:\/\/www.unisantos.br\/centrostecnologia\/wp-json\/wp\/v2\/pages\/289\/revisions"}],"predecessor-version":[{"id":1173,"href":"https:\/\/www.unisantos.br\/centrostecnologia\/wp-json\/wp\/v2\/pages\/289\/revisions\/1173"}],"up":[{"embeddable":true,"href":"https:\/\/www.unisantos.br\/centrostecnologia\/wp-json\/wp\/v2\/pages\/36"}],"wp:attachment":[{"href":"https:\/\/www.unisantos.br\/centrostecnologia\/wp-json\/wp\/v2\/media?parent=289"}],"curies":[{"name":"wp","href":"https:\/\/api.w.org\/{rel}","templated":true}]}}