{"id":283,"date":"2024-03-11T17:27:00","date_gmt":"2024-03-11T20:27:00","guid":{"rendered":"https:\/\/www.unisantos.br\/centrostecnologia\/?page_id=283"},"modified":"2025-11-27T12:54:15","modified_gmt":"2025-11-27T15:54:15","slug":"o-pescado-na-alimentacao","status":"publish","type":"page","link":"https:\/\/www.unisantos.br\/centrostecnologia\/gastronomia-e-nutricao\/programas\/o-pescado-na-alimentacao\/","title":{"rendered":"Programa de Incentivo ao Aumento no Consumo do Pescado na Alimenta\u00e7\u00e3o do Brasileiro"},"content":{"rendered":"<p>O programa tem como objetivo promover a alimenta\u00e7\u00e3o saud\u00e1vel, econ\u00f4mica e sustent\u00e1vel, bem como a qualidade de vida das pessoas.<\/p>\n<p>O uso da culin\u00e1ria como m\u00e9todo de difus\u00e3o de conhecimento possibilita manter o foco na mensagem positiva que se deseja promover na concep\u00e7\u00e3o da rela\u00e7\u00e3o estabelecida entre o indiv\u00edduo e a alimenta\u00e7\u00e3o. Ao produzir um prato ou uma bebida, os indiv\u00edduos exercitam a ger\u00eancia de seus recursos financeiros, f\u00edsicos, criativos e inovadores. Al\u00e9m disso, a viv\u00eancia nos permite articular ci\u00eancia cotidiana, forma\u00e7\u00e3o te\u00f3rica e pr\u00e1tica, alimenta\u00e7\u00e3o e cultura.<\/p>\n<p>As atividades desenvolvidas no CTIGN t\u00eam como objetivo apresentar aos participantes das atividades, consumidores e profissionais os peixes n\u00e3o convencionais. Al\u00e9m disso, pretende discutir sobre outras esp\u00e9cies, al\u00e9m das j\u00e1 conhecidos, como salm\u00e3o, linguado, badejo, atum e outros.<\/p>\n<p>Acesse o site do <a href=\"https:\/\/www.pesca.sp.gov.br\/\" target=\"_blank\" rel=\"noopener\"><strong>Instituto de Pesca<\/strong><\/a><\/p>\n","protected":false},"excerpt":{"rendered":"<p>O programa tem como objetivo promover a alimenta\u00e7\u00e3o saud\u00e1vel, econ\u00f4mica e sustent\u00e1vel, bem como a qualidade de vida das pessoas. [&hellip;]<\/p>\n","protected":false},"author":1,"featured_media":0,"parent":36,"menu_order":0,"comment_status":"closed","ping_status":"closed","template":"","meta":{"_acf_changed":false,"footnotes":""},"acf":[],"_links":{"self":[{"href":"https:\/\/www.unisantos.br\/centrostecnologia\/wp-json\/wp\/v2\/pages\/283"}],"collection":[{"href":"https:\/\/www.unisantos.br\/centrostecnologia\/wp-json\/wp\/v2\/pages"}],"about":[{"href":"https:\/\/www.unisantos.br\/centrostecnologia\/wp-json\/wp\/v2\/types\/page"}],"author":[{"embeddable":true,"href":"https:\/\/www.unisantos.br\/centrostecnologia\/wp-json\/wp\/v2\/users\/1"}],"replies":[{"embeddable":true,"href":"https:\/\/www.unisantos.br\/centrostecnologia\/wp-json\/wp\/v2\/comments?post=283"}],"version-history":[{"count":5,"href":"https:\/\/www.unisantos.br\/centrostecnologia\/wp-json\/wp\/v2\/pages\/283\/revisions"}],"predecessor-version":[{"id":1191,"href":"https:\/\/www.unisantos.br\/centrostecnologia\/wp-json\/wp\/v2\/pages\/283\/revisions\/1191"}],"up":[{"embeddable":true,"href":"https:\/\/www.unisantos.br\/centrostecnologia\/wp-json\/wp\/v2\/pages\/36"}],"wp:attachment":[{"href":"https:\/\/www.unisantos.br\/centrostecnologia\/wp-json\/wp\/v2\/media?parent=283"}],"curies":[{"name":"wp","href":"https:\/\/api.w.org\/{rel}","templated":true}]}}