{"id":280,"date":"2024-03-11T17:23:31","date_gmt":"2024-03-11T20:23:31","guid":{"rendered":"https:\/\/www.unisantos.br\/centrostecnologia\/?page_id=280"},"modified":"2025-03-14T14:21:22","modified_gmt":"2025-03-14T17:21:22","slug":"bonde-cafe","status":"publish","type":"page","link":"https:\/\/www.unisantos.br\/centrostecnologia\/gastronomia-e-nutricao\/programas\/bonde-cafe\/","title":{"rendered":"Forma\u00e7\u00e3o Continuada para Baristas"},"content":{"rendered":"<p>Voltada aos egressos do Programa Social Restaurante-Escola Esta\u00e7\u00e3o Bistr\u00f4, oportuniza a qualifica\u00e7\u00e3o de jovens na \u00e1rea de baristas, que permanecem por 6 meses no Bonde Caf\u00e9.<\/p>\n<p>A linha tur\u00edstica do bonde oferece uma viagem no tempo por diversos pontos de interesse hist\u00f3rico e cultural, com a degusta\u00e7\u00e3o de caf\u00e9s especiais.<\/p>\n<p>Acesse o site do\u00a0<a href=\"https:\/\/www.museudocafe.org.br\/en\/important-informations\/bonde-cafe-2\/\"><strong>Museu do Caf\u00e9<\/strong><\/a><\/p>\n","protected":false},"excerpt":{"rendered":"<p>Voltada aos egressos do Programa Social Restaurante-Escola Esta\u00e7\u00e3o Bistr\u00f4, oportuniza a qualifica\u00e7\u00e3o de jovens na \u00e1rea de baristas, que permanecem [&hellip;]<\/p>\n","protected":false},"author":1,"featured_media":0,"parent":36,"menu_order":0,"comment_status":"closed","ping_status":"closed","template":"","meta":{"_acf_changed":false,"footnotes":""},"acf":[],"_links":{"self":[{"href":"https:\/\/www.unisantos.br\/centrostecnologia\/wp-json\/wp\/v2\/pages\/280"}],"collection":[{"href":"https:\/\/www.unisantos.br\/centrostecnologia\/wp-json\/wp\/v2\/pages"}],"about":[{"href":"https:\/\/www.unisantos.br\/centrostecnologia\/wp-json\/wp\/v2\/types\/page"}],"author":[{"embeddable":true,"href":"https:\/\/www.unisantos.br\/centrostecnologia\/wp-json\/wp\/v2\/users\/1"}],"replies":[{"embeddable":true,"href":"https:\/\/www.unisantos.br\/centrostecnologia\/wp-json\/wp\/v2\/comments?post=280"}],"version-history":[{"count":5,"href":"https:\/\/www.unisantos.br\/centrostecnologia\/wp-json\/wp\/v2\/pages\/280\/revisions"}],"predecessor-version":[{"id":1008,"href":"https:\/\/www.unisantos.br\/centrostecnologia\/wp-json\/wp\/v2\/pages\/280\/revisions\/1008"}],"up":[{"embeddable":true,"href":"https:\/\/www.unisantos.br\/centrostecnologia\/wp-json\/wp\/v2\/pages\/36"}],"wp:attachment":[{"href":"https:\/\/www.unisantos.br\/centrostecnologia\/wp-json\/wp\/v2\/media?parent=280"}],"curies":[{"name":"wp","href":"https:\/\/api.w.org\/{rel}","templated":true}]}}