{"id":277,"date":"2024-03-11T17:20:35","date_gmt":"2024-03-11T20:20:35","guid":{"rendered":"https:\/\/www.unisantos.br\/centrostecnologia\/?page_id=277"},"modified":"2024-03-22T06:41:30","modified_gmt":"2024-03-22T09:41:30","slug":"programa-parcerias-de-sucesso-unisantos","status":"publish","type":"page","link":"https:\/\/www.unisantos.br\/centrostecnologia\/gastronomia-e-nutricao\/programas\/programa-parcerias-de-sucesso-unisantos\/","title":{"rendered":"Parcerias de Sucesso UniSantos"},"content":{"rendered":"<p>Como reconhecimento da relev\u00e2ncia das a\u00e7\u00f5es desenvolvidas pela UniSantos e da contribui\u00e7\u00e3o para a forma\u00e7\u00e3o de profissionais qualificados para o segmento de alimentos e bebidas, o CTIGN tem angariado apoio de organiza\u00e7\u00f5es do referido segmento. Algumas empresas estruturam projetos sociais suplementares em seus ambientes, a partir do trabalho dos egressos do Restaurante-Escola; outras fazem capta\u00e7\u00e3o diretamente junto aos formandos do \u201cEsta\u00e7\u00e3o Bistr\u00f4\u201d para o preenchimento de vagas de trabalho; e h\u00e1, ainda, aquelas que solicitam \u00e0 Universidade que indique os jovens formados para fins de contrata\u00e7\u00e3o.<\/p>\n<p>As experi\u00eancias gastron\u00f4micas diferenciadas propostas pelo Restaurante-Escola e CTIGN, na perspectiva de um servi\u00e7o qualificado, por\u00e9m financeiramente acess\u00edvel \u00e0 popula\u00e7\u00e3o e com prop\u00f3sito de desenvolvimento social, criam um espa\u00e7o de excel\u00eancia para estreitar os la\u00e7os entre ensino, pesquisa e extens\u00e3o, e, portanto, torna-se um local de refer\u00eancia para realiza\u00e7\u00e3o de atividades junto a empresas privadas.<\/p>\n<p><strong>NITA ALIMENTOS<\/strong><\/p>\n<p>A\u00a0Nita Alimentos\u00a0\u00e9 uma importante ind\u00fastria nacional de alimentos com foco em produtos \u00e0 base trigo certificada pelas ISO 9001-14001-45001.<\/p>\n<p>Instalada desde 1968 em localiza\u00e7\u00e3o privilegiada no porto de Santos, a empresa possui um eficiente processo de descarga pr\u00f3prio e automatizado de transporte de trigo diretamente dos navios para os silos, o que faz com que sua produtividade seja uma grande vantagem competitiva frente a outros moinhos, destacando ainda a qualidade com que a Nita produz seus alimentos.<\/p>\n<p>Desde sua funda\u00e7\u00e3o, a empresa vem investindo no aumento de sua capacidade de processamento de trigo, produ\u00e7\u00e3o de farinhas e outros produtos, e em recursos humanos e tecnol\u00f3gicos, de forma a tornar hoje a Nita Alimentos uma importante, moderna e inovadora ind\u00fastria do cen\u00e1rio nacional, com uma equipe de 329 colaboradores.<\/p>\n<p>A marca Nita, presente no mercado h\u00e1 mais de 50 anos, busca sempre estar atualizada em sua representa\u00e7\u00e3o gr\u00e1fica, como descrito nesta evolu\u00e7\u00e3o hist\u00f3rica. Mas a principal evolu\u00e7\u00e3o de Nita \u00e9 sua capacidade de estar atenta e acompanhar as mudan\u00e7as do mercado, das necessidades e novos h\u00e1bitos de seus consumidores e clientes, buscando atrav\u00e9s de constante inova\u00e7\u00e3o e permanente qualidade de seus produtos, manter a fideliza\u00e7\u00e3o de seu p\u00fablico e tamb\u00e9m conquistar novos espa\u00e7os nos domic\u00edlios, panificadoras, confeitarias e ind\u00fastrias do segmento.<\/p>\n<p><strong>Programa Padeiro em Evolu\u00e7\u00e3o <\/strong><\/p>\n<p>Voltado aos estudantes do Programa Restaurante-Escola, onde s\u00e3o realizados quatro M\u00f3dulos de RH pelos profissionais da Nita Alimentos a todos os estudantes.<br \/>\n\u2013\u00a0<em>Curr\u00edculo<\/em>: autoconhecimento, elabora\u00e7\u00e3o do curr\u00edculo e p\u00e1gina Linkedin<br \/>\n\u2013\u00a0<em>Entrevista<\/em>: t\u00e9cnicas de entrevista e simula\u00e7\u00f5es<br \/>\n\u2013\u00a0<em>Din\u00e2micas<\/em>: din\u00e2micas de grupo, cases e apresenta\u00e7\u00f5es<br \/>\n\u2013\u00a0<em>Jornada<\/em>: carreira e oportunidades<br \/>\nDisponibilizadas ap\u00f3s processo seletivo durante os m\u00f3dulos de RH (2 vagas por turma, com dura\u00e7\u00e3o de 6 meses, contrata\u00e7\u00e3o CLT por tempo determinado, cargo auxiliar de panifica\u00e7\u00e3o).<\/p>\n<p><strong>Programa Jovens Talentos Unisantos<\/strong><\/p>\n<p>A Nita Alimentos, em constante crescimento, busca profissionais\u00a0para integrar o time. N\u00e3o \u00e9 necess\u00e1rio ter experi\u00eancia, apenas vontade de aprender. Esse programa foi desenvolvido para\u00a0inspirar<strong>\u00a0<\/strong>os jovens que est\u00e3o iniciando a carreira profissional, atrav\u00e9s de uma\u00a0trilha de aprendizagem repleta de conte\u00fados e\u00a0m\u00e3o na massa!<\/p>\n<p>Acesse o site da\u00a0<a href=\"https:\/\/nita.com.br\/\"><strong>Nita<\/strong><\/a><\/p>\n<p><strong>EVENTOS REALIZADOS<\/strong><\/p>\n<p><strong>2023<\/strong><\/p>\n<p><strong>03\/04<\/strong>:<br \/>\nPrograma Padeiro em Evolu\u00e7\u00e3o \u2013 realiza\u00e7\u00e3o de quatro m\u00f3dulos de RH para os estudantes do Programa Social Restaurante Escola.<\/p>\n","protected":false},"excerpt":{"rendered":"<p>Como reconhecimento da relev\u00e2ncia das a\u00e7\u00f5es desenvolvidas pela UniSantos e da contribui\u00e7\u00e3o para a forma\u00e7\u00e3o de profissionais qualificados para o [&hellip;]<\/p>\n","protected":false},"author":1,"featured_media":0,"parent":36,"menu_order":0,"comment_status":"closed","ping_status":"closed","template":"","meta":{"_acf_changed":false,"footnotes":""},"acf":[],"_links":{"self":[{"href":"https:\/\/www.unisantos.br\/centrostecnologia\/wp-json\/wp\/v2\/pages\/277"}],"collection":[{"href":"https:\/\/www.unisantos.br\/centrostecnologia\/wp-json\/wp\/v2\/pages"}],"about":[{"href":"https:\/\/www.unisantos.br\/centrostecnologia\/wp-json\/wp\/v2\/types\/page"}],"author":[{"embeddable":true,"href":"https:\/\/www.unisantos.br\/centrostecnologia\/wp-json\/wp\/v2\/users\/1"}],"replies":[{"embeddable":true,"href":"https:\/\/www.unisantos.br\/centrostecnologia\/wp-json\/wp\/v2\/comments?post=277"}],"version-history":[{"count":2,"href":"https:\/\/www.unisantos.br\/centrostecnologia\/wp-json\/wp\/v2\/pages\/277\/revisions"}],"predecessor-version":[{"id":454,"href":"https:\/\/www.unisantos.br\/centrostecnologia\/wp-json\/wp\/v2\/pages\/277\/revisions\/454"}],"up":[{"embeddable":true,"href":"https:\/\/www.unisantos.br\/centrostecnologia\/wp-json\/wp\/v2\/pages\/36"}],"wp:attachment":[{"href":"https:\/\/www.unisantos.br\/centrostecnologia\/wp-json\/wp\/v2\/media?parent=277"}],"curies":[{"name":"wp","href":"https:\/\/api.w.org\/{rel}","templated":true}]}}