{"id":225,"date":"2024-03-09T16:20:03","date_gmt":"2024-03-09T19:20:03","guid":{"rendered":"https:\/\/www.unisantos.br\/centrostecnologia\/?page_id=225"},"modified":"2025-02-05T15:41:19","modified_gmt":"2025-02-05T18:41:19","slug":"noticias","status":"publish","type":"page","link":"https:\/\/www.unisantos.br\/centrostecnologia\/artes-design-e-producao-audiovisual\/noticias\/","title":{"rendered":"Not\u00edcias"},"content":{"rendered":"<p><strong>2024<\/strong><\/p>\n<p><strong>08\/11<\/strong><\/p>\n<p><a href=\"https:\/\/www.unisantos.br\/portal\/noticias\/70-anos-comemoracoes-pelo-jubileu-de-platina-do-curso-de-jornalismo-tem-inicio-com-homenagens-missa-assinatura-de-convenio-e-palestras\/\">70 ANOS \u2013 Comemora\u00e7\u00f5es pelo Jubileu de Platina do curso de Jornalismo da UNISANTOS t\u00eam in\u00edcio com homenagens, missa, assinatura de conv\u00eanio e palestras<\/a><\/p>\n<p><strong>21\/10<\/strong><\/p>\n<p><a href=\"https:\/\/www.unisantos.br\/portal\/noticias\/jornalismo-estudantes-de-jornalismo-estreiam-com-o-programa-toque-de-prima-no-orlaplay-esportes\/\">PARCERIA \u2013 Estudantes do curso de Jornalismo estreiam com o programa \u2018Toque de Prima\u2019, no OrlaPlay Esportes<\/a><\/p>\n<p><strong>24\/06<\/strong><\/p>\n<p><a href=\"https:\/\/www.unisantos.br\/portal\/noticias\/cinema-fundadora-e-diretora-executiva-do-instituo-quero-parceiro-da-unisantos-fala-sobre-a-carreira-promissora-no-audiovisual\/\">CINEMA \u2013 Fundadora e diretora executiva do Instituo Quer\u00f4, parceiro da UNISANTOS, fala sobre a carreira promissora no audiovisual<\/a><\/p>\n<p><strong>18\/06<\/strong><\/p>\n<p><img loading=\"lazy\" decoding=\"async\" class=\"alignnone wp-image-679\" src=\"https:\/\/www.unisantos.br\/centrostecnologia\/wp-content\/uploads\/sites\/88\/2024\/06\/WhatsApp-Image-2024-06-19-at-15.02.05-206x300.jpeg\" alt=\"\" width=\"138\" height=\"200\" srcset=\"https:\/\/www.unisantos.br\/centrostecnologia\/wp-content\/uploads\/sites\/88\/2024\/06\/WhatsApp-Image-2024-06-19-at-15.02.05-206x300.jpeg 206w, https:\/\/www.unisantos.br\/centrostecnologia\/wp-content\/uploads\/sites\/88\/2024\/06\/WhatsApp-Image-2024-06-19-at-15.02.05-768x1117.jpeg 768w, https:\/\/www.unisantos.br\/centrostecnologia\/wp-content\/uploads\/sites\/88\/2024\/06\/WhatsApp-Image-2024-06-19-at-15.02.05-704x1024.jpeg 704w, https:\/\/www.unisantos.br\/centrostecnologia\/wp-content\/uploads\/sites\/88\/2024\/06\/WhatsApp-Image-2024-06-19-at-15.02.05.jpeg 1100w\" sizes=\"(max-width: 138px) 100vw, 138px\" \/><\/p>\n<p><a href=\"https:\/\/www.unisantos.br\/portal\/noticias\/parceria-tem-inicio-o-santos-film-fest-o-festival-de-cinema-de-santos-unisantos-e-um-dos-locais-de-exibicao-de-filmes-e-coordenador-de-cinema-um-dos-homenageados\/\">PARCERIA \u2013 Tem in\u00edcio o Festival de Cinema de Santos, o Santos Film Fest. UNISANTOS \u00e9 um dos locais de exibi\u00e7\u00e3o de filmes e coordenador de Cinema, um dos homenageados<\/a><\/p>\n<p><strong>08\/05<\/strong><\/p>\n<p><a href=\"https:\/\/www.unisantos.br\/portal\/noticias\/extensao-estudantes-do-1o-semestre-de-jornalismo-lancam-uma-nova-edicao-do-jornal-o-ladrilho\/\">EXTENS\u00c3O \u2013 Estudantes do 1\u00ba semestre do curso de Jornalismo lan\u00e7am uma nova edi\u00e7\u00e3o do Jornal \u201cO Ladrilho\u201d<\/a><\/p>\n<p><strong>07\/05<\/strong><\/p>\n<p><a href=\"https:\/\/www.unisantos.br\/portal\/noticias\/formacao-parceria-com-o-instituto-quero-ira-contribuir-para-a-producao-de-filmes-no-centro-de-tecnologia-e-inovacao-em-artes-design-e-audiovisual-da-unisantos\/\">FORMA\u00c7\u00c3O &#8211; Parceria com o Instituto Quer\u00f4 ir\u00e1 contribuir para a produ\u00e7\u00e3o de filmes no Centro de Tecnologia e Inova\u00e7\u00e3o em Artes, Design e Audiovisual da UNISANTOS<\/a><\/p>\n<p><strong>12\/04<\/strong><br \/>\n<a href=\"https:\/\/www.unisantos.br\/portal\/noticias\/vila-criativa-centro-de-tecnologia-e-inovacao-em-artes-design-e-audiovisual-promove-curso-de-producao-audiovisual\/\">VILA CRIATIVA &#8211; Centro de Tecnologia e Inova\u00e7\u00e3o em Artes, Design e Audiovisual da UNISANTOS promove curso de produ\u00e7\u00e3o audiovisual<\/a><\/p>\n<p><strong>14\/03<\/strong><br \/>\n<a href=\"https:\/\/www.unisantos.br\/portal\/noticias\/excelencia-curso-de-arquitetura-e-urbanismo-recebe-nota-maxima-5-em-recente-avaliacao-do-ministerio-da-educacao\/\">EXCEL\u00caNCIA \u2013 Curso de Arquitetura e Urbanismo da UniSantos recebe nota m\u00e1xima (5) em recente avalia\u00e7\u00e3o do Minist\u00e9rio da Educa\u00e7\u00e3o<\/a><\/p>\n<p><strong>13\/03<\/strong><br \/>\n<a href=\"https:\/\/www.unisantos.br\/portal\/noticias\/inauguracao-centro-de-tecnologia-e-inovacao-em-artes-design-e-audiovisual-fomenta-a-arte-e-a-cultura-com-foco-na-producao-audiovisual\/\">INAUGURA\u00c7\u00c3O \u2013 Centro de Tecnologia e Inova\u00e7\u00e3o em Artes, Design e Audiovisual da UniSantos fomenta a arte a cultura, com foco na produ\u00e7\u00e3o audiovisual<\/a><\/p>\n<p><a href=\"https:\/\/www.unisantos.br\/portal\/noticias\/jornalismo-editora-leopoldianum-da-unisantos-publica-o-livro-130-anos-em-fatos-e-fotos-jornal-a-tribuna\/\">JORNALISMO \u2013 Editora Leopoldianum publica o livro \u201c130 Anos em Fatos e Fotos \u2013 Jornal A Tribuna\u201d<\/a><\/p>\n<p><strong>26\/02<\/strong><br \/>\n<a href=\"https:\/\/www.unisantos.br\/portal\/noticias\/na-midia-em-entrevista-ao-bom-dia-regiao-docente-da-unisantos-comenta-dados-que-classificaram-santos-como-a-cidade-com-maior-quantidade-de-apartamentos\/\">NA M\u00cdDIA \u2013 Em entrevista ao Bom dia Regi\u00e3o, docente do curso de Arquitetura e Urbanismo comenta classifica\u00e7\u00e3o de Santos como a cidade com maior quantidade de apartamentos do Brasil<\/a><\/p>\n<p><strong>2023<\/strong><\/p>\n<p><strong>14\/12<\/strong><br \/>\n<a href=\"https:\/\/www.unisantos.br\/portal\/noticias\/arte-e-fe-estudantes-de-arquitetura-e-urbanismo-participam-da-30a-exposicao-de-presepios-do-santuario-santo-antonio-do-valongo\/\">ARTE E F\u00c9 \u2013 Estudantes de Arquitetura e Urbanismo participam da 30\u00aa Exposi\u00e7\u00e3o de Pres\u00e9pios do Santu\u00e1rio Santo Ant\u00f4nio do Valongo<\/a><\/p>\n<p><strong>11\/12<\/strong><br \/>\n<a href=\"https:\/\/www.unisantos.br\/portal\/noticias\/jornal-laboratorio-porto-de-santos-e-meio-ambiente-e-a-tematica-central-da-edicao-especial-do-entrevista\/\">JORNAL LABORAT\u00d3RIO \u2013 Porto de Santos e Meio Ambiente \u00e9 a tem\u00e1tica central da edi\u00e7\u00e3o especial do ENTREVISTA<\/a><\/p>\n<p><strong>07\/12<\/strong><br \/>\n<a href=\"https:\/\/www.unisantos.br\/portal\/noticias\/publicacao-artigo-de-docentes-de-jornalismo-e-publicado-em-revista-cientifica-da-area-da-comunicacao\/\">PUBLICA\u00c7\u00c3O \u2013 Artigo de docentes de Jornalismo \u00e9 publicado em revista cient\u00edfica da \u00e1rea da comunica\u00e7\u00e3o<\/a><\/p>\n<p><strong>01\/11<\/strong><br \/>\n<a href=\"https:\/\/www.unisantos.br\/portal\/noticias\/parceria-estudantes-do-curso-de-publicidade-e-propaganda-visitam-estudios-do-grupo-tribuna\/\">PARCERIA \u2013 Estudantes do curso de Publicidade e Propaganda visitam est\u00fadios do Grupo Tribuna<\/a><\/p>\n<p><strong>26\/10<\/strong><br \/>\n<a href=\"https:\/\/www.unisantos.br\/portal\/noticias\/projetos-laboratoriais-docentes-do-curso-de-jornalismo-tem-artigo-publicado-em-revistas-internacionais\/\">PROJETOS LABORATORIAIS \u2013 Docentes do curso de Jornalismo t\u00eam artigo publicado em revistas internacionais<\/a><\/p>\n","protected":false},"excerpt":{"rendered":"<p>2024 08\/11 70 ANOS \u2013 Comemora\u00e7\u00f5es pelo Jubileu de Platina do curso de Jornalismo da UNISANTOS t\u00eam in\u00edcio com homenagens, [&hellip;]<\/p>\n","protected":false},"author":1,"featured_media":0,"parent":22,"menu_order":0,"comment_status":"closed","ping_status":"closed","template":"","meta":{"_acf_changed":false,"footnotes":""},"acf":[],"_links":{"self":[{"href":"https:\/\/www.unisantos.br\/centrostecnologia\/wp-json\/wp\/v2\/pages\/225"}],"collection":[{"href":"https:\/\/www.unisantos.br\/centrostecnologia\/wp-json\/wp\/v2\/pages"}],"about":[{"href":"https:\/\/www.unisantos.br\/centrostecnologia\/wp-json\/wp\/v2\/types\/page"}],"author":[{"embeddable":true,"href":"https:\/\/www.unisantos.br\/centrostecnologia\/wp-json\/wp\/v2\/users\/1"}],"replies":[{"embeddable":true,"href":"https:\/\/www.unisantos.br\/centrostecnologia\/wp-json\/wp\/v2\/comments?post=225"}],"version-history":[{"count":16,"href":"https:\/\/www.unisantos.br\/centrostecnologia\/wp-json\/wp\/v2\/pages\/225\/revisions"}],"predecessor-version":[{"id":910,"href":"https:\/\/www.unisantos.br\/centrostecnologia\/wp-json\/wp\/v2\/pages\/225\/revisions\/910"}],"up":[{"embeddable":true,"href":"https:\/\/www.unisantos.br\/centrostecnologia\/wp-json\/wp\/v2\/pages\/22"}],"wp:attachment":[{"href":"https:\/\/www.unisantos.br\/centrostecnologia\/wp-json\/wp\/v2\/media?parent=225"}],"curies":[{"name":"wp","href":"https:\/\/api.w.org\/{rel}","templated":true}]}}