{"id":22,"date":"2024-02-28T11:53:21","date_gmt":"2024-02-28T14:53:21","guid":{"rendered":"https:\/\/www.unisantos.br\/centrostecnologia\/?page_id=22"},"modified":"2024-05-06T18:45:59","modified_gmt":"2024-05-06T21:45:59","slug":"artes-design-e-producao-audiovisual","status":"publish","type":"page","link":"https:\/\/www.unisantos.br\/centrostecnologia\/artes-design-e-producao-audiovisual\/","title":{"rendered":"Artes, Design e Audiovisual"},"content":{"rendered":"<p><img loading=\"lazy\" decoding=\"async\" class=\"alignright wp-image-329 size-large\" src=\"https:\/\/www.unisantos.br\/centrostecnologia\/wp-content\/uploads\/sites\/88\/2024\/03\/WhatsApp-Image-2024-03-12-at-09.11.52-1-1024x576.jpeg\" alt=\"\" width=\"640\" height=\"360\" srcset=\"https:\/\/www.unisantos.br\/centrostecnologia\/wp-content\/uploads\/sites\/88\/2024\/03\/WhatsApp-Image-2024-03-12-at-09.11.52-1-1024x576.jpeg 1024w, https:\/\/www.unisantos.br\/centrostecnologia\/wp-content\/uploads\/sites\/88\/2024\/03\/WhatsApp-Image-2024-03-12-at-09.11.52-1-300x169.jpeg 300w, https:\/\/www.unisantos.br\/centrostecnologia\/wp-content\/uploads\/sites\/88\/2024\/03\/WhatsApp-Image-2024-03-12-at-09.11.52-1-768x432.jpeg 768w, https:\/\/www.unisantos.br\/centrostecnologia\/wp-content\/uploads\/sites\/88\/2024\/03\/WhatsApp-Image-2024-03-12-at-09.11.52-1.jpeg 1600w\" sizes=\"(max-width: 640px) 100vw, 640px\" \/>A Universidade Cat\u00f3lica de Santos (UNISANTOS) iniciou sua hist\u00f3ria no dia 28 de agosto de 1951, quando, sob a lideran\u00e7a de Dom Id\u00edlio Jos\u00e9 Soares (terceiro bispo de Santos -1943\/1966), 14 cidad\u00e3os ilustres de Santos se tornaram os fundadores da Sociedade Visconde de S\u00e3o Leopoldo.\u00a0 Com isso, foi instalada a primeira faculdade, a de Direito, em 1953, a tradicional \u201cCasa Amarela\u201d. Com o projeto de expandir o conhecimento em diferentes \u00e1reas, em 1955 foi criada a Faculdade de Filosofia, Ci\u00eancias e Letras, com seus primeiros cursos de Jornalismo, Letras e Pedagogia. Em 1959, a institui\u00e7\u00e3o incorporou a Faculdade de Ci\u00eancias Econ\u00f4micas e Comerciais, originalmente criada por outra mantenedora. Na d\u00e9cada 70, foram criadas as faculdades de Arquitetura e Urbanismo, Comunica\u00e7\u00e3o e Servi\u00e7o Social; e nos anos 80, as de Farm\u00e1cia, Enfermagem e Engenharia.<\/p>\n<p>\u00danica universidade cat\u00f3lica e comunit\u00e1ria, como previsto em lei, a UNISANTOS tem como miss\u00e3o formar cidad\u00e3os com base nos princ\u00edpios da solidariedade, da justi\u00e7a e do respeito aos direitos humanos, fortalecidos pela \u00e9tica crist\u00e3 e com compet\u00eancia profissional para atuar em uma realidade sociocultural heterog\u00eanea e sujeita a frequentes muta\u00e7\u00f5es. Membro da Associa\u00e7\u00e3o Brasileira das Universidades Comunit\u00e1rias (Abruc) e da Associa\u00e7\u00e3o Nacional de Educa\u00e7\u00e3o Cat\u00f3lica do Brasil (Anec), a UNISANTOS entende que as atividades sociais n\u00e3o devem ficar restritas \u00e0 atua\u00e7\u00e3o do Estado, destinando, assim, parte de sua receita \u00e0s atividades de educa\u00e7\u00e3o e promo\u00e7\u00e3o social, com bolsas de estudo, atendimento gratuito em cl\u00ednicas-escola, escrit\u00f3rios-modelos e ag\u00eancias experimentais e Centros de Tecnologia e Inova\u00e7\u00e3o, entre outros.<\/p>\n<p>Na \u00e1rea da Comunica\u00e7\u00e3o, na qual est\u00e1 inserida a produ\u00e7\u00e3o audiovisual, a Universidade possui uma vasta caminhada, formando profissionais e conquistando premia\u00e7\u00f5es, e um s\u00f3lido reconhecimento da sociedade, por meio da sua contribui\u00e7\u00e3o ao aperfei\u00e7oamento, em n\u00edvel nacional, do jornalismo, da publicidade e da produ\u00e7\u00e3o audiovisual.\u00a0 Nessa trajet\u00f3ria de v\u00e1rias d\u00e9cadas, muitas foram as a\u00e7\u00f5es em seus cursos, no sentido de promover o desenvolvimento da comunica\u00e7\u00e3o, bem como a inova\u00e7\u00e3o nos processos formativos que envolvem o trip\u00e9 Ensino-Pesquisa-Extens\u00e3o. \u00c9 nesse contexto que se insere o Centro de Tecnologia e Inova\u00e7\u00e3o em Artes, Design e Audiovisual.<\/p>\n<p>Toda essa expertise da Universidade no campo da Comunica\u00e7\u00e3o nasceu, cresceu e desenvolveu-se em um ambiente altamente prop\u00edcio: a Baixada Santista, uma das principais regi\u00f5es do Estado de S\u00e3o Paulo, marcada pela pujan\u00e7a de seus recursos naturais, pelo maior porto da Am\u00e9rica Latina, pelo polo industrial de Cubat\u00e3o e pelo movimento criado pelos segmentos que formam a Economia Criativa. No campo do audiovisual,\u00a0 a Cidade de Santos, desde 2015, passou a integrar a rede como Cidade Criativa do Cinema da Unesco, firmando-se como centro importante de desenvolvimento para o setor, com oportunidades de forma\u00e7\u00e3o, emprego e novos neg\u00f3cios, consolidando sua aptid\u00e3o para cen\u00e1rio e produ\u00e7\u00e3o de obras cinematogr\u00e1ficas, sendo a \u00fanica da Am\u00e9rica Latina e Caribe credenciada nesse campo.<\/p>\n<p>Em 2017, a Prefeitura de Santos criou o Escrit\u00f3rio de Inova\u00e7\u00e3o Econ\u00f4mica para desenvolver a gera\u00e7\u00e3o de empregos e neg\u00f3cios relacionados \u00e0 economia criativa (Decreto n\u00b0. 7.639\/2017).<\/p>\n<p>Nesse cen\u00e1rio, Santos, cidade criativa do cinema, transformou-se em importante centro de desenvolvimento para o setor, com oportunidades de forma\u00e7\u00e3o, emprego e novos neg\u00f3cios, observando o crescente desenvolvimento do segmento audiovisual na RMBS e oferecendo oportunidades de neg\u00f3cios baseados em economia criativa, desenvolvimento sustent\u00e1vel, empreendedorismo e dinamiza\u00e7\u00e3o de segmentos como turismo e cultura.<\/p>\n<p>Considerando que o conte\u00fado em v\u00eddeo foi respons\u00e1vel por cerca de 70% de todo o tr\u00e1fego da internet em 2022, o que demanda cada vez mais o dom\u00ednio da linguagem audiovisual, a UNISANTOS implanta o Centro de Tecnologia e Inova\u00e7\u00e3o em Artes, Design e Audiovisual, espa\u00e7o para al\u00e9m do exerc\u00edcio da comunica\u00e7\u00e3o em particular, mas que integra o grande arco da Economia Criativa. Sob a \u00f3tica do desenvolvimento socioecon\u00f4mico, tem havido crescente est\u00edmulo \u00e0 Economia Criativa como perspectiva de gera\u00e7\u00e3o de emprego e renda, aliando o potencial criativo e inovador existente na sociedade local com aquele derivado da diversidade das express\u00f5es culturais. Na RMBS, a cada ano, ampliam-se as iniciativas e os empreendimentos que empregam a ind\u00fastria da criatividade no campo da produ\u00e7\u00e3o art\u00edstica, cultural e tecnol\u00f3gica.<\/p>\n<p>Com o Centro de Tecnologia e Inova\u00e7\u00e3o em Artes, Design e Audiovisual, a UNISANTOS investe na pesquisa, planejamento, cria\u00e7\u00e3o, produ\u00e7\u00e3o e mensura\u00e7\u00e3o de conte\u00fados gr\u00e1ficos e audiovisuais, propiciando forma\u00e7\u00e3o inovadora nas \u00e1reas da comunica\u00e7\u00e3o, cultura, artes e economia criativa.<\/p>\n<p>Abrangendo docentes e estudantes dos cursos de Arquitetura e Urbanismo, Cinema e Audiovisual, Jornalismo e Publicidade e Propaganda, o car\u00e1ter abrangente do centro permite coordenar a\u00e7\u00f5es acad\u00eamicas como pesquisa e desenvolvimento, com as expertises da pr\u00e1tica das artes gr\u00e1ficas e audiovisuais, na concep\u00e7\u00e3o de projetos comunit\u00e1rios, educacionais e mercadol\u00f3gicos, promovendo espa\u00e7o para parcerias com empresas p\u00fablicas e privadas de comunica\u00e7\u00e3o, m\u00eddia, entretenimento, promo\u00e7\u00e3o da cultura, da diversidade e de neg\u00f3cios que comp\u00f5e o amplo espectro da Economia Criativa.<\/p>\n<p><strong>O CENTRO \u00c9 PARA TODOS<\/strong><\/p>\n<p>Os \u00faltimos dados do IBGE apontam que a RMBS possui 25% da sua popula\u00e7\u00e3o formada por jovens entre 15 e 29 anos. Em 2023, a UNISANTOS possu\u00eda cerca de 6 mil alunos, em sua maioria na faixa et\u00e1ria entre 17 e 28 anos, de diversas classes sociais. Uma boa parcela desses estudantes estar\u00e1 envolvida com as pr\u00e1ticas do centro, na medida em que projetos sejam criados e desenvolvidos, gerando visibilidade \u00edmpar \u00e0s empresas parceiras da iniciativa, bem como aproximando esse p\u00fablico de suas marcas, produtos e servi\u00e7os.<\/p>\n<p>A possibilidade de parcerias com o centro permite \u00e0s empresas participantes gerarem cases de incentivo \u00e0 educa\u00e7\u00e3o nos n\u00edveis de ensino, pesquisa e extens\u00e3o, bem como promoverem incentivo a todo o ecossistema da produ\u00e7\u00e3o cultural, gr\u00e1fica e audiovisual da regi\u00e3o, aproximando-se de um p\u00fablico que corresponde a 61% dos que encontram no ambiente digital o principal canal de entretenimento.<\/p>\n","protected":false},"excerpt":{"rendered":"<p>A Universidade Cat\u00f3lica de Santos (UNISANTOS) iniciou sua hist\u00f3ria no dia 28 de agosto de 1951, quando, sob a lideran\u00e7a [&hellip;]<\/p>\n","protected":false},"author":1,"featured_media":336,"parent":0,"menu_order":0,"comment_status":"closed","ping_status":"closed","template":"","meta":{"_acf_changed":false,"footnotes":""},"acf":[],"_links":{"self":[{"href":"https:\/\/www.unisantos.br\/centrostecnologia\/wp-json\/wp\/v2\/pages\/22"}],"collection":[{"href":"https:\/\/www.unisantos.br\/centrostecnologia\/wp-json\/wp\/v2\/pages"}],"about":[{"href":"https:\/\/www.unisantos.br\/centrostecnologia\/wp-json\/wp\/v2\/types\/page"}],"author":[{"embeddable":true,"href":"https:\/\/www.unisantos.br\/centrostecnologia\/wp-json\/wp\/v2\/users\/1"}],"replies":[{"embeddable":true,"href":"https:\/\/www.unisantos.br\/centrostecnologia\/wp-json\/wp\/v2\/comments?post=22"}],"version-history":[{"count":13,"href":"https:\/\/www.unisantos.br\/centrostecnologia\/wp-json\/wp\/v2\/pages\/22\/revisions"}],"predecessor-version":[{"id":594,"href":"https:\/\/www.unisantos.br\/centrostecnologia\/wp-json\/wp\/v2\/pages\/22\/revisions\/594"}],"wp:featuredmedia":[{"embeddable":true,"href":"https:\/\/www.unisantos.br\/centrostecnologia\/wp-json\/wp\/v2\/media\/336"}],"wp:attachment":[{"href":"https:\/\/www.unisantos.br\/centrostecnologia\/wp-json\/wp\/v2\/media?parent=22"}],"curies":[{"name":"wp","href":"https:\/\/api.w.org\/{rel}","templated":true}]}}