{"id":198,"date":"2024-03-09T15:06:36","date_gmt":"2024-03-09T18:06:36","guid":{"rendered":"https:\/\/www.unisantos.br\/centrostecnologia\/?page_id=198"},"modified":"2025-01-27T18:57:22","modified_gmt":"2025-01-27T21:57:22","slug":"eventos","status":"publish","type":"page","link":"https:\/\/www.unisantos.br\/centrostecnologia\/artes-design-e-producao-audiovisual\/eventos\/","title":{"rendered":"A\u00e7\u00f5es"},"content":{"rendered":"\n<p><strong>2024<\/strong><\/p>\n\n\n\n<p><strong>REALIZADAS<\/strong><\/p>\n\n\n\n<p><strong>14 a 17\/10 e 21 a 25\/10<\/strong><\/p>\n\n\n\n<iframe loading=\"lazy\" width=\"560\" height=\"315\" src=\"https:\/\/www.youtube.com\/embed\/4KzEsWfc4UE?si=_NCekhkNE6B6HrEk\" title=\"YouTube video player\" frameborder=\"0\" allow=\"accelerometer; autoplay; clipboard-write; encrypted-media; gyroscope; picture-in-picture; web-share\" referrerpolicy=\"strict-origin-when-cross-origin\" allowfullscreen><\/iframe>\n\n\n\n<p><strong>Animated Learning Santos<br><\/strong>Parceria com a Secretaria de Educa\u00e7\u00e3o de Santos (Seduc) e a Prefeitura de Viborg, na Dinamarca, considerada Cidade Criativa da Unesco em Artes Midi\u00e1ticas desde 2019. Santos \u00e9 considerada Cidade Criativa no Audiovisual desde 2015. Curso pr\u00e1tico de duas semanas sobre processos de aprendizagem criativa baseados em anima\u00e7\u00e3o com um total de 24 professores de Santos, 6 estudantes de pedagogia dinamarqueses e 6 estudantes de pedagogia brasileiros, sendo 4 da UniSantos, al\u00e9m de 72 alunos de escolas de Santos. Durante o projeto, foram trabalhados os t\u00f3picos da crise clim\u00e1tica e de biodiversidade sob a perspectiva das crian\u00e7as e dos professores.<\/p>\n\n\n\n<p><strong>25 a 27\/06<\/strong><\/p>\n\n\n\n<p><strong>Oficina Virtual: B\u00edblia de S\u00e9rie<br><\/strong>Iniciativa com <a href=\"https:\/\/www.nucleocriativoip.com.br\/oficinas\" target=\"_blank\" rel=\"noopener\"><strong>inscri\u00e7\u00e3o gratuita<\/strong><\/a> do N\u00facleo Criativo do Interior Paulista, com apoio da UniSantos, realizada pela premiada roteirista Ludmila Naves.<\/p>\n\n\n\n<p><strong>22\/04 a 20\/06<\/strong><\/p>\n\n\n\n<p><strong><a href=\"https:\/\/www.unisantos.br\/centrostecnologia\/artes-design-e-producao-audiovisual\/programas\/vilas-criativas\/\" target=\"_blank\" rel=\"noopener\">Vilas Criativas<\/a><br>Curso de Produ\u00e7\u00e3o Audiovisual<br><\/strong>Produ\u00e7\u00e3o de pe\u00e7as audiovisuais voltada \u00e0 qualifica\u00e7\u00e3o de jovens em diversas fun\u00e7\u00f5es da cadeia produtiva que estrutura a cria\u00e7\u00e3o no setor.<\/p>\n\n\n\n<p><strong>20\/06<\/strong><\/p>\n\n\n\n<p><strong><a href=\"https:\/\/www.unisantos.br\/centrostecnologia\/artes-design-e-producao-audiovisual\/programas\/programa-de-apoio-ao-festival-santos-film-fest\/\">Santos Film Fest na UniSantos<\/a><br>Cr\u00edtica de Cinema em Tempos de Plataformas Digitais e Streaming<br><\/strong>Bate-papo&nbsp;com Aline Pereira, editora-chefe do Adoro Cinema, maior portal de cinema da Am\u00e9rica Latina<\/p>\n\n\n\n<p><strong><a href=\"https:\/\/www.unisantos.br\/centrostecnologia\/artes-design-e-producao-audiovisual\/programas\/programa-oficinas-quero\/\">Programa Oficinas Quer\u00f4<\/a><br>Exibi\u00e7\u00e3o do Longa <em>Quer\u00f4<\/em><br><\/strong>Logo ap\u00f3s, roda de conversa com D\u00e9bora Ivanov e Tammy Weiss<\/p>\n\n\n\n<p><strong>19\/06<\/strong><\/p>\n\n\n\n<p><strong><img loading=\"lazy\" decoding=\"async\" class=\"alignnone wp-image-694\" src=\"https:\/\/www.unisantos.br\/centrostecnologia\/wp-content\/uploads\/sites\/88\/2024\/06\/dandara-300x169.jpeg\" alt=\"\" width=\"200\" height=\"113\" srcset=\"https:\/\/www.unisantos.br\/centrostecnologia\/wp-content\/uploads\/sites\/88\/2024\/06\/dandara-300x169.jpeg 300w, https:\/\/www.unisantos.br\/centrostecnologia\/wp-content\/uploads\/sites\/88\/2024\/06\/dandara-768x432.jpeg 768w, https:\/\/www.unisantos.br\/centrostecnologia\/wp-content\/uploads\/sites\/88\/2024\/06\/dandara-1024x576.jpeg 1024w, https:\/\/www.unisantos.br\/centrostecnologia\/wp-content\/uploads\/sites\/88\/2024\/06\/dandara.jpeg 1600w\" sizes=\"(max-width: 200px) 100vw, 200px\" \/>&nbsp;<img loading=\"lazy\" decoding=\"async\" class=\"alignnone wp-image-698\" src=\"https:\/\/www.unisantos.br\/centrostecnologia\/wp-content\/uploads\/sites\/88\/2024\/06\/dandara3-300x300.jpg\" alt=\"\" width=\"113\" height=\"113\" srcset=\"https:\/\/www.unisantos.br\/centrostecnologia\/wp-content\/uploads\/sites\/88\/2024\/06\/dandara3-300x300.jpg 300w, https:\/\/www.unisantos.br\/centrostecnologia\/wp-content\/uploads\/sites\/88\/2024\/06\/dandara3-150x150.jpg 150w, https:\/\/www.unisantos.br\/centrostecnologia\/wp-content\/uploads\/sites\/88\/2024\/06\/dandara3-768x770.jpg 768w, https:\/\/www.unisantos.br\/centrostecnologia\/wp-content\/uploads\/sites\/88\/2024\/06\/dandara3.jpg 887w\" sizes=\"(max-width: 113px) 100vw, 113px\" \/><br><a href=\"https:\/\/www.unisantos.br\/centrostecnologia\/artes-design-e-producao-audiovisual\/programas\/programa-de-apoio-ao-festival-santos-film-fest\/\">Santos Film Fest na UniSantos<\/a><br><\/strong><strong><em>Meu Nome \u00c9 Gal<\/em><br><\/strong>Exibi\u00e7\u00e3o do filme e bate-papo com a diretora Dandara Ferreira<\/p>\n\n\n\n<p><strong>06\/06<\/strong><\/p>\n\n\n\n<figure class=\"wp-block-image\"><img loading=\"lazy\" decoding=\"async\" width=\"300\" height=\"185\" src=\"https:\/\/www.unisantos.br\/centrostecnologia\/wp-content\/uploads\/sites\/88\/2024\/06\/filmfest4-300x185.jpg\" alt=\"\" class=\"wp-image-661\" srcset=\"https:\/\/www.unisantos.br\/centrostecnologia\/wp-content\/uploads\/sites\/88\/2024\/06\/filmfest4-300x185.jpg 300w, https:\/\/www.unisantos.br\/centrostecnologia\/wp-content\/uploads\/sites\/88\/2024\/06\/filmfest4-768x473.jpg 768w, https:\/\/www.unisantos.br\/centrostecnologia\/wp-content\/uploads\/sites\/88\/2024\/06\/filmfest4-1024x631.jpg 1024w, https:\/\/www.unisantos.br\/centrostecnologia\/wp-content\/uploads\/sites\/88\/2024\/06\/filmfest4.jpg 1492w\" sizes=\"(max-width: 300px) 100vw, 300px\" \/><\/figure>\n\n\n\n<figure class=\"wp-block-image\"><img loading=\"lazy\" decoding=\"async\" width=\"300\" height=\"162\" src=\"https:\/\/www.unisantos.br\/centrostecnologia\/wp-content\/uploads\/sites\/88\/2024\/06\/filmfest3-300x162.jpg\" alt=\"\" class=\"wp-image-662\" srcset=\"https:\/\/www.unisantos.br\/centrostecnologia\/wp-content\/uploads\/sites\/88\/2024\/06\/filmfest3-300x162.jpg 300w, https:\/\/www.unisantos.br\/centrostecnologia\/wp-content\/uploads\/sites\/88\/2024\/06\/filmfest3-768x415.jpg 768w, https:\/\/www.unisantos.br\/centrostecnologia\/wp-content\/uploads\/sites\/88\/2024\/06\/filmfest3-1024x553.jpg 1024w, https:\/\/www.unisantos.br\/centrostecnologia\/wp-content\/uploads\/sites\/88\/2024\/06\/filmfest3.jpg 1702w\" sizes=\"(max-width: 300px) 100vw, 300px\" \/><\/figure>\n\n\n\n<figure class=\"wp-block-image\"><img loading=\"lazy\" decoding=\"async\" width=\"300\" height=\"174\" src=\"https:\/\/www.unisantos.br\/centrostecnologia\/wp-content\/uploads\/sites\/88\/2024\/06\/filmfest1-300x174.jpg\" alt=\"\" class=\"wp-image-663\" srcset=\"https:\/\/www.unisantos.br\/centrostecnologia\/wp-content\/uploads\/sites\/88\/2024\/06\/filmfest1-300x174.jpg 300w, https:\/\/www.unisantos.br\/centrostecnologia\/wp-content\/uploads\/sites\/88\/2024\/06\/filmfest1-768x445.jpg 768w, https:\/\/www.unisantos.br\/centrostecnologia\/wp-content\/uploads\/sites\/88\/2024\/06\/filmfest1-1024x593.jpg 1024w, https:\/\/www.unisantos.br\/centrostecnologia\/wp-content\/uploads\/sites\/88\/2024\/06\/filmfest1.jpg 1587w\" sizes=\"(max-width: 300px) 100vw, 300px\" \/><\/figure>\n\n\n\n<figure class=\"wp-block-image\"><img loading=\"lazy\" decoding=\"async\" width=\"300\" height=\"124\" src=\"https:\/\/www.unisantos.br\/centrostecnologia\/wp-content\/uploads\/sites\/88\/2024\/06\/filmfest2-300x124.jpg\" alt=\"\" class=\"wp-image-664\" srcset=\"https:\/\/www.unisantos.br\/centrostecnologia\/wp-content\/uploads\/sites\/88\/2024\/06\/filmfest2-300x124.jpg 300w, https:\/\/www.unisantos.br\/centrostecnologia\/wp-content\/uploads\/sites\/88\/2024\/06\/filmfest2-768x317.jpg 768w, https:\/\/www.unisantos.br\/centrostecnologia\/wp-content\/uploads\/sites\/88\/2024\/06\/filmfest2-1024x423.jpg 1024w, https:\/\/www.unisantos.br\/centrostecnologia\/wp-content\/uploads\/sites\/88\/2024\/06\/filmfest2.jpg 1920w\" sizes=\"(max-width: 300px) 100vw, 300px\" \/><\/figure>\n\n\n\n<p><strong><a href=\"https:\/\/www.unisantos.br\/centrostecnologia\/artes-design-e-producao-audiovisual\/programas\/programa-de-apoio-ao-festival-santos-film-fest\/\">Santos Film Fest na UniSantos<\/a><br>Lan\u00e7amento da programa\u00e7\u00e3o<\/strong><br>Lan\u00e7amentos das exposi\u00e7\u00f5es 10&#215;10 e 10 Anos de Amor e Dedica\u00e7\u00e3o ao Cinema<br>Tributo a Elton John<br>Caf\u00e9 de boas-vindas<\/p>\n\n\n\n<p><strong>07\/05<\/strong><\/p>\n\n\n\n<p><strong><a href=\"https:\/\/www.unisantos.br\/centrostecnologia\/artes-design-e-producao-audiovisual\/programas\/programa-oficinas-quero\/\">Programa Oficinas Quer\u00f4<\/a><br>Assinatura do termo de conv\u00eanio<\/strong><br>A Universidade Cat\u00f3lica de Santos e o Instituto Quer\u00f4 firmam parceria na \u00e1rea do audiovisual.<br>Centro de Tecnologia e Inova\u00e7\u00e3o em Artes, Design e Audiovisual<\/p>\n\n\n\n<p><strong>12\/03<\/strong><\/p>\n\n\n\n<p><strong><a href=\"https:\/\/www.unisantos.br\/centrostecnologia\/artes-design-e-producao-audiovisual\/\">Centro de Tecnologia e Inova\u00e7\u00e3o em Artes, Design e Audiovisual<\/a><br>Cerim\u00f4nia de inaugura\u00e7\u00e3o<\/strong><br>Campus Dom Id\u00edlio Jos\u00e9 Soares<\/p>\n\n\n\n<p><strong>11\/03<\/strong><\/p>\n\n\n\n<p><strong><a href=\"https:\/\/www.unisantos.br\/centrostecnologia\/artes-design-e-producao-audiovisual\/programas\/programa-oficinas-quero\/\">Programa Oficinas Quer\u00f4<\/a><br>In\u00edcio da turma de 2\u00ba. ano<\/strong><br>Campus Dom Id\u00edlio Jos\u00e9 Soares<\/p>\n","protected":false},"excerpt":{"rendered":"<p>2024 REALIZADAS 14 a 17\/10 e 21 a 25\/10 Animated Learning SantosParceria com a Secretaria de Educa\u00e7\u00e3o de Santos (Seduc) [&hellip;]<\/p>\n","protected":false},"author":1,"featured_media":0,"parent":22,"menu_order":0,"comment_status":"closed","ping_status":"closed","template":"","meta":{"_acf_changed":false,"footnotes":""},"acf":[],"_links":{"self":[{"href":"https:\/\/www.unisantos.br\/centrostecnologia\/wp-json\/wp\/v2\/pages\/198"}],"collection":[{"href":"https:\/\/www.unisantos.br\/centrostecnologia\/wp-json\/wp\/v2\/pages"}],"about":[{"href":"https:\/\/www.unisantos.br\/centrostecnologia\/wp-json\/wp\/v2\/types\/page"}],"author":[{"embeddable":true,"href":"https:\/\/www.unisantos.br\/centrostecnologia\/wp-json\/wp\/v2\/users\/1"}],"replies":[{"embeddable":true,"href":"https:\/\/www.unisantos.br\/centrostecnologia\/wp-json\/wp\/v2\/comments?post=198"}],"version-history":[{"count":31,"href":"https:\/\/www.unisantos.br\/centrostecnologia\/wp-json\/wp\/v2\/pages\/198\/revisions"}],"predecessor-version":[{"id":900,"href":"https:\/\/www.unisantos.br\/centrostecnologia\/wp-json\/wp\/v2\/pages\/198\/revisions\/900"}],"up":[{"embeddable":true,"href":"https:\/\/www.unisantos.br\/centrostecnologia\/wp-json\/wp\/v2\/pages\/22"}],"wp:attachment":[{"href":"https:\/\/www.unisantos.br\/centrostecnologia\/wp-json\/wp\/v2\/media?parent=198"}],"curies":[{"name":"wp","href":"https:\/\/api.w.org\/{rel}","templated":true}]}}