{"id":191,"date":"2024-03-08T18:25:02","date_gmt":"2024-03-08T21:25:02","guid":{"rendered":"https:\/\/www.unisantos.br\/centrostecnologia\/?page_id=191"},"modified":"2024-03-22T00:20:06","modified_gmt":"2024-03-22T03:20:06","slug":"programa-formacao-permanente","status":"publish","type":"page","link":"https:\/\/www.unisantos.br\/centrostecnologia\/artes-design-e-producao-audiovisual\/programas\/programa-formacao-permanente\/","title":{"rendered":"Forma\u00e7\u00e3o Permanente"},"content":{"rendered":"<p><strong>MNICURSOS (PRESENCIAIS)<\/strong><\/p>\n<p><strong><u>Inicia\u00e7\u00e3o \u00e0 edi\u00e7\u00e3o no Adobe Premiere (Carga hor\u00e1ria: 20h)<br \/>\n<\/u><\/strong>Proporciona ao aluno desenvolver habilidades para edi\u00e7\u00e3o de pe\u00e7as audiovisuais, a partir de plano abrangente que contempla imagens, som e arte, segundo roteiro predefinido, utilizando recursos tecnol\u00f3gicos e softwares avan\u00e7ados.<\/p>\n<p><strong><u>Produ\u00e7\u00e3o de V\u00eddeos para m\u00eddias sociais (Carga hor\u00e1ria: 20h)<br \/>\n<\/u><\/strong>Apresenta t\u00e9cnicas de produ\u00e7\u00e3o, grava\u00e7\u00e3o e edi\u00e7\u00e3o de pe\u00e7as audiovisuais para utiliza\u00e7\u00e3o nas m\u00eddias sociais, em suas diferentes plataformas.<\/p>\n<p><strong><u>Fotografia e Tratamento de Imagem (Carga hor\u00e1ria: 20h)<br \/>\n<\/u><\/strong>Apresenta a linguagem b\u00e1sica da fotografia e sua utiliza\u00e7\u00e3o em diversos contextos (publicit\u00e1ria, natureza, gastronomia, pessoas), por meio de atividades pr\u00e1ticas nos est\u00fadios, bem como a edi\u00e7\u00e3o e o tratamento das imagens, utilizando recursos tecnol\u00f3gicos e softwares avan\u00e7ados.<\/p>\n<p><strong><u>Produ\u00e7\u00e3o de podcast e videocast (Carga hor\u00e1ria: 20h)<br \/>\n<\/u><\/strong>Minicurso pr\u00e1tico envolvendo a apresenta\u00e7\u00e3o conceitual e t\u00e9cnica das m\u00eddias podcast e videocast, abrangendo a cria\u00e7\u00e3o, roteiriza\u00e7\u00e3o, produ\u00e7\u00e3o e edi\u00e7\u00e3o de epis\u00f3dios concebidos nas aulas.<\/p>\n<p><strong><u>Anima\u00e7\u00e3o (Carga hor\u00e1ria: 20 horas)<br \/>\n<\/u><\/strong>Apresenta t\u00e9cnicas para constru\u00e7\u00e3o de Gr\u00e1ficos computacionais em 2-D e 3-D, renderiza\u00e7\u00e3o, modelagem e anima\u00e7\u00e3o. Analisa os movimentos ao longo do tempo \u2013 keying, cenas: c\u00e2meras, luzes (ambiente e spot), textura, sombras e luzes.<\/p>\n<p><strong>MINICURSOS (EAD)<\/strong><\/p>\n<p><strong><u>Produ\u00e7\u00e3o de podcast (Carga hor\u00e1ria: 20h)<br \/>\n<\/u><\/strong>Minicurso pr\u00e1tico envolvendo a apresenta\u00e7\u00e3o conceitual e t\u00e9cnica das m\u00eddias podcast e videocast, abrangendo a cria\u00e7\u00e3o, roteiriza\u00e7\u00e3o, produ\u00e7\u00e3o e edi\u00e7\u00e3o de epis\u00f3dios concebidos nas aulas.<\/p>\n<p><strong><u>Inicia\u00e7\u00e3o \u00e0 Fotografia (Carga hor\u00e1ria: 20h)<br \/>\n<\/u><\/strong>Apresenta a linguagem b\u00e1sica da fotografia e sua utiliza\u00e7\u00e3o em diversos contextos (publicit\u00e1ria, natureza, gastronomia, pessoas), por meio de atividades pr\u00e1ticas nos est\u00fadios.<\/p>\n<p><strong>\u00a0<\/strong><strong>OFICINAS<\/strong><\/p>\n<p><strong><u>Produ\u00e7\u00e3o de podcast (Carga hor\u00e1ria: 6 horas)<br \/>\n<\/u><\/strong>Apresenta o processo de cria\u00e7\u00e3o e grava\u00e7\u00e3o da m\u00eddia podcast.<\/p>\n<p><strong><u>Fotografia (Carga hor\u00e1ria: 6 horas)<br \/>\n<\/u><\/strong>Abordagem inicial da linguagem fotogr\u00e1fica, a partir de exerc\u00edcios pr\u00e1ticos.<\/p>\n<p>&nbsp;<\/p>\n","protected":false},"excerpt":{"rendered":"<p>MNICURSOS (PRESENCIAIS) Inicia\u00e7\u00e3o \u00e0 edi\u00e7\u00e3o no Adobe Premiere (Carga hor\u00e1ria: 20h) Proporciona ao aluno desenvolver habilidades para edi\u00e7\u00e3o de pe\u00e7as [&hellip;]<\/p>\n","protected":false},"author":1,"featured_media":0,"parent":81,"menu_order":0,"comment_status":"closed","ping_status":"closed","template":"","meta":{"_acf_changed":false,"footnotes":""},"acf":[],"_links":{"self":[{"href":"https:\/\/www.unisantos.br\/centrostecnologia\/wp-json\/wp\/v2\/pages\/191"}],"collection":[{"href":"https:\/\/www.unisantos.br\/centrostecnologia\/wp-json\/wp\/v2\/pages"}],"about":[{"href":"https:\/\/www.unisantos.br\/centrostecnologia\/wp-json\/wp\/v2\/types\/page"}],"author":[{"embeddable":true,"href":"https:\/\/www.unisantos.br\/centrostecnologia\/wp-json\/wp\/v2\/users\/1"}],"replies":[{"embeddable":true,"href":"https:\/\/www.unisantos.br\/centrostecnologia\/wp-json\/wp\/v2\/comments?post=191"}],"version-history":[{"count":5,"href":"https:\/\/www.unisantos.br\/centrostecnologia\/wp-json\/wp\/v2\/pages\/191\/revisions"}],"predecessor-version":[{"id":415,"href":"https:\/\/www.unisantos.br\/centrostecnologia\/wp-json\/wp\/v2\/pages\/191\/revisions\/415"}],"up":[{"embeddable":true,"href":"https:\/\/www.unisantos.br\/centrostecnologia\/wp-json\/wp\/v2\/pages\/81"}],"wp:attachment":[{"href":"https:\/\/www.unisantos.br\/centrostecnologia\/wp-json\/wp\/v2\/media?parent=191"}],"curies":[{"name":"wp","href":"https:\/\/api.w.org\/{rel}","templated":true}]}}