{"id":185,"date":"2024-03-08T18:13:42","date_gmt":"2024-03-08T21:13:42","guid":{"rendered":"https:\/\/www.unisantos.br\/centrostecnologia\/?page_id=185"},"modified":"2024-03-22T00:21:01","modified_gmt":"2024-03-22T03:21:01","slug":"programa-estudio-oficina-para-producao-audiovisual","status":"publish","type":"page","link":"https:\/\/www.unisantos.br\/centrostecnologia\/artes-design-e-producao-audiovisual\/programas\/programa-estudio-oficina-para-producao-audiovisual\/","title":{"rendered":"Est\u00fadio Oficina para Produ\u00e7\u00e3o Audiovisual"},"content":{"rendered":"<p>A Associa\u00e7\u00e3o de Promo\u00e7\u00e3o e Assist\u00eancia Social Estrela Do Mar (Apasem) foi constitu\u00edda em 2 de maio de 2002, pela C\u00faria Diocesana de Santos, com o objetivo de apoiar as iniciativas sociais das Par\u00f3quias da Diocese de Santos, na capitaliza\u00e7\u00e3o de recursos para projetos da igreja.<\/p>\n<p>Com uma diretoria atuante, envolvida com as causas sociais de nossa regi\u00e3o, a Estrela do Mar conta no seu quadro diretivo com pessoas volunt\u00e1rias totalmente comprometidas com as a\u00e7\u00f5es sociais da igreja, apoiando diversas atividades sociais, culturais e educacionais em v\u00e1rios munic\u00edpios da Baixada Santista.<\/p>\n<p>O Centro de Tecnologia e Inova\u00e7\u00e3o em Artes, Design e Audiovisual desenvolve a\u00e7\u00f5es de inclus\u00e3o cultural e est\u00edmulo \u00e0 cidadania por meio do Audiovisual, al\u00e9m de oficinas e minicursos voltados \u00e0 produ\u00e7\u00e3o cultural no campo do audiovisual, voltados a jovens com idade entre 16 e 24 anos, em situa\u00e7\u00e3o de desemprego involunt\u00e1rio, que n\u00e3o tenham tido v\u00ednculo empregat\u00edcio anterior, que sejam membros de fam\u00edlias com renda mensal per capita de at\u00e9 meio sal\u00e1rio m\u00ednimo, que estejam matriculados e frequentando regularmente estabelecimento de ensino fundamental ou m\u00e9dio, ou cursos de educa\u00e7\u00e3o de jovens e adultos.<\/p>\n","protected":false},"excerpt":{"rendered":"<p>A Associa\u00e7\u00e3o de Promo\u00e7\u00e3o e Assist\u00eancia Social Estrela Do Mar (Apasem) foi constitu\u00edda em 2 de maio de 2002, pela [&hellip;]<\/p>\n","protected":false},"author":1,"featured_media":0,"parent":81,"menu_order":0,"comment_status":"closed","ping_status":"closed","template":"","meta":{"_acf_changed":false,"footnotes":""},"acf":[],"_links":{"self":[{"href":"https:\/\/www.unisantos.br\/centrostecnologia\/wp-json\/wp\/v2\/pages\/185"}],"collection":[{"href":"https:\/\/www.unisantos.br\/centrostecnologia\/wp-json\/wp\/v2\/pages"}],"about":[{"href":"https:\/\/www.unisantos.br\/centrostecnologia\/wp-json\/wp\/v2\/types\/page"}],"author":[{"embeddable":true,"href":"https:\/\/www.unisantos.br\/centrostecnologia\/wp-json\/wp\/v2\/users\/1"}],"replies":[{"embeddable":true,"href":"https:\/\/www.unisantos.br\/centrostecnologia\/wp-json\/wp\/v2\/comments?post=185"}],"version-history":[{"count":2,"href":"https:\/\/www.unisantos.br\/centrostecnologia\/wp-json\/wp\/v2\/pages\/185\/revisions"}],"predecessor-version":[{"id":417,"href":"https:\/\/www.unisantos.br\/centrostecnologia\/wp-json\/wp\/v2\/pages\/185\/revisions\/417"}],"up":[{"embeddable":true,"href":"https:\/\/www.unisantos.br\/centrostecnologia\/wp-json\/wp\/v2\/pages\/81"}],"wp:attachment":[{"href":"https:\/\/www.unisantos.br\/centrostecnologia\/wp-json\/wp\/v2\/media?parent=185"}],"curies":[{"name":"wp","href":"https:\/\/api.w.org\/{rel}","templated":true}]}}