{"id":181,"date":"2024-03-08T17:56:29","date_gmt":"2024-03-08T20:56:29","guid":{"rendered":"https:\/\/www.unisantos.br\/centrostecnologia\/?page_id=181"},"modified":"2024-03-22T00:08:44","modified_gmt":"2024-03-22T03:08:44","slug":"programa-seminario-de-ods-da-baixada-santista-wordcom","status":"publish","type":"page","link":"https:\/\/www.unisantos.br\/centrostecnologia\/artes-design-e-producao-audiovisual\/programas\/programa-seminario-de-ods-da-baixada-santista-wordcom\/","title":{"rendered":"Semin\u00e1rio de ODS da Baixada Santista &#8211; WordCom"},"content":{"rendered":"<p>A WordCom Publicidade \u00e9 uma ag\u00eancia 360\u00ba, com experi\u00eancia em todos os tipos de estrat\u00e9gias e a\u00e7\u00f5es de Marketing e Publicidade, realizando servi\u00e7os nos variados tipos de m\u00eddia.<\/p>\n<p>\u00c9 parceira da Universidade na organiza\u00e7\u00e3o do Semin\u00e1rio de ODS da Baixada Santista, que discute iniciativas e enfrentamentos na aplica\u00e7\u00e3o dos Objetivos de Desenvolvimento Sustent\u00e1vel (ODS) na Regi\u00e3o Metropolitana da Baixada Santista.<\/p>\n","protected":false},"excerpt":{"rendered":"<p>A WordCom Publicidade \u00e9 uma ag\u00eancia 360\u00ba, com experi\u00eancia em todos os tipos de estrat\u00e9gias e a\u00e7\u00f5es de Marketing e [&hellip;]<\/p>\n","protected":false},"author":1,"featured_media":0,"parent":81,"menu_order":0,"comment_status":"closed","ping_status":"closed","template":"","meta":{"_acf_changed":false,"footnotes":""},"acf":[],"_links":{"self":[{"href":"https:\/\/www.unisantos.br\/centrostecnologia\/wp-json\/wp\/v2\/pages\/181"}],"collection":[{"href":"https:\/\/www.unisantos.br\/centrostecnologia\/wp-json\/wp\/v2\/pages"}],"about":[{"href":"https:\/\/www.unisantos.br\/centrostecnologia\/wp-json\/wp\/v2\/types\/page"}],"author":[{"embeddable":true,"href":"https:\/\/www.unisantos.br\/centrostecnologia\/wp-json\/wp\/v2\/users\/1"}],"replies":[{"embeddable":true,"href":"https:\/\/www.unisantos.br\/centrostecnologia\/wp-json\/wp\/v2\/comments?post=181"}],"version-history":[{"count":2,"href":"https:\/\/www.unisantos.br\/centrostecnologia\/wp-json\/wp\/v2\/pages\/181\/revisions"}],"predecessor-version":[{"id":405,"href":"https:\/\/www.unisantos.br\/centrostecnologia\/wp-json\/wp\/v2\/pages\/181\/revisions\/405"}],"up":[{"embeddable":true,"href":"https:\/\/www.unisantos.br\/centrostecnologia\/wp-json\/wp\/v2\/pages\/81"}],"wp:attachment":[{"href":"https:\/\/www.unisantos.br\/centrostecnologia\/wp-json\/wp\/v2\/media?parent=181"}],"curies":[{"name":"wp","href":"https:\/\/api.w.org\/{rel}","templated":true}]}}