{"id":177,"date":"2024-03-08T17:51:40","date_gmt":"2024-03-08T20:51:40","guid":{"rendered":"https:\/\/www.unisantos.br\/centrostecnologia\/?page_id=177"},"modified":"2024-03-22T00:08:23","modified_gmt":"2024-03-22T03:08:23","slug":"programa-seminario-de-ods-da-baixada-santista","status":"publish","type":"page","link":"https:\/\/www.unisantos.br\/centrostecnologia\/artes-design-e-producao-audiovisual\/programas\/programa-seminario-de-ods-da-baixada-santista\/","title":{"rendered":"Semin\u00e1rio de ODS da Baixada Santista"},"content":{"rendered":"<p>A TV Thathi Litoral \u00e9 uma emissora de televis\u00e3o brasileira concessionada em Santos, parceira da Universidade e do Centro de Tecnologia e Inova\u00e7\u00e3o em Artes, Design e Audiovisual no desenvolvimento do Semin\u00e1rio de ODS da Baixada Santista.<\/p>\n<p>O semin\u00e1rio \u00e9 uma iniciativa da Universidade Cat\u00f3lica de Santos com a coorganiza\u00e7\u00e3o da TV Thathi Band. Re\u00fane especialistas do Poder P\u00fablico e do setor privado para a discuss\u00e3o de iniciativas e enfrentamentos na aplica\u00e7\u00e3o dos Objetivos de Desenvolvimento Sustent\u00e1vel (ODS) na Regi\u00e3o Metropolitana da Baixada Santista.<\/p>\n<p>O evento tem a inten\u00e7\u00e3o de gerar perspectivas para que a sociedade avance nas quest\u00f5es de sustentabilidade.<\/p>\n","protected":false},"excerpt":{"rendered":"<p>A TV Thathi Litoral \u00e9 uma emissora de televis\u00e3o brasileira concessionada em Santos, parceira da Universidade e do Centro de [&hellip;]<\/p>\n","protected":false},"author":1,"featured_media":0,"parent":81,"menu_order":0,"comment_status":"closed","ping_status":"closed","template":"","meta":{"_acf_changed":false,"footnotes":""},"acf":[],"_links":{"self":[{"href":"https:\/\/www.unisantos.br\/centrostecnologia\/wp-json\/wp\/v2\/pages\/177"}],"collection":[{"href":"https:\/\/www.unisantos.br\/centrostecnologia\/wp-json\/wp\/v2\/pages"}],"about":[{"href":"https:\/\/www.unisantos.br\/centrostecnologia\/wp-json\/wp\/v2\/types\/page"}],"author":[{"embeddable":true,"href":"https:\/\/www.unisantos.br\/centrostecnologia\/wp-json\/wp\/v2\/users\/1"}],"replies":[{"embeddable":true,"href":"https:\/\/www.unisantos.br\/centrostecnologia\/wp-json\/wp\/v2\/comments?post=177"}],"version-history":[{"count":2,"href":"https:\/\/www.unisantos.br\/centrostecnologia\/wp-json\/wp\/v2\/pages\/177\/revisions"}],"predecessor-version":[{"id":404,"href":"https:\/\/www.unisantos.br\/centrostecnologia\/wp-json\/wp\/v2\/pages\/177\/revisions\/404"}],"up":[{"embeddable":true,"href":"https:\/\/www.unisantos.br\/centrostecnologia\/wp-json\/wp\/v2\/pages\/81"}],"wp:attachment":[{"href":"https:\/\/www.unisantos.br\/centrostecnologia\/wp-json\/wp\/v2\/media?parent=177"}],"curies":[{"name":"wp","href":"https:\/\/api.w.org\/{rel}","templated":true}]}}