{"id":173,"date":"2024-03-08T17:46:55","date_gmt":"2024-03-08T20:46:55","guid":{"rendered":"https:\/\/www.unisantos.br\/centrostecnologia\/?page_id=173"},"modified":"2024-03-22T00:07:19","modified_gmt":"2024-03-22T03:07:19","slug":"programa-quero-na-escola","status":"publish","type":"page","link":"https:\/\/www.unisantos.br\/centrostecnologia\/artes-design-e-producao-audiovisual\/programas\/programa-quero-na-escola\/","title":{"rendered":"Quer\u00f4 na Escola"},"content":{"rendered":"<p>O Centro de Tecnologia e Inova\u00e7\u00e3o em Artes, Design e Audiovisual \u00e9 parceiro do Instituto Quer\u00f4, por meio do Programa Quer\u00f4 na Escola. O Quer\u00f4 \u00e9 uma institui\u00e7\u00e3o sem fins lucrativos que busca promover o acesso \u00e0 arte e a cultura e estimular a transforma\u00e7\u00e3o humana e cidad\u00e3 de jovens de baixa renda e moradores de comunidades por meio da capacita\u00e7\u00e3o e produ\u00e7\u00e3o audiovisual, visando colaborar com a redu\u00e7\u00e3o da desigualdade social.<\/p>\n<p>O Quer\u00f4 realiza, anualmente, projetos que utilizam o trabalho coletivo como impulsionador de mudan\u00e7as sociais e de express\u00e3o para as classes populares. Al\u00e9m dos projetos desenvolvidos, conta com a Produtora Quer\u00f4, que atua no mercado audiovisual produzindo desde v\u00eddeos corporativos a projetos autorais para TV e cinema, com tem\u00e1ticas de impacto social.<\/p>\n<p>A institui\u00e7\u00e3o atua tamb\u00e9m como produtora escola e a cada novo trabalho, busca oportunidades para desenvolver as carreiras profissionais dos jovens capacitados nas Oficinas Quer\u00f4, possibilitando a gera\u00e7\u00e3o de trabalho e renda para eles e suas fam\u00edlias e as primeiras experi\u00eancias profissionais no meio audiovisual. O Quer\u00f4 tornou-se uma refer\u00eancia de escola sociocultural de audiovisual, documentado pela BBC e reconhecido pelo Unicef.<\/p>\n","protected":false},"excerpt":{"rendered":"<p>O Centro de Tecnologia e Inova\u00e7\u00e3o em Artes, Design e Audiovisual \u00e9 parceiro do Instituto Quer\u00f4, por meio do Programa [&hellip;]<\/p>\n","protected":false},"author":1,"featured_media":0,"parent":81,"menu_order":0,"comment_status":"closed","ping_status":"closed","template":"","meta":{"_acf_changed":false,"footnotes":""},"acf":[],"_links":{"self":[{"href":"https:\/\/www.unisantos.br\/centrostecnologia\/wp-json\/wp\/v2\/pages\/173"}],"collection":[{"href":"https:\/\/www.unisantos.br\/centrostecnologia\/wp-json\/wp\/v2\/pages"}],"about":[{"href":"https:\/\/www.unisantos.br\/centrostecnologia\/wp-json\/wp\/v2\/types\/page"}],"author":[{"embeddable":true,"href":"https:\/\/www.unisantos.br\/centrostecnologia\/wp-json\/wp\/v2\/users\/1"}],"replies":[{"embeddable":true,"href":"https:\/\/www.unisantos.br\/centrostecnologia\/wp-json\/wp\/v2\/comments?post=173"}],"version-history":[{"count":2,"href":"https:\/\/www.unisantos.br\/centrostecnologia\/wp-json\/wp\/v2\/pages\/173\/revisions"}],"predecessor-version":[{"id":402,"href":"https:\/\/www.unisantos.br\/centrostecnologia\/wp-json\/wp\/v2\/pages\/173\/revisions\/402"}],"up":[{"embeddable":true,"href":"https:\/\/www.unisantos.br\/centrostecnologia\/wp-json\/wp\/v2\/pages\/81"}],"wp:attachment":[{"href":"https:\/\/www.unisantos.br\/centrostecnologia\/wp-json\/wp\/v2\/media?parent=173"}],"curies":[{"name":"wp","href":"https:\/\/api.w.org\/{rel}","templated":true}]}}