{"id":162,"date":"2024-03-08T17:31:04","date_gmt":"2024-03-08T20:31:04","guid":{"rendered":"https:\/\/www.unisantos.br\/centrostecnologia\/?page_id=162"},"modified":"2024-06-20T19:20:38","modified_gmt":"2024-06-20T22:20:38","slug":"programa-de-apoio-ao-festival-santos-film-fest","status":"publish","type":"page","link":"https:\/\/www.unisantos.br\/centrostecnologia\/artes-design-e-producao-audiovisual\/programas\/programa-de-apoio-ao-festival-santos-film-fest\/","title":{"rendered":"Apoio ao Festival Santos Film Fest"},"content":{"rendered":"<p>Este programa, que \u00e9 uma parceria com o Santos Film Fest (Festival Internacional de Cinema de Santos), permite aos estudantes dos cursos de Publicidade e Propaganda e Cinema e Audiovisual a participa\u00e7\u00e3o na organiza\u00e7\u00e3o, produ\u00e7\u00e3o de material institucional, divulga\u00e7\u00e3o e documenta\u00e7\u00e3o do evento, que \u00e9 anual. O Santos Film Fest ocorre desde 2016 e visa promover o cinema, especialmente o nacional, o resgate hist\u00f3rico, a forma\u00e7\u00e3o de p\u00fablico, a democratiza\u00e7\u00e3o de acesso \u00e0 cultura e o interc\u00e2mbio entre cidades e pa\u00edses.<\/p>\n<p>Acesse o site do <a href=\"https:\/\/santosfilmfest.com\/\" target=\"_blank\" rel=\"noopener\"><strong>Santos Film Festival<\/strong><\/a><\/p>\n<p><strong>PR\u00d3XIMAS A\u00c7\u00d5ES<\/strong><\/p>\n<p><strong>20\/06<\/strong><\/p>\n<p><strong>Cr\u00edtica de Cinema em Tempos de Plataformas Digitais e Streaming<br \/>\n<\/strong>Bate-papo\u00a0com Aline Pereira, editora-chefe do Adoro Cinema, maior portal de cinema da Am\u00e9rica Latina<br \/>\n10h<\/p>\n<p><strong>A\u00c7\u00d5ES REALIZADAS<\/strong><\/p>\n<p><strong>20\/06<\/strong><\/p>\n<p><strong>Cr\u00edtica de Cinema em Tempos de Plataformas Digitais e Streaming<br \/>\n<\/strong>Bate-papo\u00a0com Aline Pereira, editora-chefe do Adoro Cinema, maior portal de cinema da Am\u00e9rica Latina<\/p>\n<p><strong>Exibi\u00e7\u00e3o do Longa <em>Quer\u00f4<\/em><br \/>\n<\/strong>Logo ap\u00f3s, roda de conversa com D\u00e9bora Ivanov e Tammy Weiss<\/p>\n<p><strong>19\/06<\/strong><\/p>\n<p><strong><img loading=\"lazy\" decoding=\"async\" class=\"alignnone wp-image-694\" src=\"https:\/\/www.unisantos.br\/centrostecnologia\/wp-content\/uploads\/sites\/88\/2024\/06\/dandara-300x169.jpeg\" alt=\"\" width=\"200\" height=\"113\" srcset=\"https:\/\/www.unisantos.br\/centrostecnologia\/wp-content\/uploads\/sites\/88\/2024\/06\/dandara-300x169.jpeg 300w, https:\/\/www.unisantos.br\/centrostecnologia\/wp-content\/uploads\/sites\/88\/2024\/06\/dandara-768x432.jpeg 768w, https:\/\/www.unisantos.br\/centrostecnologia\/wp-content\/uploads\/sites\/88\/2024\/06\/dandara-1024x576.jpeg 1024w, https:\/\/www.unisantos.br\/centrostecnologia\/wp-content\/uploads\/sites\/88\/2024\/06\/dandara.jpeg 1600w\" sizes=\"(max-width: 200px) 100vw, 200px\" \/>\u00a0<img loading=\"lazy\" decoding=\"async\" class=\"alignnone wp-image-698\" src=\"https:\/\/www.unisantos.br\/centrostecnologia\/wp-content\/uploads\/sites\/88\/2024\/06\/dandara3-300x300.jpg\" alt=\"\" width=\"113\" height=\"113\" srcset=\"https:\/\/www.unisantos.br\/centrostecnologia\/wp-content\/uploads\/sites\/88\/2024\/06\/dandara3-300x300.jpg 300w, https:\/\/www.unisantos.br\/centrostecnologia\/wp-content\/uploads\/sites\/88\/2024\/06\/dandara3-150x150.jpg 150w, https:\/\/www.unisantos.br\/centrostecnologia\/wp-content\/uploads\/sites\/88\/2024\/06\/dandara3-768x770.jpg 768w, https:\/\/www.unisantos.br\/centrostecnologia\/wp-content\/uploads\/sites\/88\/2024\/06\/dandara3.jpg 887w\" sizes=\"(max-width: 113px) 100vw, 113px\" \/><br \/>\n<a href=\"https:\/\/www.unisantos.br\/centrostecnologia\/artes-design-e-producao-audiovisual\/programas\/programa-de-apoio-ao-festival-santos-film-fest\/\">Santos Film Fest na UniSantos<\/a><br \/>\n<\/strong><strong><em>Meu Nome \u00c9 Gal<\/em><br \/>\n<\/strong>Exibi\u00e7\u00e3o do filme e bate-papo com a diretora Dandara Ferreira<\/p>\n<p><strong>06\/06<\/strong><\/p>\n<p><img loading=\"lazy\" decoding=\"async\" class=\"alignnone wp-image-661\" src=\"https:\/\/www.unisantos.br\/centrostecnologia\/wp-content\/uploads\/sites\/88\/2024\/06\/filmfest4-300x185.jpg\" alt=\"\" width=\"200\" height=\"123\" srcset=\"https:\/\/www.unisantos.br\/centrostecnologia\/wp-content\/uploads\/sites\/88\/2024\/06\/filmfest4-300x185.jpg 300w, https:\/\/www.unisantos.br\/centrostecnologia\/wp-content\/uploads\/sites\/88\/2024\/06\/filmfest4-768x473.jpg 768w, https:\/\/www.unisantos.br\/centrostecnologia\/wp-content\/uploads\/sites\/88\/2024\/06\/filmfest4-1024x631.jpg 1024w, https:\/\/www.unisantos.br\/centrostecnologia\/wp-content\/uploads\/sites\/88\/2024\/06\/filmfest4.jpg 1492w\" sizes=\"(max-width: 200px) 100vw, 200px\" \/> <img loading=\"lazy\" decoding=\"async\" class=\"alignnone wp-image-662\" src=\"https:\/\/www.unisantos.br\/centrostecnologia\/wp-content\/uploads\/sites\/88\/2024\/06\/filmfest3-300x162.jpg\" alt=\"\" width=\"200\" height=\"108\" srcset=\"https:\/\/www.unisantos.br\/centrostecnologia\/wp-content\/uploads\/sites\/88\/2024\/06\/filmfest3-300x162.jpg 300w, https:\/\/www.unisantos.br\/centrostecnologia\/wp-content\/uploads\/sites\/88\/2024\/06\/filmfest3-768x415.jpg 768w, https:\/\/www.unisantos.br\/centrostecnologia\/wp-content\/uploads\/sites\/88\/2024\/06\/filmfest3-1024x553.jpg 1024w, https:\/\/www.unisantos.br\/centrostecnologia\/wp-content\/uploads\/sites\/88\/2024\/06\/filmfest3.jpg 1702w\" sizes=\"(max-width: 200px) 100vw, 200px\" \/> <img loading=\"lazy\" decoding=\"async\" class=\"alignnone wp-image-663\" src=\"https:\/\/www.unisantos.br\/centrostecnologia\/wp-content\/uploads\/sites\/88\/2024\/06\/filmfest1-300x174.jpg\" alt=\"\" width=\"200\" height=\"116\" srcset=\"https:\/\/www.unisantos.br\/centrostecnologia\/wp-content\/uploads\/sites\/88\/2024\/06\/filmfest1-300x174.jpg 300w, https:\/\/www.unisantos.br\/centrostecnologia\/wp-content\/uploads\/sites\/88\/2024\/06\/filmfest1-768x445.jpg 768w, https:\/\/www.unisantos.br\/centrostecnologia\/wp-content\/uploads\/sites\/88\/2024\/06\/filmfest1-1024x593.jpg 1024w, https:\/\/www.unisantos.br\/centrostecnologia\/wp-content\/uploads\/sites\/88\/2024\/06\/filmfest1.jpg 1587w\" sizes=\"(max-width: 200px) 100vw, 200px\" \/> <img loading=\"lazy\" decoding=\"async\" class=\"alignnone size-medium wp-image-664\" src=\"https:\/\/www.unisantos.br\/centrostecnologia\/wp-content\/uploads\/sites\/88\/2024\/06\/filmfest2-300x124.jpg\" alt=\"\" width=\"300\" height=\"124\" srcset=\"https:\/\/www.unisantos.br\/centrostecnologia\/wp-content\/uploads\/sites\/88\/2024\/06\/filmfest2-300x124.jpg 300w, https:\/\/www.unisantos.br\/centrostecnologia\/wp-content\/uploads\/sites\/88\/2024\/06\/filmfest2-768x317.jpg 768w, https:\/\/www.unisantos.br\/centrostecnologia\/wp-content\/uploads\/sites\/88\/2024\/06\/filmfest2-1024x423.jpg 1024w, https:\/\/www.unisantos.br\/centrostecnologia\/wp-content\/uploads\/sites\/88\/2024\/06\/filmfest2.jpg 1920w\" sizes=\"(max-width: 300px) 100vw, 300px\" \/><\/p>\n<p><strong>Lan\u00e7amento da programa\u00e7\u00e3o 2024<\/strong><br \/>\nLan\u00e7amentos das exposi\u00e7\u00f5es 10&#215;10 e 10 Anos de Amor e Dedica\u00e7\u00e3o ao Cinema<br \/>\nTributo a Elton John<br \/>\nCaf\u00e9 de boas-vindas<\/p>\n","protected":false},"excerpt":{"rendered":"<p>Este programa, que \u00e9 uma parceria com o Santos Film Fest (Festival Internacional de Cinema de Santos), permite aos estudantes [&hellip;]<\/p>\n","protected":false},"author":1,"featured_media":0,"parent":81,"menu_order":0,"comment_status":"closed","ping_status":"closed","template":"","meta":{"_acf_changed":false,"footnotes":""},"acf":[],"_links":{"self":[{"href":"https:\/\/www.unisantos.br\/centrostecnologia\/wp-json\/wp\/v2\/pages\/162"}],"collection":[{"href":"https:\/\/www.unisantos.br\/centrostecnologia\/wp-json\/wp\/v2\/pages"}],"about":[{"href":"https:\/\/www.unisantos.br\/centrostecnologia\/wp-json\/wp\/v2\/types\/page"}],"author":[{"embeddable":true,"href":"https:\/\/www.unisantos.br\/centrostecnologia\/wp-json\/wp\/v2\/users\/1"}],"replies":[{"embeddable":true,"href":"https:\/\/www.unisantos.br\/centrostecnologia\/wp-json\/wp\/v2\/comments?post=162"}],"version-history":[{"count":9,"href":"https:\/\/www.unisantos.br\/centrostecnologia\/wp-json\/wp\/v2\/pages\/162\/revisions"}],"predecessor-version":[{"id":700,"href":"https:\/\/www.unisantos.br\/centrostecnologia\/wp-json\/wp\/v2\/pages\/162\/revisions\/700"}],"up":[{"embeddable":true,"href":"https:\/\/www.unisantos.br\/centrostecnologia\/wp-json\/wp\/v2\/pages\/81"}],"wp:attachment":[{"href":"https:\/\/www.unisantos.br\/centrostecnologia\/wp-json\/wp\/v2\/media?parent=162"}],"curies":[{"name":"wp","href":"https:\/\/api.w.org\/{rel}","templated":true}]}}