{"id":158,"date":"2024-03-08T17:27:47","date_gmt":"2024-03-08T20:27:47","guid":{"rendered":"https:\/\/www.unisantos.br\/centrostecnologia\/?page_id=158"},"modified":"2024-03-22T00:20:30","modified_gmt":"2024-03-22T03:20:30","slug":"programa-curta-na-escola","status":"publish","type":"page","link":"https:\/\/www.unisantos.br\/centrostecnologia\/artes-design-e-producao-audiovisual\/programas\/programa-curta-na-escola\/","title":{"rendered":"Curta na Escola"},"content":{"rendered":"<p>O ponto de partida dessa proposta \u00e9 oferecer \u00e0s escolas de educa\u00e7\u00e3o b\u00e1sica um programa de Educa\u00e7\u00e3o Audiovisual, que coloque a pe\u00e7a audiovisual, para al\u00e9m de uma ilustra\u00e7\u00e3o de conte\u00fados curriculares ou de uma aula, mas em total conson\u00e2ncia com a Base Nacional Comum Curricular (BNCC), que explicita a import\u00e2ncia da utiliza\u00e7\u00e3o de diferentes linguagens e tecnologias com os alunos. Objetivos:<br \/>\n&#8211; Promover a educa\u00e7\u00e3o audiovisual;<br \/>\n&#8211; Desenvolver o protagonismo do estudante;<br \/>\n&#8211; Estimular o olhar para a comunidade escolar e o seu entorno;<br \/>\n&#8211; Refor\u00e7ar o sentimento de pertencimento do estudante \u00e0 comunidade escolar;<br \/>\n&#8211; Desenvolver o esp\u00edrito cr\u00edtico e a vontade de aprender.<\/p>\n","protected":false},"excerpt":{"rendered":"<p>O ponto de partida dessa proposta \u00e9 oferecer \u00e0s escolas de educa\u00e7\u00e3o b\u00e1sica um programa de Educa\u00e7\u00e3o Audiovisual, que coloque [&hellip;]<\/p>\n","protected":false},"author":1,"featured_media":0,"parent":81,"menu_order":0,"comment_status":"closed","ping_status":"closed","template":"","meta":{"_acf_changed":false,"footnotes":""},"acf":[],"_links":{"self":[{"href":"https:\/\/www.unisantos.br\/centrostecnologia\/wp-json\/wp\/v2\/pages\/158"}],"collection":[{"href":"https:\/\/www.unisantos.br\/centrostecnologia\/wp-json\/wp\/v2\/pages"}],"about":[{"href":"https:\/\/www.unisantos.br\/centrostecnologia\/wp-json\/wp\/v2\/types\/page"}],"author":[{"embeddable":true,"href":"https:\/\/www.unisantos.br\/centrostecnologia\/wp-json\/wp\/v2\/users\/1"}],"replies":[{"embeddable":true,"href":"https:\/\/www.unisantos.br\/centrostecnologia\/wp-json\/wp\/v2\/comments?post=158"}],"version-history":[{"count":2,"href":"https:\/\/www.unisantos.br\/centrostecnologia\/wp-json\/wp\/v2\/pages\/158\/revisions"}],"predecessor-version":[{"id":416,"href":"https:\/\/www.unisantos.br\/centrostecnologia\/wp-json\/wp\/v2\/pages\/158\/revisions\/416"}],"up":[{"embeddable":true,"href":"https:\/\/www.unisantos.br\/centrostecnologia\/wp-json\/wp\/v2\/pages\/81"}],"wp:attachment":[{"href":"https:\/\/www.unisantos.br\/centrostecnologia\/wp-json\/wp\/v2\/media?parent=158"}],"curies":[{"name":"wp","href":"https:\/\/api.w.org\/{rel}","templated":true}]}}