{"id":154,"date":"2024-03-08T17:23:54","date_gmt":"2024-03-08T20:23:54","guid":{"rendered":"https:\/\/www.unisantos.br\/centrostecnologia\/?page_id=154"},"modified":"2024-03-22T00:09:36","modified_gmt":"2024-03-22T03:09:36","slug":"vilas-criativas","status":"publish","type":"page","link":"https:\/\/www.unisantos.br\/centrostecnologia\/artes-design-e-producao-audiovisual\/programas\/vilas-criativas\/","title":{"rendered":"Vilas Criativas"},"content":{"rendered":"<p>O programa prev\u00ea oferecimento de curso livre para produ\u00e7\u00e3o de pe\u00e7as audiovisuais, que prioriza o conhecimento do processo de cria\u00e7\u00e3o do meio audiovisual em todas as suas formas de apresenta\u00e7\u00e3o (v\u00eddeo, TV, cinema, Internet), qualificando os jovens em diversas fun\u00e7\u00f5es da cadeia produtiva que estrutura a cria\u00e7\u00e3o audiovisual. P\u00fablico: Jovens com idade entre 16 e 24 anos, que perten\u00e7am \u00e0 comunidade atendida pelos equipamentos vilas criativas, mantidos pela Prefeitura de Santos. S\u00e3o objetivos do programa de forma\u00e7\u00e3o:<br \/>\n&#8211; Difundir o conhecimento acerca da linguagem audiovisual;<br \/>\n&#8211; Implementar a consci\u00eancia da realidade social em que vivem e valorizar a hist\u00f3ria individual e coletiva dos participantes da comunidade atendida pela Vila Criativa;<br \/>\n&#8211; Promover a integra\u00e7\u00e3o do p\u00fablico-alvo em torno de elabora\u00e7\u00e3o de pe\u00e7as que falem de e para a comunidade, refletindo suas realiza\u00e7\u00f5es e demandas, valorizando e conferindo protagonismo \u00e0 cultura local;<br \/>\n&#8211; Oferecer treinamento e qualifica\u00e7\u00e3o para que os jovens possam ser inseridos no mercado de trabalho da produ\u00e7\u00e3o audiovisual na regi\u00e3o.<\/p>\n","protected":false},"excerpt":{"rendered":"<p>O programa prev\u00ea oferecimento de curso livre para produ\u00e7\u00e3o de pe\u00e7as audiovisuais, que prioriza o conhecimento do processo de cria\u00e7\u00e3o [&hellip;]<\/p>\n","protected":false},"author":1,"featured_media":0,"parent":81,"menu_order":0,"comment_status":"closed","ping_status":"closed","template":"","meta":{"_acf_changed":false,"footnotes":""},"acf":[],"_links":{"self":[{"href":"https:\/\/www.unisantos.br\/centrostecnologia\/wp-json\/wp\/v2\/pages\/154"}],"collection":[{"href":"https:\/\/www.unisantos.br\/centrostecnologia\/wp-json\/wp\/v2\/pages"}],"about":[{"href":"https:\/\/www.unisantos.br\/centrostecnologia\/wp-json\/wp\/v2\/types\/page"}],"author":[{"embeddable":true,"href":"https:\/\/www.unisantos.br\/centrostecnologia\/wp-json\/wp\/v2\/users\/1"}],"replies":[{"embeddable":true,"href":"https:\/\/www.unisantos.br\/centrostecnologia\/wp-json\/wp\/v2\/comments?post=154"}],"version-history":[{"count":2,"href":"https:\/\/www.unisantos.br\/centrostecnologia\/wp-json\/wp\/v2\/pages\/154\/revisions"}],"predecessor-version":[{"id":406,"href":"https:\/\/www.unisantos.br\/centrostecnologia\/wp-json\/wp\/v2\/pages\/154\/revisions\/406"}],"up":[{"embeddable":true,"href":"https:\/\/www.unisantos.br\/centrostecnologia\/wp-json\/wp\/v2\/pages\/81"}],"wp:attachment":[{"href":"https:\/\/www.unisantos.br\/centrostecnologia\/wp-json\/wp\/v2\/media?parent=154"}],"curies":[{"name":"wp","href":"https:\/\/api.w.org\/{rel}","templated":true}]}}