{"id":147,"date":"2024-03-08T17:18:07","date_gmt":"2024-03-08T20:18:07","guid":{"rendered":"https:\/\/www.unisantos.br\/centrostecnologia\/?page_id=147"},"modified":"2024-03-22T00:07:55","modified_gmt":"2024-03-22T03:07:55","slug":"programa-pre-estreias-nacionais-e-internacionais","status":"publish","type":"page","link":"https:\/\/www.unisantos.br\/centrostecnologia\/artes-design-e-producao-audiovisual\/programas\/programa-pre-estreias-nacionais-e-internacionais\/","title":{"rendered":"Pr\u00e9-Estreias Nacionais e Internacionais"},"content":{"rendered":"<p>O Centro de Tecnologia e Inova\u00e7\u00e3o em Artes, Design e Audiovisual desenvolve a\u00e7\u00f5es em parceria com o Cine Roxy, no sentido de estimular a cultura cinematogr\u00e1fica, valorizando os espa\u00e7os de exibi\u00e7\u00e3o, proporcionando a intera\u00e7\u00e3o de jovens estudantes em todos os n\u00edveis de ensino com este importante equipamento cultural, por meio da participa\u00e7\u00e3o desses estudantes nas sess\u00f5es de pr\u00e9-estreias dos filmes exibidos.<\/p>\n<p>Um dos mais tradicionais cinemas do Pa\u00eds, com 90 anos de exist\u00eancia, o Cine Roxy \u00e9 um dos poucos cinemas de rua existentes e o mais antigo da regi\u00e3o. Ele acompanhou as inova\u00e7\u00f5es tecnol\u00f3gicas pelas quais passaram o circuito exibidor nacional, como o formato multiplex de salas. Nesse contexto se insere o\u00a0Programa Pr\u00e9-Estreias Nacionais e Internacionais, que\u00a0apoia os realizadores locais, ao dar espa\u00e7o para exibi\u00e7\u00e3o de filmes produzidos por cineastas da cidade de Santos, al\u00e9m de estar presente nos principais Festivais de Cinema da Cidade.<\/p>\n<p>&nbsp;<\/p>\n","protected":false},"excerpt":{"rendered":"<p>O Centro de Tecnologia e Inova\u00e7\u00e3o em Artes, Design e Audiovisual desenvolve a\u00e7\u00f5es em parceria com o Cine Roxy, no [&hellip;]<\/p>\n","protected":false},"author":1,"featured_media":0,"parent":81,"menu_order":0,"comment_status":"closed","ping_status":"closed","template":"","meta":{"_acf_changed":false,"footnotes":""},"acf":[],"_links":{"self":[{"href":"https:\/\/www.unisantos.br\/centrostecnologia\/wp-json\/wp\/v2\/pages\/147"}],"collection":[{"href":"https:\/\/www.unisantos.br\/centrostecnologia\/wp-json\/wp\/v2\/pages"}],"about":[{"href":"https:\/\/www.unisantos.br\/centrostecnologia\/wp-json\/wp\/v2\/types\/page"}],"author":[{"embeddable":true,"href":"https:\/\/www.unisantos.br\/centrostecnologia\/wp-json\/wp\/v2\/users\/1"}],"replies":[{"embeddable":true,"href":"https:\/\/www.unisantos.br\/centrostecnologia\/wp-json\/wp\/v2\/comments?post=147"}],"version-history":[{"count":2,"href":"https:\/\/www.unisantos.br\/centrostecnologia\/wp-json\/wp\/v2\/pages\/147\/revisions"}],"predecessor-version":[{"id":403,"href":"https:\/\/www.unisantos.br\/centrostecnologia\/wp-json\/wp\/v2\/pages\/147\/revisions\/403"}],"up":[{"embeddable":true,"href":"https:\/\/www.unisantos.br\/centrostecnologia\/wp-json\/wp\/v2\/pages\/81"}],"wp:attachment":[{"href":"https:\/\/www.unisantos.br\/centrostecnologia\/wp-json\/wp\/v2\/media?parent=147"}],"curies":[{"name":"wp","href":"https:\/\/api.w.org\/{rel}","templated":true}]}}