{"id":139,"date":"2024-03-08T16:33:40","date_gmt":"2024-03-08T19:33:40","guid":{"rendered":"https:\/\/www.unisantos.br\/centrostecnologia\/?page_id=139"},"modified":"2024-03-22T00:14:12","modified_gmt":"2024-03-22T03:14:12","slug":"programa-materia-prima","status":"publish","type":"page","link":"https:\/\/www.unisantos.br\/centrostecnologia\/artes-design-e-producao-audiovisual\/programas\/programa-materia-prima\/","title":{"rendered":"Mat\u00e9ria-Prima"},"content":{"rendered":"<p>Esta parceria visa a produ\u00e7\u00e3o e veicula\u00e7\u00e3o dos programas televisivos Urbanidades e Mat\u00e9ria-prima, para serem transmitidos pela TV UniSantos, que \u00e9 uma emissora mantida pela Funda\u00e7\u00e3o TV Educativa Universidade Cat\u00f3lica de Santos, formada pela Mitra Diocesana e a Sociedade Visconde de S\u00e3o Leopoldo e retransmissora da TV Brasil. Os programas produzidos por discentes, com a orienta\u00e7\u00e3o de professores, tamb\u00e9m refor\u00e7am a articula\u00e7\u00e3o entre o ensino, a extens\u00e3o e a pesquisa, na medida que articula saberes t\u00e9cnicos-profissionais, propiciando informa\u00e7\u00e3o de qualidade \u00e0 sociedade e representam campo de pesquisa na \u00e1rea da comunica\u00e7\u00e3o televisiva.<\/p>\n<p>O Programa Mat\u00e9ria-Prima \u00e9 uma revista de car\u00e1ter jornal\u00edstico, com dura\u00e7\u00e3o de 30 minutos, que apresenta reportagens sobre diversas editorias, do g\u00eanero informativo. Consiste em abordar a produ\u00e7\u00e3o do programa de televis\u00e3o, no formato de revista\/telejornal, com reportagens externas, nos aspectos envolvendo a concep\u00e7\u00e3o, planejamento, produ\u00e7\u00e3o, grava\u00e7\u00e3o e p\u00f3s-produ\u00e7\u00e3o.<\/p>\n","protected":false},"excerpt":{"rendered":"<p>Esta parceria visa a produ\u00e7\u00e3o e veicula\u00e7\u00e3o dos programas televisivos Urbanidades e Mat\u00e9ria-prima, para serem transmitidos pela TV UniSantos, que [&hellip;]<\/p>\n","protected":false},"author":1,"featured_media":0,"parent":81,"menu_order":0,"comment_status":"closed","ping_status":"closed","template":"","meta":{"_acf_changed":false,"footnotes":""},"acf":[],"_links":{"self":[{"href":"https:\/\/www.unisantos.br\/centrostecnologia\/wp-json\/wp\/v2\/pages\/139"}],"collection":[{"href":"https:\/\/www.unisantos.br\/centrostecnologia\/wp-json\/wp\/v2\/pages"}],"about":[{"href":"https:\/\/www.unisantos.br\/centrostecnologia\/wp-json\/wp\/v2\/types\/page"}],"author":[{"embeddable":true,"href":"https:\/\/www.unisantos.br\/centrostecnologia\/wp-json\/wp\/v2\/users\/1"}],"replies":[{"embeddable":true,"href":"https:\/\/www.unisantos.br\/centrostecnologia\/wp-json\/wp\/v2\/comments?post=139"}],"version-history":[{"count":2,"href":"https:\/\/www.unisantos.br\/centrostecnologia\/wp-json\/wp\/v2\/pages\/139\/revisions"}],"predecessor-version":[{"id":413,"href":"https:\/\/www.unisantos.br\/centrostecnologia\/wp-json\/wp\/v2\/pages\/139\/revisions\/413"}],"up":[{"embeddable":true,"href":"https:\/\/www.unisantos.br\/centrostecnologia\/wp-json\/wp\/v2\/pages\/81"}],"wp:attachment":[{"href":"https:\/\/www.unisantos.br\/centrostecnologia\/wp-json\/wp\/v2\/media?parent=139"}],"curies":[{"name":"wp","href":"https:\/\/api.w.org\/{rel}","templated":true}]}}