{"id":103,"date":"2024-03-07T17:05:04","date_gmt":"2024-03-07T20:05:04","guid":{"rendered":"https:\/\/www.unisantos.br\/centrostecnologia\/?page_id=103"},"modified":"2024-03-22T00:13:22","modified_gmt":"2024-03-22T03:13:22","slug":"programa-mesa-redonda","status":"publish","type":"page","link":"https:\/\/www.unisantos.br\/centrostecnologia\/artes-design-e-producao-audiovisual\/programas\/programa-mesa-redonda\/","title":{"rendered":"Mesa-Redonda &#8211; R\u00e1dio Boa Nova"},"content":{"rendered":"<p>A parceria com a R\u00e1dio Boa Nova propicia a produ\u00e7\u00e3o e veicula\u00e7\u00e3o de programas radiof\u00f4nicos, de diversas tem\u00e1ticas e formatos, para serem veiculados na R\u00e1dio Boa Nova FM (96,3 MHz), mantida pela Funda\u00e7\u00e3o Educacional e Cultural de Praia Grande. Os programas produzidos por discentes, sob a orienta\u00e7\u00e3o de professores, refor\u00e7am o trip\u00e9 compreendido entre o ensino, a extens\u00e3o e a pesquisa, na medida que articula saberes profissionais, possibilitam informa\u00e7\u00e3o de qualidade \u00e0 sociedade e abrem campo de pesquisa no campo da Comunica\u00e7\u00e3o, especialmente a radiof\u00f4nica\/eletr\u00f4nica.<\/p>\n<p>Dentre seus projetos laboratoriais produzidos a partir da integra\u00e7\u00e3o com comunidade por interm\u00e9dio da R\u00e1dio Boa Nova, merece aten\u00e7\u00e3o o programa radiof\u00f4nico Mesa-Redonda. Trata-se de um programa de debates com 30 minutos de dura\u00e7\u00e3o que aborda um tema da atualidade e de comprovado interesse jornal\u00edstico com a participa\u00e7\u00e3o de especialistas e autoridades.<\/p>\n<p>O programa \u00e9 veiculado na Internet e pela R\u00e1dio Boa Nova. Esses programas s\u00e3o espa\u00e7os de discuss\u00e3o coletiva em que os participantes apresentam ideias diferenciadas ou complementares entre si. Os alunos produzem programas semanalmente, sob a supervis\u00e3o de docentes, que s\u00e3o disponibilizados \u00e0 emissora.<\/p>\n","protected":false},"excerpt":{"rendered":"<p>A parceria com a R\u00e1dio Boa Nova propicia a produ\u00e7\u00e3o e veicula\u00e7\u00e3o de programas radiof\u00f4nicos, de diversas tem\u00e1ticas e formatos, [&hellip;]<\/p>\n","protected":false},"author":1,"featured_media":0,"parent":81,"menu_order":0,"comment_status":"closed","ping_status":"closed","template":"","meta":{"_acf_changed":false,"footnotes":""},"acf":[],"_links":{"self":[{"href":"https:\/\/www.unisantos.br\/centrostecnologia\/wp-json\/wp\/v2\/pages\/103"}],"collection":[{"href":"https:\/\/www.unisantos.br\/centrostecnologia\/wp-json\/wp\/v2\/pages"}],"about":[{"href":"https:\/\/www.unisantos.br\/centrostecnologia\/wp-json\/wp\/v2\/types\/page"}],"author":[{"embeddable":true,"href":"https:\/\/www.unisantos.br\/centrostecnologia\/wp-json\/wp\/v2\/users\/1"}],"replies":[{"embeddable":true,"href":"https:\/\/www.unisantos.br\/centrostecnologia\/wp-json\/wp\/v2\/comments?post=103"}],"version-history":[{"count":5,"href":"https:\/\/www.unisantos.br\/centrostecnologia\/wp-json\/wp\/v2\/pages\/103\/revisions"}],"predecessor-version":[{"id":411,"href":"https:\/\/www.unisantos.br\/centrostecnologia\/wp-json\/wp\/v2\/pages\/103\/revisions\/411"}],"up":[{"embeddable":true,"href":"https:\/\/www.unisantos.br\/centrostecnologia\/wp-json\/wp\/v2\/pages\/81"}],"wp:attachment":[{"href":"https:\/\/www.unisantos.br\/centrostecnologia\/wp-json\/wp\/v2\/media?parent=103"}],"curies":[{"name":"wp","href":"https:\/\/api.w.org\/{rel}","templated":true}]}}