{"id":877,"date":"2019-04-05T12:54:20","date_gmt":"2019-04-05T15:54:20","guid":{"rendered":"https:\/\/www.unisantos.br\/anecbaixadasantista\/?page_id=877"},"modified":"2019-04-05T12:54:20","modified_gmt":"2019-04-05T15:54:20","slug":"celebracao-dos-100-anos-da-aparicao-de-nossa-senhora-de-fatima-programacoes","status":"publish","type":"page","link":"https:\/\/www.unisantos.br\/anecbaixadasantista\/celebracao-dos-100-anos-da-aparicao-de-nossa-senhora-de-fatima-programacoes\/","title":{"rendered":"Celebra\u00e7\u00e3o dos 100 Anos da Apari\u00e7\u00e3o de Nossa Senhora de F\u00e1tima &#8211; Programa\u00e7\u00f5es"},"content":{"rendered":"<div id=\"foogallery-gallery-873\" class=\"foogallery-container foogallery-default foogallery-link-custom foogallery-lightbox-dfactory spacing-width-10  hover-effect-none border-style-square-white alignment-left hover-caption-simple foogallery-default-loading\">\r\n\t<a  href=\"https:\/\/www.unisantos.br\/anecbaixadasantista\/wp-content\/uploads\/sites\/13\/2019\/04\/33-4.jpeg\" data-attachment-id=\"874\" data-rel=\"lightbox\" class=\"\"><img loading=\"lazy\" decoding=\"async\"  src=\"https:\/\/www.unisantos.br\/anecbaixadasantista\/wp-content\/uploads\/sites\/13\/cache\/2019\/04\/33-4\/144002290.jpeg\" width=\"50\" height=\"50\" \/><\/a><a  href=\"https:\/\/www.unisantos.br\/anecbaixadasantista\/wp-content\/uploads\/sites\/13\/2019\/04\/65-2.jpeg\" data-attachment-id=\"875\" data-rel=\"lightbox\" class=\"\"><img loading=\"lazy\" decoding=\"async\"  src=\"https:\/\/www.unisantos.br\/anecbaixadasantista\/wp-content\/uploads\/sites\/13\/cache\/2019\/04\/65-2\/-2041629564.jpeg\" width=\"50\" height=\"50\" \/><\/a><a  href=\"https:\/\/www.unisantos.br\/anecbaixadasantista\/wp-content\/uploads\/sites\/13\/2019\/04\/73-2.jpeg\" data-attachment-id=\"876\" data-rel=\"lightbox\" class=\"\"><img loading=\"lazy\" decoding=\"async\"  src=\"https:\/\/www.unisantos.br\/anecbaixadasantista\/wp-content\/uploads\/sites\/13\/cache\/2019\/04\/73-2\/-1202360040.jpeg\" width=\"50\" height=\"50\" \/><\/a><\/div>\r\n\n","protected":false},"excerpt":{"rendered":"","protected":false},"author":1,"featured_media":0,"parent":0,"menu_order":0,"comment_status":"closed","ping_status":"closed","template":"","meta":{"footnotes":""},"_links":{"self":[{"href":"https:\/\/www.unisantos.br\/anecbaixadasantista\/wp-json\/wp\/v2\/pages\/877"}],"collection":[{"href":"https:\/\/www.unisantos.br\/anecbaixadasantista\/wp-json\/wp\/v2\/pages"}],"about":[{"href":"https:\/\/www.unisantos.br\/anecbaixadasantista\/wp-json\/wp\/v2\/types\/page"}],"author":[{"embeddable":true,"href":"https:\/\/www.unisantos.br\/anecbaixadasantista\/wp-json\/wp\/v2\/users\/1"}],"replies":[{"embeddable":true,"href":"https:\/\/www.unisantos.br\/anecbaixadasantista\/wp-json\/wp\/v2\/comments?post=877"}],"version-history":[{"count":1,"href":"https:\/\/www.unisantos.br\/anecbaixadasantista\/wp-json\/wp\/v2\/pages\/877\/revisions"}],"predecessor-version":[{"id":878,"href":"https:\/\/www.unisantos.br\/anecbaixadasantista\/wp-json\/wp\/v2\/pages\/877\/revisions\/878"}],"wp:attachment":[{"href":"https:\/\/www.unisantos.br\/anecbaixadasantista\/wp-json\/wp\/v2\/media?parent=877"}],"curies":[{"name":"wp","href":"https:\/\/api.w.org\/{rel}","templated":true}]}}