{"id":822,"date":"2019-04-05T11:37:45","date_gmt":"2019-04-05T14:37:45","guid":{"rendered":"https:\/\/www.unisantos.br\/anecbaixadasantista\/?page_id=822"},"modified":"2019-04-05T11:49:26","modified_gmt":"2019-04-05T14:49:26","slug":"encontro-de-formacao-cf-2017","status":"publish","type":"page","link":"https:\/\/www.unisantos.br\/anecbaixadasantista\/encontro-de-formacao-cf-2017\/","title":{"rendered":"Encontro de Forma\u00e7\u00e3o CF 2017"},"content":{"rendered":"<h2>Baixe o conte\u00fado<\/h2>\n<p>&nbsp;<\/p>\n<h3>\u00c1gua<\/h3>\n<p><a class=\"link\" href=\"https:\/\/www.unisantos.br\/anecbaixadasantista\/wp-content\/uploads\/sites\/13\/2019\/04\/agua1.pdf\" target=\"_blank\" rel=\"noopener\">Proposta \u00e1gua 1<\/a><br \/>\n<a class=\"link\" href=\"https:\/\/www.unisantos.br\/anecbaixadasantista\/wp-content\/uploads\/sites\/13\/2019\/04\/agua2.pdf\" target=\"_blank\" rel=\"noopener\">Proposta \u00e1gua 2<\/a><br \/>\n<a class=\"link\" href=\"https:\/\/www.unisantos.br\/anecbaixadasantista\/wp-content\/uploads\/sites\/13\/2019\/04\/agua3.pdf\" target=\"_blank\" rel=\"noopener\">Proposta \u00e1gua 3<\/a><\/p>\n<h3>Clima<\/h3>\n<p><a class=\"link\" href=\"https:\/\/www.unisantos.br\/anecbaixadasantista\/wp-content\/uploads\/sites\/13\/2019\/04\/clima1.pdf\" target=\"_blank\" rel=\"noopener\">Proposta clima 1<\/a><br \/>\n<a class=\"link\" href=\"https:\/\/www.unisantos.br\/anecbaixadasantista\/wp-content\/uploads\/sites\/13\/2019\/04\/clima2.pdf\" target=\"_blank\" rel=\"noopener\">Proposta clima 2<\/a><\/p>\n<h3>Ocupa\u00e7\u00e3o urbana<\/h3>\n<p><a class=\"link\" href=\"https:\/\/www.unisantos.br\/anecbaixadasantista\/wp-content\/uploads\/sites\/13\/2019\/04\/ocupacao1.pdf\" target=\"_blank\" rel=\"noopener\">Proposta ocupa\u00e7\u00e3o 1<\/a><br \/>\n<a class=\"link\" href=\"https:\/\/www.unisantos.br\/anecbaixadasantista\/wp-content\/uploads\/sites\/13\/2019\/04\/ocupacao2.pdf\" target=\"_blank\" rel=\"noopener\">Proposta ocupa\u00e7\u00e3o 2<\/a><br \/>\n<a class=\"link\" href=\"https:\/\/www.unisantos.br\/anecbaixadasantista\/wp-content\/uploads\/sites\/13\/2019\/04\/ocupacao3.pdf\" target=\"_blank\" rel=\"noopener\">Proposta ocupa\u00e7\u00e3o 3<\/a><\/p>\n<h3>Res\u00edduos s\u00f3lidos<\/h3>\n<p><a class=\"link\" href=\"https:\/\/www.unisantos.br\/anecbaixadasantista\/wp-content\/uploads\/sites\/13\/2019\/04\/residuos1.pdf\" target=\"_blank\" rel=\"noopener\">Proposta res\u00edduos 1<\/a><br \/>\n<a class=\"link\" href=\"https:\/\/www.unisantos.br\/anecbaixadasantista\/wp-content\/uploads\/sites\/13\/2019\/04\/residuos2.pdf\" target=\"_blank\" rel=\"noopener\">Proposta res\u00edduos 2<\/a><br \/>\n<a class=\"link\" href=\"https:\/\/www.unisantos.br\/anecbaixadasantista\/wp-content\/uploads\/sites\/13\/2019\/04\/residuos3.pdf\" target=\"_blank\" rel=\"noopener\">Proposta res\u00edduos 3<\/a><\/p>\n","protected":false},"excerpt":{"rendered":"<p>Baixe o conte\u00fado &nbsp; \u00c1gua Proposta \u00e1gua 1 Proposta \u00e1gua 2 Proposta \u00e1gua 3 Clima Proposta clima 1 Proposta clima [&hellip;]<\/p>\n","protected":false},"author":1,"featured_media":0,"parent":0,"menu_order":0,"comment_status":"closed","ping_status":"closed","template":"","meta":{"footnotes":""},"_links":{"self":[{"href":"https:\/\/www.unisantos.br\/anecbaixadasantista\/wp-json\/wp\/v2\/pages\/822"}],"collection":[{"href":"https:\/\/www.unisantos.br\/anecbaixadasantista\/wp-json\/wp\/v2\/pages"}],"about":[{"href":"https:\/\/www.unisantos.br\/anecbaixadasantista\/wp-json\/wp\/v2\/types\/page"}],"author":[{"embeddable":true,"href":"https:\/\/www.unisantos.br\/anecbaixadasantista\/wp-json\/wp\/v2\/users\/1"}],"replies":[{"embeddable":true,"href":"https:\/\/www.unisantos.br\/anecbaixadasantista\/wp-json\/wp\/v2\/comments?post=822"}],"version-history":[{"count":4,"href":"https:\/\/www.unisantos.br\/anecbaixadasantista\/wp-json\/wp\/v2\/pages\/822\/revisions"}],"predecessor-version":[{"id":845,"href":"https:\/\/www.unisantos.br\/anecbaixadasantista\/wp-json\/wp\/v2\/pages\/822\/revisions\/845"}],"wp:attachment":[{"href":"https:\/\/www.unisantos.br\/anecbaixadasantista\/wp-json\/wp\/v2\/media?parent=822"}],"curies":[{"name":"wp","href":"https:\/\/api.w.org\/{rel}","templated":true}]}}