{"id":810,"date":"2019-04-05T11:12:34","date_gmt":"2019-04-05T14:12:34","guid":{"rendered":"https:\/\/www.unisantos.br\/anecbaixadasantista\/?page_id=810"},"modified":"2019-04-05T11:12:34","modified_gmt":"2019-04-05T14:12:34","slug":"programa-coordenacao-pedagogica","status":"publish","type":"page","link":"https:\/\/www.unisantos.br\/anecbaixadasantista\/programa-coordenacao-pedagogica\/","title":{"rendered":"Programa Coordena\u00e7\u00e3o Pedag\u00f3gica"},"content":{"rendered":"<p>Processo de forma\u00e7\u00e3o continuada e em servi\u00e7o para coordenadores pedag\u00f3gicos de Escolas Cat\u00f3licas da Regi\u00e3o Metropolitana da Baixada Santista (RMBS), com vistas a potencializar a identidade profissional dos participantes, bem como a reflex\u00e3o critica sobre suas pr\u00e1ticas, na perspectiva humanizadora.<\/p>\n<p><strong>Coordena\u00e7\u00e3o<\/strong><br \/>\nProf. Dr. Alexandre Saul (<i>Stricto Sensu<\/i> em Educa\u00e7\u00e3o e Curso de Pedagogia)<br \/>\nProf\u00aa. Dr\u00aa. Maria Am\u00e9lia Santoro Franco (<i>Stricto Sensu<\/i> em Educa\u00e7\u00e3o)<\/p>\n","protected":false},"excerpt":{"rendered":"<p>Processo de forma\u00e7\u00e3o continuada e em servi\u00e7o para coordenadores pedag\u00f3gicos de Escolas Cat\u00f3licas da Regi\u00e3o Metropolitana da Baixada Santista (RMBS), [&hellip;]<\/p>\n","protected":false},"author":1,"featured_media":0,"parent":0,"menu_order":0,"comment_status":"closed","ping_status":"closed","template":"programa-coordenacao-pedagogica.php","meta":{"footnotes":""},"_links":{"self":[{"href":"https:\/\/www.unisantos.br\/anecbaixadasantista\/wp-json\/wp\/v2\/pages\/810"}],"collection":[{"href":"https:\/\/www.unisantos.br\/anecbaixadasantista\/wp-json\/wp\/v2\/pages"}],"about":[{"href":"https:\/\/www.unisantos.br\/anecbaixadasantista\/wp-json\/wp\/v2\/types\/page"}],"author":[{"embeddable":true,"href":"https:\/\/www.unisantos.br\/anecbaixadasantista\/wp-json\/wp\/v2\/users\/1"}],"replies":[{"embeddable":true,"href":"https:\/\/www.unisantos.br\/anecbaixadasantista\/wp-json\/wp\/v2\/comments?post=810"}],"version-history":[{"count":1,"href":"https:\/\/www.unisantos.br\/anecbaixadasantista\/wp-json\/wp\/v2\/pages\/810\/revisions"}],"predecessor-version":[{"id":811,"href":"https:\/\/www.unisantos.br\/anecbaixadasantista\/wp-json\/wp\/v2\/pages\/810\/revisions\/811"}],"wp:attachment":[{"href":"https:\/\/www.unisantos.br\/anecbaixadasantista\/wp-json\/wp\/v2\/media?parent=810"}],"curies":[{"name":"wp","href":"https:\/\/api.w.org\/{rel}","templated":true}]}}