{"id":803,"date":"2019-04-05T11:08:42","date_gmt":"2019-04-05T14:08:42","guid":{"rendered":"https:\/\/www.unisantos.br\/anecbaixadasantista\/?page_id=803"},"modified":"2019-04-05T11:08:42","modified_gmt":"2019-04-05T14:08:42","slug":"programa-dialogo-permanente-entre-fe-e-cultura","status":"publish","type":"page","link":"https:\/\/www.unisantos.br\/anecbaixadasantista\/programa-dialogo-permanente-entre-fe-e-cultura\/","title":{"rendered":"Programa Di\u00e1logo Permanente entre F\u00e9 e Cultura"},"content":{"rendered":"<p>Buscar a supera\u00e7\u00e3o da dicotomia entre f\u00e9 e raz\u00e3o, da vis\u00e3o fragmentada do mundo do saber, da realidade e da pessoa humana. A busca da valoriza\u00e7\u00e3o da dimens\u00e3o religiosa da pessoa humana e sua experi\u00eancia e abertura ao transcendente levam \u00e0 necessidade de um di\u00e1logo permanente. Durante os semestres letivos, a Pr\u00f3-Reitoria de Pastoral promovem encontros abertos com pessoas de express\u00e3o no campo religioso e cient\u00edfico.<\/p>\n<p><strong>Pr\u00f3-Reitor de Pastoral<\/strong><br \/>\nProf. Me. Pe. Cl\u00e1udio Scherer<\/p>\n","protected":false},"excerpt":{"rendered":"<p>Buscar a supera\u00e7\u00e3o da dicotomia entre f\u00e9 e raz\u00e3o, da vis\u00e3o fragmentada do mundo do saber, da realidade e da [&hellip;]<\/p>\n","protected":false},"author":1,"featured_media":0,"parent":0,"menu_order":0,"comment_status":"closed","ping_status":"closed","template":"programa-dialogo-permanente-entre-fe-e-cultura.php","meta":{"footnotes":""},"_links":{"self":[{"href":"https:\/\/www.unisantos.br\/anecbaixadasantista\/wp-json\/wp\/v2\/pages\/803"}],"collection":[{"href":"https:\/\/www.unisantos.br\/anecbaixadasantista\/wp-json\/wp\/v2\/pages"}],"about":[{"href":"https:\/\/www.unisantos.br\/anecbaixadasantista\/wp-json\/wp\/v2\/types\/page"}],"author":[{"embeddable":true,"href":"https:\/\/www.unisantos.br\/anecbaixadasantista\/wp-json\/wp\/v2\/users\/1"}],"replies":[{"embeddable":true,"href":"https:\/\/www.unisantos.br\/anecbaixadasantista\/wp-json\/wp\/v2\/comments?post=803"}],"version-history":[{"count":1,"href":"https:\/\/www.unisantos.br\/anecbaixadasantista\/wp-json\/wp\/v2\/pages\/803\/revisions"}],"predecessor-version":[{"id":804,"href":"https:\/\/www.unisantos.br\/anecbaixadasantista\/wp-json\/wp\/v2\/pages\/803\/revisions\/804"}],"wp:attachment":[{"href":"https:\/\/www.unisantos.br\/anecbaixadasantista\/wp-json\/wp\/v2\/media?parent=803"}],"curies":[{"name":"wp","href":"https:\/\/api.w.org\/{rel}","templated":true}]}}