{"id":801,"date":"2019-04-05T11:07:28","date_gmt":"2019-04-05T14:07:28","guid":{"rendered":"https:\/\/www.unisantos.br\/anecbaixadasantista\/?page_id=801"},"modified":"2019-04-05T11:07:28","modified_gmt":"2019-04-05T14:07:28","slug":"programa-de-conscientizacao-ambiental","status":"publish","type":"page","link":"https:\/\/www.unisantos.br\/anecbaixadasantista\/programa-de-conscientizacao-ambiental\/","title":{"rendered":"Programa de Conscientiza\u00e7\u00e3o Ambiental"},"content":{"rendered":"<p>O Programa de Conscientiza\u00e7\u00e3o Ambiental, coordenado pelo Instituto de Pesquisas Cient\u00edficas e Tecnol\u00f3gicas (Ipeci), \u00f3rg\u00e3o gestor da Pesquisa na Cat\u00f3lica de Santos, prop\u00f5e um exerc\u00edcio constante de interlocu\u00e7\u00e3o sobre os 17 Objetivos de Desenvolvimento Sustent\u00e1vel mencionados na Agenda 2030 da Organiza\u00e7\u00e3o das Na\u00e7\u00f5es Unidas, cuja meta \u00e9 proporcionar melhor qualidade de vida a todos, de modo sustent\u00e1vel.<\/p>\n<p>As a\u00e7\u00f5es desenvolvidas no Programa objetivam a reflex\u00e3o sobre o grande desafio da sociedade &#8211; \u201cpromover o desenvolvimento sustent\u00e1vel de maneira que n\u00e3o se comprometam os recursos naturais existentes para as gera\u00e7\u00f5es futuras\u201d. Espera-se que tal entendimento conduza a uma adequada utiliza\u00e7\u00e3o dos recursos h\u00eddricos, uma matriz energ\u00e9tica limpa e renov\u00e1vel, e a preserva\u00e7\u00e3o da biodiversidade, resultando assim, no longo prazo, em melhor qualidade de vida para todos, por meio do envolvimento e participa\u00e7\u00e3o social na prote\u00e7\u00e3o e conserva\u00e7\u00e3o ambientais.<\/p>\n<p><strong>Coordena\u00e7\u00e3o<\/strong><br \/>\nProf\u00aa. Dr\u00aa. Adriana Florentino de Souza<br \/>\nDiretora do Instituto de Pesquisas Cient\u00edficas e Tecnol\u00f3gicas (Ipeci)<\/p>\n","protected":false},"excerpt":{"rendered":"<p>O Programa de Conscientiza\u00e7\u00e3o Ambiental, coordenado pelo Instituto de Pesquisas Cient\u00edficas e Tecnol\u00f3gicas (Ipeci), \u00f3rg\u00e3o gestor da Pesquisa na Cat\u00f3lica [&hellip;]<\/p>\n","protected":false},"author":1,"featured_media":0,"parent":0,"menu_order":0,"comment_status":"closed","ping_status":"closed","template":"programa-de-conscientizacao-ambiental.php","meta":{"footnotes":""},"_links":{"self":[{"href":"https:\/\/www.unisantos.br\/anecbaixadasantista\/wp-json\/wp\/v2\/pages\/801"}],"collection":[{"href":"https:\/\/www.unisantos.br\/anecbaixadasantista\/wp-json\/wp\/v2\/pages"}],"about":[{"href":"https:\/\/www.unisantos.br\/anecbaixadasantista\/wp-json\/wp\/v2\/types\/page"}],"author":[{"embeddable":true,"href":"https:\/\/www.unisantos.br\/anecbaixadasantista\/wp-json\/wp\/v2\/users\/1"}],"replies":[{"embeddable":true,"href":"https:\/\/www.unisantos.br\/anecbaixadasantista\/wp-json\/wp\/v2\/comments?post=801"}],"version-history":[{"count":1,"href":"https:\/\/www.unisantos.br\/anecbaixadasantista\/wp-json\/wp\/v2\/pages\/801\/revisions"}],"predecessor-version":[{"id":802,"href":"https:\/\/www.unisantos.br\/anecbaixadasantista\/wp-json\/wp\/v2\/pages\/801\/revisions\/802"}],"wp:attachment":[{"href":"https:\/\/www.unisantos.br\/anecbaixadasantista\/wp-json\/wp\/v2\/media?parent=801"}],"curies":[{"name":"wp","href":"https:\/\/api.w.org\/{rel}","templated":true}]}}