{"id":793,"date":"2019-04-05T10:16:31","date_gmt":"2019-04-05T13:16:31","guid":{"rendered":"https:\/\/www.unisantos.br\/anecbaixadasantista\/?page_id=793"},"modified":"2021-09-15T12:43:18","modified_gmt":"2021-09-15T15:43:18","slug":"programa-campanha-da-fraternidade","status":"publish","type":"page","link":"https:\/\/www.unisantos.br\/anecbaixadasantista\/programa-campanha-da-fraternidade\/","title":{"rendered":"Programa Campanha da Fraternidade"},"content":{"rendered":"<p>Comunh\u00e3o na busca de construir uma verdadeira fraternidade; convers\u00e3o na tentativa de deixar-se transformar pela vida fecundada pelo Evangelho; partilha como visibiliza\u00e7\u00e3o do Reino de Deus que recorda a a\u00e7\u00e3o da f\u00e9, o esfor\u00e7o do amor, a const\u00e2ncia na esperan\u00e7a em Cristo Jesus (Cf. 1Ts 1,3).<\/p>\n<p>Saiba mais sobre a <strong><a href=\"https:\/\/campanhas.cnbb.org.br\/campanha-da-fraternidade\" target=\"_blank\" rel=\"noopener\">Campanha da Fraternidade<\/a><\/strong>.<\/p>\n<p><strong>Coordena\u00e7\u00e3o<\/strong><\/p>\n<p>Prof\u00aa. Me. Isabela Wippich Jorge Nocetti (Curso de Publicidade e Propaganda)<br \/>\nProf\u00aa. Me. Lilian Matheus Marques (Curso de Rela\u00e7\u00f5es P\u00fablicas)<br \/>\nProf. Me. Paulo Roberto B\u00f6rnsen Vibiam (Cursos de Jornalismo e Rela\u00e7\u00f5es P\u00fablicas)<\/p>\n","protected":false},"excerpt":{"rendered":"<p>Comunh\u00e3o na busca de construir uma verdadeira fraternidade; convers\u00e3o na tentativa de deixar-se transformar pela vida fecundada pelo Evangelho; partilha [&hellip;]<\/p>\n","protected":false},"author":1,"featured_media":0,"parent":0,"menu_order":0,"comment_status":"closed","ping_status":"closed","template":"programa-campanha-da-fraternidade.php","meta":{"footnotes":""},"_links":{"self":[{"href":"https:\/\/www.unisantos.br\/anecbaixadasantista\/wp-json\/wp\/v2\/pages\/793"}],"collection":[{"href":"https:\/\/www.unisantos.br\/anecbaixadasantista\/wp-json\/wp\/v2\/pages"}],"about":[{"href":"https:\/\/www.unisantos.br\/anecbaixadasantista\/wp-json\/wp\/v2\/types\/page"}],"author":[{"embeddable":true,"href":"https:\/\/www.unisantos.br\/anecbaixadasantista\/wp-json\/wp\/v2\/users\/1"}],"replies":[{"embeddable":true,"href":"https:\/\/www.unisantos.br\/anecbaixadasantista\/wp-json\/wp\/v2\/comments?post=793"}],"version-history":[{"count":9,"href":"https:\/\/www.unisantos.br\/anecbaixadasantista\/wp-json\/wp\/v2\/pages\/793\/revisions"}],"predecessor-version":[{"id":3092,"href":"https:\/\/www.unisantos.br\/anecbaixadasantista\/wp-json\/wp\/v2\/pages\/793\/revisions\/3092"}],"wp:attachment":[{"href":"https:\/\/www.unisantos.br\/anecbaixadasantista\/wp-json\/wp\/v2\/media?parent=793"}],"curies":[{"name":"wp","href":"https:\/\/api.w.org\/{rel}","templated":true}]}}