{"id":79,"date":"2019-04-04T11:35:00","date_gmt":"2019-04-04T14:35:00","guid":{"rendered":"https:\/\/www.unisantos.br\/anecbaixadasantista\/?page_id=79"},"modified":"2019-06-11T10:12:14","modified_gmt":"2019-06-11T13:12:14","slug":"pastoral-do-colegio-sao-jose","status":"publish","type":"page","link":"https:\/\/www.unisantos.br\/anecbaixadasantista\/pastoral-do-colegio-sao-jose\/","title":{"rendered":"Pastoral do Col\u00e9gio S\u00e3o Jos\u00e9"},"content":{"rendered":"<h2>Missa da Fam\u00edlia<\/h2>\n<h3>25\/02\/2018<\/h3>\n<p><a class=\"botao-menor\" href=\"missa-da-familia\">GALERIA<\/a><\/p>\n<h2>Dia de S\u00e3o Jos\u00e9<\/h2>\n<h3>19\/03\/2018<\/h3>\n<p><a class=\"botao-menor\" href=\"dia-de-sao-jose\">GALERIA<\/a><\/p>\n<h2>Missa de Domingo de Ramos<\/h2>\n<h3>25\/03\/2018<\/h3>\n<p><a class=\"botao-menor\" href=\"missa-de-domingo-de-ramos\">GALERIA<\/a><\/p>\n<h2>Celebra\u00e7\u00e3o de P\u00e1scoa<\/h2>\n<h3>27\/03\/2018<\/h3>\n<p><a class=\"botao-menor\" href=\"celebracao-de-pascoa\">GALERIA<\/a><\/p>\n<h2>Visita do 4\u00ba ano a Nossa Senhora do Monte Serrat<\/h2>\n<h3>5\/09\/2018<\/h3>\n<p><a class=\"botao-menor\" href=\"visita-do-4o-ano-a-nossa-senhora-do-monte-serrat\">GALERIA<\/a><\/p>\n<h2>Encerramento do M\u00eas de Maria<\/h2>\n<h3>30\/05\/2019<\/h3>\n<p><a class=\"botao-menor\" href=\"https:\/\/www.unisantos.br\/anecbaixadasantista\/pastoral-do-colegio-sao-jose\/encerramento-do-mes-de-maria-colegio-sao-sao-jose-30-05\/\">GALERIA<\/a><\/p>\n","protected":false},"excerpt":{"rendered":"<p>Missa da Fam\u00edlia 25\/02\/2018 GALERIA Dia de S\u00e3o Jos\u00e9 19\/03\/2018 GALERIA Missa de Domingo de Ramos 25\/03\/2018 GALERIA Celebra\u00e7\u00e3o de [&hellip;]<\/p>\n","protected":false},"author":1,"featured_media":0,"parent":0,"menu_order":0,"comment_status":"closed","ping_status":"closed","template":"","meta":{"footnotes":""},"_links":{"self":[{"href":"https:\/\/www.unisantos.br\/anecbaixadasantista\/wp-json\/wp\/v2\/pages\/79"}],"collection":[{"href":"https:\/\/www.unisantos.br\/anecbaixadasantista\/wp-json\/wp\/v2\/pages"}],"about":[{"href":"https:\/\/www.unisantos.br\/anecbaixadasantista\/wp-json\/wp\/v2\/types\/page"}],"author":[{"embeddable":true,"href":"https:\/\/www.unisantos.br\/anecbaixadasantista\/wp-json\/wp\/v2\/users\/1"}],"replies":[{"embeddable":true,"href":"https:\/\/www.unisantos.br\/anecbaixadasantista\/wp-json\/wp\/v2\/comments?post=79"}],"version-history":[{"count":7,"href":"https:\/\/www.unisantos.br\/anecbaixadasantista\/wp-json\/wp\/v2\/pages\/79\/revisions"}],"predecessor-version":[{"id":2143,"href":"https:\/\/www.unisantos.br\/anecbaixadasantista\/wp-json\/wp\/v2\/pages\/79\/revisions\/2143"}],"wp:attachment":[{"href":"https:\/\/www.unisantos.br\/anecbaixadasantista\/wp-json\/wp\/v2\/media?parent=79"}],"curies":[{"name":"wp","href":"https:\/\/api.w.org\/{rel}","templated":true}]}}