{"id":66,"date":"2019-04-04T11:32:04","date_gmt":"2019-04-04T14:32:04","guid":{"rendered":"https:\/\/www.unisantos.br\/anecbaixadasantista\/?page_id=66"},"modified":"2019-06-11T10:09:08","modified_gmt":"2019-06-11T13:09:08","slug":"pastoral-do-colegio-liceu-santista","status":"publish","type":"page","link":"https:\/\/www.unisantos.br\/anecbaixadasantista\/pastoral-do-colegio-liceu-santista\/","title":{"rendered":"Pastoral do Col\u00e9gio Liceu Santista"},"content":{"rendered":"<h2>Celebra\u00e7\u00e3o Pascal no Col\u00e9gio Liceu Santista<\/h2>\n<h3>24\/03\/2018<\/h3>\n<p><a class=\"botao-menor\" href=\"celebracao-pascal-no-colegio-liceu-santista\">GALERIA<\/a><\/p>\n<h2>Acolhida aos novos alunos<\/h2>\n<h3>01\/2019<\/h3>\n<p><a class=\"botao-menor\" href=\"https:\/\/www.unisantos.br\/anecbaixadasantista\/pastoral-do-colegio-liceu-santista\/acolhida-aos-novos-alunos\/\">GALERIA<\/a><\/p>\n<h2>Professores das escolas cat\u00f3licas da Baixada no encontro sobre a CF 2019<\/h2>\n<h3>2\/02\/2019<\/h3>\n<p><a class=\"botao-menor\" href=\"https:\/\/www.unisantos.br\/anecbaixadasantista\/pastoral-do-colegio-liceu-santista\/professores-das-escolas-catolicas-da-baixada-no-encontro-sobre-a-cf-2019\/\">GALERIA<\/a><\/p>\n<h2>Missas em A\u00e7\u00e3o de Gra\u00e7as com alunos do Fund 2 e M\u00e9dio<\/h2>\n<h3>03\/2019<\/h3>\n<p><a class=\"botao-menor\" href=\"https:\/\/www.unisantos.br\/anecbaixadasantista\/missas-em-acao-de-gracas-com-alunos-do-fund-2-e-medio\/\">GALERIA<\/a><\/p>\n<h2>Projeto Vamos Tricotar<\/h2>\n<h3>8\/03\/2019<\/h3>\n<p><a class=\"botao-menor\" href=\"https:\/\/www.unisantos.br\/anecbaixadasantista\/projeto-vamos-tricotar\/\">GALERIA<\/a><\/p>\n<h2>Celebra\u00e7\u00e3o Pascal \u2013 13\/4<\/h2>\n<h3>13\/04\/2019<\/h3>\n<p><a class=\"botao-menor\" href=\"https:\/\/www.unisantos.br\/anecbaixadasantista\/pastoral-do-colegio-liceu-santista\/celebracao-pascal-liceu-santista-13-4\/\">GALERIA<\/a><\/p>\n<h2>Cora\u00e7\u00e3o de Maria<\/h2>\n<h3>26\/05\/2019<\/h3>\n<p><a class=\"botao-menor\" href=\"https:\/\/www.unisantos.br\/anecbaixadasantista\/pastoral-do-colegio-liceu-santista\/coracao-de-maria-liceu-santista-26-05\/\">GALERIA<\/a><\/p>\n","protected":false},"excerpt":{"rendered":"<p>Celebra\u00e7\u00e3o Pascal no Col\u00e9gio Liceu Santista 24\/03\/2018 GALERIA Acolhida aos novos alunos 01\/2019 GALERIA Professores das escolas cat\u00f3licas da Baixada [&hellip;]<\/p>\n","protected":false},"author":1,"featured_media":0,"parent":0,"menu_order":0,"comment_status":"closed","ping_status":"closed","template":"","meta":{"footnotes":""},"_links":{"self":[{"href":"https:\/\/www.unisantos.br\/anecbaixadasantista\/wp-json\/wp\/v2\/pages\/66"}],"collection":[{"href":"https:\/\/www.unisantos.br\/anecbaixadasantista\/wp-json\/wp\/v2\/pages"}],"about":[{"href":"https:\/\/www.unisantos.br\/anecbaixadasantista\/wp-json\/wp\/v2\/types\/page"}],"author":[{"embeddable":true,"href":"https:\/\/www.unisantos.br\/anecbaixadasantista\/wp-json\/wp\/v2\/users\/1"}],"replies":[{"embeddable":true,"href":"https:\/\/www.unisantos.br\/anecbaixadasantista\/wp-json\/wp\/v2\/comments?post=66"}],"version-history":[{"count":13,"href":"https:\/\/www.unisantos.br\/anecbaixadasantista\/wp-json\/wp\/v2\/pages\/66\/revisions"}],"predecessor-version":[{"id":2140,"href":"https:\/\/www.unisantos.br\/anecbaixadasantista\/wp-json\/wp\/v2\/pages\/66\/revisions\/2140"}],"wp:attachment":[{"href":"https:\/\/www.unisantos.br\/anecbaixadasantista\/wp-json\/wp\/v2\/media?parent=66"}],"curies":[{"name":"wp","href":"https:\/\/api.w.org\/{rel}","templated":true}]}}