{"id":430,"date":"2019-04-04T16:20:58","date_gmt":"2019-04-04T19:20:58","guid":{"rendered":"https:\/\/www.unisantos.br\/anecbaixadasantista\/?page_id=430"},"modified":"2019-04-04T16:20:58","modified_gmt":"2019-04-04T19:20:58","slug":"13-de-maio-colegio-coracao-de-maria","status":"publish","type":"page","link":"https:\/\/www.unisantos.br\/anecbaixadasantista\/anec-jovem\/13-de-maio-colegio-coracao-de-maria\/","title":{"rendered":"13 de maio \u2013 Col\u00e9gio Cora\u00e7\u00e3o de Maria"},"content":{"rendered":"<div id=\"foogallery-gallery-431\" class=\"foogallery-container foogallery-default foogallery-link-custom foogallery-lightbox-dfactory spacing-width-10  hover-effect-none border-style-square-white alignment-left hover-caption-simple foogallery-default-loading\">\r\n\t<a  href=\"https:\/\/www.unisantos.br\/anecbaixadasantista\/wp-content\/uploads\/sites\/13\/2019\/04\/1-14.jpeg\" data-attachment-id=\"433\" data-rel=\"lightbox\" class=\"\"><img loading=\"lazy\" decoding=\"async\"  src=\"https:\/\/www.unisantos.br\/anecbaixadasantista\/wp-content\/uploads\/sites\/13\/cache\/2019\/04\/1-14\/1242667204.jpeg\" width=\"50\" height=\"50\" \/><\/a><a  href=\"https:\/\/www.unisantos.br\/anecbaixadasantista\/wp-content\/uploads\/sites\/13\/2019\/04\/2-14.jpeg\" data-attachment-id=\"434\" data-rel=\"lightbox\" class=\"\"><img loading=\"lazy\" decoding=\"async\"  src=\"https:\/\/www.unisantos.br\/anecbaixadasantista\/wp-content\/uploads\/sites\/13\/cache\/2019\/04\/2-14\/709652987.jpeg\" width=\"50\" height=\"50\" \/><\/a><a  href=\"https:\/\/www.unisantos.br\/anecbaixadasantista\/wp-content\/uploads\/sites\/13\/2019\/04\/3-13.jpeg\" data-attachment-id=\"435\" data-rel=\"lightbox\" class=\"\"><img loading=\"lazy\" decoding=\"async\"  src=\"https:\/\/www.unisantos.br\/anecbaixadasantista\/wp-content\/uploads\/sites\/13\/cache\/2019\/04\/3-13\/1482616050.jpeg\" width=\"50\" height=\"50\" \/><\/a><a  href=\"https:\/\/www.unisantos.br\/anecbaixadasantista\/wp-content\/uploads\/sites\/13\/2019\/04\/4-12.jpeg\" data-attachment-id=\"436\" data-rel=\"lightbox\" class=\"\"><img loading=\"lazy\" decoding=\"async\"  src=\"https:\/\/www.unisantos.br\/anecbaixadasantista\/wp-content\/uploads\/sites\/13\/cache\/2019\/04\/4-12\/1991758478.jpeg\" width=\"50\" height=\"50\" \/><\/a><a  href=\"https:\/\/www.unisantos.br\/anecbaixadasantista\/wp-content\/uploads\/sites\/13\/2019\/04\/5-11.jpeg\" data-attachment-id=\"437\" data-rel=\"lightbox\" class=\"\"><img loading=\"lazy\" decoding=\"async\"  src=\"https:\/\/www.unisantos.br\/anecbaixadasantista\/wp-content\/uploads\/sites\/13\/cache\/2019\/04\/5-11\/1497964171.jpeg\" width=\"50\" height=\"50\" \/><\/a><a  href=\"https:\/\/www.youtube.com\/watch?v=_1Fhxt-Aido\" data-attachment-id=\"438\" data-rel=\"lightbox\" class=\"\"><img loading=\"lazy\" decoding=\"async\"  src=\"https:\/\/www.unisantos.br\/anecbaixadasantista\/wp-content\/uploads\/sites\/13\/cache\/2019\/04\/6\/570890160.jpg\" width=\"50\" height=\"50\" \/><\/a><\/div>\r\n\n","protected":false},"excerpt":{"rendered":"","protected":false},"author":1,"featured_media":0,"parent":230,"menu_order":0,"comment_status":"closed","ping_status":"closed","template":"","meta":{"footnotes":""},"_links":{"self":[{"href":"https:\/\/www.unisantos.br\/anecbaixadasantista\/wp-json\/wp\/v2\/pages\/430"}],"collection":[{"href":"https:\/\/www.unisantos.br\/anecbaixadasantista\/wp-json\/wp\/v2\/pages"}],"about":[{"href":"https:\/\/www.unisantos.br\/anecbaixadasantista\/wp-json\/wp\/v2\/types\/page"}],"author":[{"embeddable":true,"href":"https:\/\/www.unisantos.br\/anecbaixadasantista\/wp-json\/wp\/v2\/users\/1"}],"replies":[{"embeddable":true,"href":"https:\/\/www.unisantos.br\/anecbaixadasantista\/wp-json\/wp\/v2\/comments?post=430"}],"version-history":[{"count":1,"href":"https:\/\/www.unisantos.br\/anecbaixadasantista\/wp-json\/wp\/v2\/pages\/430\/revisions"}],"predecessor-version":[{"id":432,"href":"https:\/\/www.unisantos.br\/anecbaixadasantista\/wp-json\/wp\/v2\/pages\/430\/revisions\/432"}],"up":[{"embeddable":true,"href":"https:\/\/www.unisantos.br\/anecbaixadasantista\/wp-json\/wp\/v2\/pages\/230"}],"wp:attachment":[{"href":"https:\/\/www.unisantos.br\/anecbaixadasantista\/wp-json\/wp\/v2\/media?parent=430"}],"curies":[{"name":"wp","href":"https:\/\/api.w.org\/{rel}","templated":true}]}}