{"id":3666,"date":"2024-04-22T17:14:57","date_gmt":"2024-04-22T20:14:57","guid":{"rendered":"https:\/\/www.unisantos.br\/anecbaixadasantista\/?page_id=3666"},"modified":"2024-04-22T17:14:57","modified_gmt":"2024-04-22T20:14:57","slug":"socializacao-das-praticas","status":"publish","type":"page","link":"https:\/\/www.unisantos.br\/anecbaixadasantista\/socializacao-das-praticas\/","title":{"rendered":"Socializa\u00e7\u00e3o das Pr\u00e1ticas"},"content":{"rendered":"<div id=\"foogallery-gallery-3654\" class=\"foogallery-container foogallery-default foogallery-link-custom foogallery-lightbox-dfactory spacing-width-10  hover-effect-none border-style-square-white alignment-left hover-caption-simple foogallery-default-loading\">\r\n\t<a  href=\"http:\/\/www.unisantos.br\/anecbaixadasantista\/wp-content\/uploads\/sites\/13\/2024\/04\/WhatsApp-Image-2024-04-19-at-12.51.08.jpeg\" data-attachment-id=\"3655\" data-rel=\"lightbox\" class=\"\"><img loading=\"lazy\" decoding=\"async\"  src=\"http:\/\/www.unisantos.br\/anecbaixadasantista\/wp-content\/uploads\/sites\/13\/cache\/2024\/04\/WhatsApp-Image-2024-04-19-at-12_51_08\/1337558227.jpeg\" width=\"50\" height=\"50\" \/><\/a><a  href=\"http:\/\/www.unisantos.br\/anecbaixadasantista\/wp-content\/uploads\/sites\/13\/2024\/04\/WhatsApp-Image-2024-04-19-at-12.51.07.jpeg\" data-attachment-id=\"3656\" data-rel=\"lightbox\" class=\"\"><img loading=\"lazy\" decoding=\"async\"  src=\"http:\/\/www.unisantos.br\/anecbaixadasantista\/wp-content\/uploads\/sites\/13\/cache\/2024\/04\/WhatsApp-Image-2024-04-19-at-12_51_07\/4168124230.jpeg\" width=\"50\" height=\"50\" \/><\/a><a  href=\"http:\/\/www.unisantos.br\/anecbaixadasantista\/wp-content\/uploads\/sites\/13\/2024\/04\/WhatsApp-Image-2024-04-19-at-12.51.06.jpeg\" data-attachment-id=\"3657\" data-rel=\"lightbox\" class=\"\"><img loading=\"lazy\" decoding=\"async\"  src=\"http:\/\/www.unisantos.br\/anecbaixadasantista\/wp-content\/uploads\/sites\/13\/cache\/2024\/04\/WhatsApp-Image-2024-04-19-at-12_51_06\/3369850681.jpeg\" width=\"50\" height=\"50\" \/><\/a><a  href=\"http:\/\/www.unisantos.br\/anecbaixadasantista\/wp-content\/uploads\/sites\/13\/2024\/04\/WhatsApp-Image-2024-04-19-at-12.51.03.jpeg\" data-attachment-id=\"3658\" data-rel=\"lightbox\" class=\"\"><img loading=\"lazy\" decoding=\"async\"  src=\"http:\/\/www.unisantos.br\/anecbaixadasantista\/wp-content\/uploads\/sites\/13\/cache\/2024\/04\/WhatsApp-Image-2024-04-19-at-12_51_03\/2425252195.jpeg\" width=\"50\" height=\"50\" \/><\/a><a  href=\"http:\/\/www.unisantos.br\/anecbaixadasantista\/wp-content\/uploads\/sites\/13\/2024\/04\/WhatsApp-Image-2024-04-19-at-12.51.02.jpeg\" data-attachment-id=\"3659\" data-rel=\"lightbox\" class=\"\"><img loading=\"lazy\" decoding=\"async\"  src=\"http:\/\/www.unisantos.br\/anecbaixadasantista\/wp-content\/uploads\/sites\/13\/cache\/2024\/04\/WhatsApp-Image-2024-04-19-at-12_51_02\/2686794012.jpeg\" width=\"50\" height=\"50\" \/><\/a><a  href=\"http:\/\/www.unisantos.br\/anecbaixadasantista\/wp-content\/uploads\/sites\/13\/2024\/04\/WhatsApp-Image-2024-04-19-at-12.51.22.jpeg\" data-attachment-id=\"3660\" data-rel=\"lightbox\" class=\"\"><img loading=\"lazy\" decoding=\"async\"  src=\"http:\/\/www.unisantos.br\/anecbaixadasantista\/wp-content\/uploads\/sites\/13\/cache\/2024\/04\/WhatsApp-Image-2024-04-19-at-12_51_22\/388661241.jpeg\" width=\"50\" height=\"50\" \/><\/a><a  href=\"http:\/\/www.unisantos.br\/anecbaixadasantista\/wp-content\/uploads\/sites\/13\/2024\/04\/WhatsApp-Image-2024-04-19-at-12.51.19.jpeg\" data-attachment-id=\"3661\" data-rel=\"lightbox\" class=\"\"><img loading=\"lazy\" decoding=\"async\"  src=\"http:\/\/www.unisantos.br\/anecbaixadasantista\/wp-content\/uploads\/sites\/13\/cache\/2024\/04\/WhatsApp-Image-2024-04-19-at-12_51_19\/1503141403.jpeg\" width=\"50\" height=\"50\" \/><\/a><a  href=\"http:\/\/www.unisantos.br\/anecbaixadasantista\/wp-content\/uploads\/sites\/13\/2024\/04\/WhatsApp-Image-2024-04-19-at-12.51.17.jpeg\" data-attachment-id=\"3662\" data-rel=\"lightbox\" class=\"\"><img loading=\"lazy\" decoding=\"async\"  src=\"http:\/\/www.unisantos.br\/anecbaixadasantista\/wp-content\/uploads\/sites\/13\/cache\/2024\/04\/WhatsApp-Image-2024-04-19-at-12_51_17\/4180281805.jpeg\" width=\"50\" height=\"50\" \/><\/a><a  href=\"http:\/\/www.unisantos.br\/anecbaixadasantista\/wp-content\/uploads\/sites\/13\/2024\/04\/WhatsApp-Image-2024-04-19-at-12.51.13.jpeg\" data-attachment-id=\"3663\" data-rel=\"lightbox\" class=\"\"><img loading=\"lazy\" decoding=\"async\"  src=\"http:\/\/www.unisantos.br\/anecbaixadasantista\/wp-content\/uploads\/sites\/13\/cache\/2024\/04\/WhatsApp-Image-2024-04-19-at-12_51_13\/2199264509.jpeg\" width=\"50\" height=\"50\" \/><\/a><a  href=\"http:\/\/www.unisantos.br\/anecbaixadasantista\/wp-content\/uploads\/sites\/13\/2024\/04\/WhatsApp-Image-2024-04-19-at-12.51.12.jpeg\" data-attachment-id=\"3664\" data-rel=\"lightbox\" class=\"\"><img loading=\"lazy\" decoding=\"async\"  src=\"http:\/\/www.unisantos.br\/anecbaixadasantista\/wp-content\/uploads\/sites\/13\/cache\/2024\/04\/WhatsApp-Image-2024-04-19-at-12_51_12\/1667027978.jpeg\" width=\"50\" height=\"50\" \/><\/a><a  href=\"http:\/\/www.unisantos.br\/anecbaixadasantista\/wp-content\/uploads\/sites\/13\/2024\/04\/WhatsApp-Image-2024-04-19-at-12.51.11.jpeg\" data-attachment-id=\"3665\" data-rel=\"lightbox\" class=\"\"><img loading=\"lazy\" decoding=\"async\"  src=\"http:\/\/www.unisantos.br\/anecbaixadasantista\/wp-content\/uploads\/sites\/13\/cache\/2024\/04\/WhatsApp-Image-2024-04-19-at-12_51_11\/2097261811.jpeg\" width=\"50\" height=\"50\" \/><\/a><\/div>\r\n\n","protected":false},"excerpt":{"rendered":"","protected":false},"author":1,"featured_media":0,"parent":0,"menu_order":0,"comment_status":"closed","ping_status":"closed","template":"","meta":{"footnotes":""},"_links":{"self":[{"href":"https:\/\/www.unisantos.br\/anecbaixadasantista\/wp-json\/wp\/v2\/pages\/3666"}],"collection":[{"href":"https:\/\/www.unisantos.br\/anecbaixadasantista\/wp-json\/wp\/v2\/pages"}],"about":[{"href":"https:\/\/www.unisantos.br\/anecbaixadasantista\/wp-json\/wp\/v2\/types\/page"}],"author":[{"embeddable":true,"href":"https:\/\/www.unisantos.br\/anecbaixadasantista\/wp-json\/wp\/v2\/users\/1"}],"replies":[{"embeddable":true,"href":"https:\/\/www.unisantos.br\/anecbaixadasantista\/wp-json\/wp\/v2\/comments?post=3666"}],"version-history":[{"count":1,"href":"https:\/\/www.unisantos.br\/anecbaixadasantista\/wp-json\/wp\/v2\/pages\/3666\/revisions"}],"predecessor-version":[{"id":3676,"href":"https:\/\/www.unisantos.br\/anecbaixadasantista\/wp-json\/wp\/v2\/pages\/3666\/revisions\/3676"}],"wp:attachment":[{"href":"https:\/\/www.unisantos.br\/anecbaixadasantista\/wp-json\/wp\/v2\/media?parent=3666"}],"curies":[{"name":"wp","href":"https:\/\/api.w.org\/{rel}","templated":true}]}}