{"id":3651,"date":"2024-04-22T17:25:31","date_gmt":"2024-04-22T20:25:31","guid":{"rendered":"https:\/\/www.unisantos.br\/anecbaixadasantista\/?page_id=3651"},"modified":"2024-04-22T17:25:31","modified_gmt":"2024-04-22T20:25:31","slug":"colegio-sao-jose-missa-pelo-centenario","status":"publish","type":"page","link":"https:\/\/www.unisantos.br\/anecbaixadasantista\/colegio-sao-jose-missa-pelo-centenario\/","title":{"rendered":"Col\u00e9gio S\u00e3o Jos\u00e9: Missa pelo Centen\u00e1rio"},"content":{"rendered":"<div id=\"foogallery-gallery-3642\" class=\"foogallery-container foogallery-default foogallery-link-custom foogallery-lightbox-dfactory spacing-width-10  hover-effect-none border-style-square-white alignment-left hover-caption-simple foogallery-default-loading\">\r\n\t<a  href=\"http:\/\/www.unisantos.br\/anecbaixadasantista\/wp-content\/uploads\/sites\/13\/2024\/04\/WhatsApp-Image-2024-04-12-at-16.19.57.jpeg\" data-attachment-id=\"3643\" data-rel=\"lightbox\" class=\"\"><img loading=\"lazy\" decoding=\"async\"  src=\"http:\/\/www.unisantos.br\/anecbaixadasantista\/wp-content\/uploads\/sites\/13\/cache\/2024\/04\/WhatsApp-Image-2024-04-12-at-16_19_57\/1142495892.jpeg\" width=\"50\" height=\"50\" \/><\/a><a  href=\"http:\/\/www.unisantos.br\/anecbaixadasantista\/wp-content\/uploads\/sites\/13\/2024\/04\/WhatsApp-Image-2024-04-12-at-16.19.55.jpeg\" data-attachment-id=\"3644\" data-rel=\"lightbox\" class=\"\"><img loading=\"lazy\" decoding=\"async\"  src=\"http:\/\/www.unisantos.br\/anecbaixadasantista\/wp-content\/uploads\/sites\/13\/cache\/2024\/04\/WhatsApp-Image-2024-04-12-at-16_19_55\/2648632998.jpeg\" width=\"50\" height=\"50\" \/><\/a><a  href=\"http:\/\/www.unisantos.br\/anecbaixadasantista\/wp-content\/uploads\/sites\/13\/2024\/04\/WhatsApp-Image-2024-04-12-at-16.19.54.jpeg\" data-attachment-id=\"3645\" data-rel=\"lightbox\" class=\"\"><img loading=\"lazy\" decoding=\"async\"  src=\"http:\/\/www.unisantos.br\/anecbaixadasantista\/wp-content\/uploads\/sites\/13\/cache\/2024\/04\/WhatsApp-Image-2024-04-12-at-16_19_54\/2910174937.jpeg\" width=\"50\" height=\"50\" \/><\/a><a  href=\"http:\/\/www.unisantos.br\/anecbaixadasantista\/wp-content\/uploads\/sites\/13\/2024\/04\/WhatsApp-Image-2024-04-12-at-16.19.52.jpeg\" data-attachment-id=\"3646\" data-rel=\"lightbox\" class=\"\"><img loading=\"lazy\" decoding=\"async\"  src=\"http:\/\/www.unisantos.br\/anecbaixadasantista\/wp-content\/uploads\/sites\/13\/cache\/2024\/04\/WhatsApp-Image-2024-04-12-at-16_19_52\/3055487767.jpeg\" width=\"50\" height=\"50\" \/><\/a><a  href=\"http:\/\/www.unisantos.br\/anecbaixadasantista\/wp-content\/uploads\/sites\/13\/2024\/04\/WhatsApp-Image-2024-04-12-at-16.19.51-1.jpeg\" data-attachment-id=\"3647\" data-rel=\"lightbox\" class=\"\"><img loading=\"lazy\" decoding=\"async\"  src=\"http:\/\/www.unisantos.br\/anecbaixadasantista\/wp-content\/uploads\/sites\/13\/cache\/2024\/04\/WhatsApp-Image-2024-04-12-at-16_19_51-1\/337070597.jpeg\" width=\"50\" height=\"50\" \/><\/a><a  href=\"http:\/\/www.unisantos.br\/anecbaixadasantista\/wp-content\/uploads\/sites\/13\/2024\/04\/WhatsApp-Image-2024-04-12-at-16.19.51.jpeg\" data-attachment-id=\"3648\" data-rel=\"lightbox\" class=\"\"><img loading=\"lazy\" decoding=\"async\"  src=\"http:\/\/www.unisantos.br\/anecbaixadasantista\/wp-content\/uploads\/sites\/13\/cache\/2024\/04\/WhatsApp-Image-2024-04-12-at-16_19_51\/3128985851.jpeg\" width=\"50\" height=\"50\" \/><\/a><a  href=\"http:\/\/www.unisantos.br\/anecbaixadasantista\/wp-content\/uploads\/sites\/13\/2024\/04\/WhatsApp-Image-2024-04-12-at-16.19.50-1.jpeg\" data-attachment-id=\"3649\" data-rel=\"lightbox\" class=\"\"><img loading=\"lazy\" decoding=\"async\"  src=\"http:\/\/www.unisantos.br\/anecbaixadasantista\/wp-content\/uploads\/sites\/13\/cache\/2024\/04\/WhatsApp-Image-2024-04-12-at-16_19_50-1\/3389100321.jpeg\" width=\"50\" height=\"50\" \/><\/a><a  href=\"http:\/\/www.unisantos.br\/anecbaixadasantista\/wp-content\/uploads\/sites\/13\/2024\/04\/WhatsApp-Image-2024-04-12-at-16.19.50.jpeg\" data-attachment-id=\"3650\" data-rel=\"lightbox\" class=\"\"><img loading=\"lazy\" decoding=\"async\"  src=\"http:\/\/www.unisantos.br\/anecbaixadasantista\/wp-content\/uploads\/sites\/13\/cache\/2024\/04\/WhatsApp-Image-2024-04-12-at-16_19_50\/1732253658.jpeg\" width=\"50\" height=\"50\" \/><\/a><\/div>\r\n\n","protected":false},"excerpt":{"rendered":"","protected":false},"author":1,"featured_media":0,"parent":0,"menu_order":0,"comment_status":"closed","ping_status":"closed","template":"","meta":{"footnotes":""},"_links":{"self":[{"href":"https:\/\/www.unisantos.br\/anecbaixadasantista\/wp-json\/wp\/v2\/pages\/3651"}],"collection":[{"href":"https:\/\/www.unisantos.br\/anecbaixadasantista\/wp-json\/wp\/v2\/pages"}],"about":[{"href":"https:\/\/www.unisantos.br\/anecbaixadasantista\/wp-json\/wp\/v2\/types\/page"}],"author":[{"embeddable":true,"href":"https:\/\/www.unisantos.br\/anecbaixadasantista\/wp-json\/wp\/v2\/users\/1"}],"replies":[{"embeddable":true,"href":"https:\/\/www.unisantos.br\/anecbaixadasantista\/wp-json\/wp\/v2\/comments?post=3651"}],"version-history":[{"count":1,"href":"https:\/\/www.unisantos.br\/anecbaixadasantista\/wp-json\/wp\/v2\/pages\/3651\/revisions"}],"predecessor-version":[{"id":3682,"href":"https:\/\/www.unisantos.br\/anecbaixadasantista\/wp-json\/wp\/v2\/pages\/3651\/revisions\/3682"}],"wp:attachment":[{"href":"https:\/\/www.unisantos.br\/anecbaixadasantista\/wp-json\/wp\/v2\/media?parent=3651"}],"curies":[{"name":"wp","href":"https:\/\/api.w.org\/{rel}","templated":true}]}}